{"id":2822,"date":"2026-03-23T22:49:14","date_gmt":"2026-03-23T21:49:14","guid":{"rendered":"https:\/\/new.medesto.pl\/?page_id=2822"},"modified":"2026-03-23T23:00:39","modified_gmt":"2026-03-23T22:00:39","slug":"ginekologia","status":"publish","type":"page","link":"https:\/\/new.medesto.pl\/en\/ginekologia\/","title":{"rendered":"Ginekologia"},"content":{"rendered":"<div class=\"wp-block-group alignfull is-style-ext-preset--group--natural-1--section has-global-padding is-layout-constrained wp-container-core-group-is-layout-e955bbaf wp-block-group-is-layout-constrained\" style=\"margin-top:0;margin-bottom:0;padding-top:var(--wp--preset--spacing--70);padding-bottom:var(--wp--preset--spacing--70)\">\n<div class=\"wp-block-columns alignwide has-medium-font-size is-layout-flex wp-container-core-columns-is-layout-87beb0d0 wp-block-columns-is-layout-flex\">\n<div class=\"wp-block-column is-vertically-aligned-top is-layout-flow wp-block-column-is-layout-flow\" style=\"font-size:clamp(0.875rem, 0.875rem + ((1vw - 0.2rem) * 0.85), 1.3rem);flex-basis:2000px\">\n<div class=\"wp-block-group alignwide is-vertical is-layout-flex wp-container-core-group-is-layout-831b81bf wp-block-group-is-layout-flex\" style=\"margin-top:0;margin-bottom:0;padding-top:0;padding-right:0;padding-bottom:0;padding-left:0\">\n<div class=\"wp-block-group has-global-padding is-layout-constrained wp-container-core-group-is-layout-7bfc0ace wp-block-group-is-layout-constrained\" style=\"font-size:clamp(0.875rem, 0.875rem + ((1vw - 0.2rem) * 0.25), 1rem);\">\n<p style=\"font-size:clamp(0.875rem, 0.875rem + ((1vw - 0.2rem) * 0.85), 1.3rem);\">Na terenie naszej przychodni Medesto znajduje si\u0119 r\u00f3wnie\u017c gabinet ginekologiczny, w kt\u00f3rym przyjmuje <strong>dr n. med. Danuta Piecuch-Gelner<\/strong> \u2013 specjalista ginekologii i po\u0142o\u017cnictwa z wieloletnim do\u015bwiadczeniem. Doktor zapewnia profesjonaln\u0105, kompleksow\u0105 opiek\u0119 medyczn\u0105 w komfortowych warunkach.<\/p>\n\n\n\n<p style=\"font-size:clamp(0.875rem, 0.875rem + ((1vw - 0.2rem) * 0.85), 1.3rem);\">Do Pani Doktor prowadzone s\u0105 <strong>osobne zapisy<\/strong>. W celu um\u00f3wienia wizyty udost\u0119pniamy godziny przyj\u0119\u0107 oraz bezpo\u015bredni kontakt telefoniczny.<\/p>\n\n\n\n<p style=\"font-size:clamp(0.875rem, 0.875rem + ((1vw - 0.2rem) * 0.85), 1.3rem);\"><strong>Przyj\u0119cia:<\/strong><br>poniedzia\u0142ki i czwartki od godziny 14:00<\/p>\n\n\n\n<p style=\"font-size:clamp(0.875rem, 0.875rem + ((1vw - 0.2rem) * 0.85), 1.3rem);\"><strong>Rejestracja:<\/strong><br>501 745 330<\/p>\n<\/div>\n<\/div>\n<\/div>\n\n\n\n<div class=\"wp-block-column is-vertically-aligned-center is-layout-flow wp-block-column-is-layout-flow\" style=\"flex-basis:1000px\">\n<figure class=\"wp-block-image alignleft size-full is-resized reveal-on-scroll is-style-ext-preset--image--soft-1--image-1--content-any is-style-ext-preset--image--soft-1--image-1--content-any--2\" style=\"margin-top:0;margin-right:0;margin-bottom:0;margin-left:0\"><img fetchpriority=\"high\" decoding=\"async\" width=\"1125\" height=\"1500\" src=\"https:\/\/new.medesto.pl\/wp-content\/uploads\/2026\/03\/IMG_1058-edited.png\" alt=\"img 1058\" class=\"wp-image-2826\" style=\"aspect-ratio:3\/4;object-fit:cover;width:600px\" title=\"Ginekologia\" srcset=\"https:\/\/new.medesto.pl\/wp-content\/uploads\/2026\/03\/IMG_1058-edited.png 1125w, https:\/\/new.medesto.pl\/wp-content\/uploads\/2026\/03\/IMG_1058-edited-225x300.png 225w, https:\/\/new.medesto.pl\/wp-content\/uploads\/2026\/03\/IMG_1058-edited-768x1024.png 768w, https:\/\/new.medesto.pl\/wp-content\/uploads\/2026\/03\/IMG_1058-edited-9x12.png 9w\" sizes=\"(max-width: 1125px) 100vw, 1125px\" \/><\/figure>\n<\/div>\n<\/div>\n<\/div>","protected":false},"excerpt":{"rendered":"<p>Na terenie naszej przychodni Medesto znajduje si\u0119 r\u00f3wnie\u017c gabinet ginekologiczny, w kt\u00f3rym przyjmuje dr n. med. Danuta Piecuch-Gelner \u2013 specjalista ginekologii i po\u0142o\u017cnictwa z wieloletnim do\u015bwiadczeniem. Doktor zapewnia profesjonaln\u0105, kompleksow\u0105 opiek\u0119 medyczn\u0105 w komfortowych warunkach. Do Pani Doktor prowadzone s\u0105 osobne zapisy. W celu um\u00f3wienia wizyty udost\u0119pniamy godziny przyj\u0119\u0107 oraz bezpo\u015bredni kontakt telefoniczny. Przyj\u0119cia:poniedzia\u0142ki i [&hellip;]<\/p>","protected":false},"author":1,"featured_media":0,"parent":0,"menu_order":0,"comment_status":"closed","ping_status":"closed","template":"page-with-title","meta":{"_monsterinsights_skip_tracking":false,"_monsterinsights_sitenote_active":false,"_monsterinsights_sitenote_note":"","_monsterinsights_sitenote_category":0,"footnotes":""},"class_list":["post-2822","page","type-page","status-publish","hentry"],"aioseo_notices":[],"_links":{"self":[{"href":"https:\/\/new.medesto.pl\/en\/wp-json\/wp\/v2\/pages\/2822","targetHints":{"allow":["GET"]}}],"collection":[{"href":"https:\/\/new.medesto.pl\/en\/wp-json\/wp\/v2\/pages"}],"about":[{"href":"https:\/\/new.medesto.pl\/en\/wp-json\/wp\/v2\/types\/page"}],"author":[{"embeddable":true,"href":"https:\/\/new.medesto.pl\/en\/wp-json\/wp\/v2\/users\/1"}],"replies":[{"embeddable":true,"href":"https:\/\/new.medesto.pl\/en\/wp-json\/wp\/v2\/comments?post=2822"}],"version-history":[{"count":3,"href":"https:\/\/new.medesto.pl\/en\/wp-json\/wp\/v2\/pages\/2822\/revisions"}],"predecessor-version":[{"id":2828,"href":"https:\/\/new.medesto.pl\/en\/wp-json\/wp\/v2\/pages\/2822\/revisions\/2828"}],"wp:attachment":[{"href":"https:\/\/new.medesto.pl\/en\/wp-json\/wp\/v2\/media?parent=2822"}],"curies":[{"name":"wp","href":"https:\/\/api.w.org\/{rel}","templated":true}]}}