{"id":2723,"date":"2026-02-07T17:33:11","date_gmt":"2026-02-07T16:33:11","guid":{"rendered":"https:\/\/new.medesto.pl\/?page_id=2723"},"modified":"2026-05-03T16:43:32","modified_gmt":"2026-05-03T14:43:32","slug":"medycyna-estetyczna","status":"publish","type":"page","link":"https:\/\/new.medesto.pl\/en\/medycyna-estetyczna\/","title":{"rendered":"Medycyna estetyczna"},"content":{"rendered":"<div class=\"wp-block-group alignfull is-style-ext-preset--group--natural-1--section has-global-padding is-layout-constrained wp-container-core-group-is-layout-e955bbaf wp-block-group-is-layout-constrained\" style=\"margin-top:0;margin-bottom:0;padding-top:var(--wp--preset--spacing--70);padding-bottom:var(--wp--preset--spacing--70)\">\n<div class=\"wp-block-columns alignwide has-medium-font-size is-layout-flex wp-container-core-columns-is-layout-87beb0d0 wp-block-columns-is-layout-flex\">\n<div class=\"wp-block-column is-vertically-aligned-top is-layout-flow wp-block-column-is-layout-flow\" style=\"font-size:clamp(0.875rem, 0.875rem + ((1vw - 0.2rem) * 0.85), 1.3rem);flex-basis:2000px\">\n<div class=\"wp-block-group alignwide is-vertical is-layout-flex wp-container-core-group-is-layout-831b81bf wp-block-group-is-layout-flex\" style=\"margin-top:0;margin-bottom:0;padding-top:0;padding-right:0;padding-bottom:0;padding-left:0\">\n<div class=\"wp-block-group has-global-padding is-layout-constrained wp-container-core-group-is-layout-7bfc0ace wp-block-group-is-layout-constrained\" style=\"font-size:clamp(0.875rem, 0.875rem + ((1vw - 0.2rem) * 0.25), 1rem);\">\n<p style=\"font-size:clamp(0.875rem, 0.875rem + ((1vw - 0.2rem) * 0.85), 1.3rem);\">W naszej przychodni, obok nowoczesnej stomatologii, znajduje si\u0119 r\u00f3wnie\u017c <strong>gabinet medycyny estetycznej<\/strong>. Od lat wierzymy, \u017ce pi\u0119kny u\u015bmiech to nie tylko zdrowe i zadbane z\u0119by, ale tak\u017ce harmonia ca\u0142ej twarzy. Stomatologia i medycyna estetyczna wzajemnie si\u0119 uzupe\u0142niaj\u0105 \u2013 razem pozwalaj\u0105 osi\u0105gn\u0105\u0107 naturaln\u0105 r\u00f3wnowag\u0119, podkre\u015bli\u0107 rysy twarzy i wydoby\u0107 indywidualne pi\u0119kno ka\u017cdego Pacjenta.<\/p>\n\n\n\n<p style=\"font-size:clamp(0.875rem, 0.875rem + ((1vw - 0.2rem) * 0.85), 1.3rem);\">Dlatego postanowili\u015bmy wyj\u015b\u0107 naprzeciw oczekiwaniom naszych Pacjent\u00f3w i jako dope\u0142nienie leczenia stomatologicznego oraz pracy nad pi\u0119knym u\u015bmiechem stworzyli\u015bmy miejsce, w kt\u00f3rym zajmujemy si\u0119 subtelnym zatrzymywaniem czasu oraz popraw\u0105 jako\u015bci i wygl\u0105du sk\u00f3ry.<\/p>\n\n\n\n<p style=\"font-size:clamp(0.875rem, 0.875rem + ((1vw - 0.2rem) * 0.85), 1.3rem);\">Osob\u0105 odpowiedzialn\u0105 za medycyn\u0119 estetyczn\u0105 w naszej przychodni jest <strong>dr Izabela Frejlich<\/strong>, kt\u00f3ra w 2013 roku uko\u0144czy\u0142a studia podyplomowe z medycyny estetycznej na \u015al\u0105skim Uniwersytecie Medycznym w Katowicach. Jej szczeg\u00f3ln\u0105 pasj\u0105 s\u0105 zabiegi autologiczne oraz zabiegi z wykorzystaniem toksyny botulinowej, kt\u00f3re pozwalaj\u0105 uzyska\u0107 naturalne i harmonijne efekty odm\u0142odzenia.<\/p>\n<\/div>\n<\/div>\n<\/div>\n\n\n\n<div class=\"wp-block-column is-vertically-aligned-center is-layout-flow wp-block-column-is-layout-flow\" style=\"flex-basis:1000px\">\n<figure class=\"wp-block-image alignleft size-full is-resized reveal-on-scroll is-style-ext-preset--image--soft-1--image-1--content-any is-style-ext-preset--image--soft-1--image-1--content-any--2\" style=\"margin-top:0;margin-right:0;margin-bottom:0;margin-left:0\"><img fetchpriority=\"high\" decoding=\"async\" width=\"1707\" height=\"2560\" src=\"http:\/\/new.medesto.pl\/wp-content\/uploads\/2026\/02\/0B4A3602-scaled.jpg\" alt=\"0b4a3602\" class=\"wp-image-2724\" style=\"aspect-ratio:3\/4;object-fit:cover;width:600px\" title=\"Medycyna estetyczna\" srcset=\"https:\/\/new.medesto.pl\/wp-content\/uploads\/2026\/02\/0B4A3602-scaled.jpg 1707w, https:\/\/new.medesto.pl\/wp-content\/uploads\/2026\/02\/0B4A3602-200x300.jpg 200w, https:\/\/new.medesto.pl\/wp-content\/uploads\/2026\/02\/0B4A3602-683x1024.jpg 683w, https:\/\/new.medesto.pl\/wp-content\/uploads\/2026\/02\/0B4A3602-768x1152.jpg 768w, https:\/\/new.medesto.pl\/wp-content\/uploads\/2026\/02\/0B4A3602-1024x1536.jpg 1024w, https:\/\/new.medesto.pl\/wp-content\/uploads\/2026\/02\/0B4A3602-1365x2048.jpg 1365w, https:\/\/new.medesto.pl\/wp-content\/uploads\/2026\/02\/0B4A3602-8x12.jpg 8w\" sizes=\"(max-width: 1707px) 100vw, 1707px\" \/><\/figure>\n<\/div>\n<\/div>\n\n\n\n<div class=\"wp-block-group alignwide is-vertical is-layout-flex wp-container-core-group-is-layout-c35747d5 wp-block-group-is-layout-flex\">\n<div class=\"wp-block-group has-global-padding is-layout-constrained wp-container-core-group-is-layout-5e05634a wp-block-group-is-layout-constrained\">\n<p class=\"has-text-align-left\" style=\"font-size:clamp(0.875rem, 0.875rem + ((1vw - 0.2rem) * 0.85), 1.3rem);\"><strong>Przegl\u0105d us\u0142ug medycyny estetycznej w przychodni Medesto z podaniem zakresu i koszt\u00f3w leczenia:<br><\/strong><\/p>\n<\/div>\n<\/div>\n\n\n\n<div class=\"wp-block-columns alignwide is-layout-flex wp-container-core-columns-is-layout-28f84493 wp-block-columns-is-layout-flex\">\n<div class=\"wp-block-column is-layout-flow wp-block-column-is-layout-flow\">\n<section class=\"cennik-sekcja animate\">\n    <h2>Botox<\/h2>\n    <div class=\"pozycja\">\n      <span>Jedna okolica<\/span>\n      <span>550 z\u0142<\/span>\n    <\/div>\n    <div class=\"pozycja\">\n      <span>Dwie okolice<\/span>\n      <span>1000z\u0142<\/span>\n    <\/div>\n     <div class=\"pozycja\">\n      <span>Trzy okolice (okolica to kurze \u0142apki, lwia zmarszczka, zmarszczki poprzeczne czo\u0142a, szyja)<\/span>\n      <span>1250 z\u0142<\/span>\n    <\/div>\n       <div class=\"pozycja\">\n      <span>Leczenie nadpotliwo\u015bci d\u0142oni<\/span>\n      <span>1600 z\u0142<\/span>\n    <\/div>\n        <div class=\"pozycja\">\n      <span>Leczenie nadpotliwo\u015bci pach<\/span>\n      <span>1600 z\u0142<\/span>\n    <\/div>\n      <div class=\"pozycja\">\n      <span>Leczenie napi\u0119\u0107 mi\u0119\u015bni narz\u0105du \u017cucia (bruksizm)<\/span>\n      <span>950 z\u0142<\/span>\n    <\/div>\n  <\/section>\n  <section class=\"cennik-sekcja animate\">\n     <h2>Korekta zmarszczek kwasem hialuronowym<\/h2>\n    <div class=\"pozycja\">\n      <span>Restylane, Emervel, Neauvia (1 ampu\u0142ka)<\/span>\n      <span>1200 z\u0142<\/span>\n    <\/div>\n      <\/section>\n<section class=\"cennik-sekcja animate\">\n     <h2>Modelowanie i powi\u0119kszanie ust<\/h2>\n    <div class=\"pozycja\">\n      <span>Emervel Lips, Restylane Lips, Lip Refresh, Neauvia Lips (1 ampu\u0142ka)<\/span>\n      <span>1200 z\u0142<\/span>\n    <\/div>\n<\/section>\n<section class=\"cennik-sekcja animate\">\n     <h2>Odm\u0142adzanie d\u0142oni<\/h2>\n    <div class=\"pozycja\">\n      <span><\/span>\n      <span>750 z\u0142<\/span>\n    <\/div>\n  <\/section>\n  <section class=\"cennik-sekcja animate\">\n        <h2>Peelingi chemiczne<\/h2>\n    <div class=\"pozycja\">\n      <span>PRX-T 33 &#8211; w zale\u017cno\u015bci od ilo\u015bci okolic<\/span>\n      <span>400-600 z\u0142<\/span>\n    <\/div>\n      <\/section>\n      <section class=\"cennik-sekcja animate\">\n              <h2>Eye bag Solution\/Dark Circle Solution<\/h2>\n    <div class=\"pozycja\">\n      <span>Zabieg na obrz\u0119ki i si\u0144ce pod oczami<\/span>\n      <span>600 z\u0142<\/span>\n    <\/div>\n      <\/section>\n    <section class=\"cennik-sekcja animate\">\n        <h2>Osocze bogatop\u0142ytkowe, fibryna (1 prob\u00f3wka)<\/h2>\n        <div class=\"pozycja\">\n      <span><\/span>\n      <span>800 z\u0142<\/span>\n    <\/div>\n    <\/section>\n        <section class=\"cennik-sekcja animate\">\n        <h2>Nici PDO<\/h2>\n    <div class=\"pozycja\">\n      <span><\/span>\n      <span>cena uzale\u017cniona od rodzaju i ilo\u015bci zaimplantowanych nici<\/span>\n    <\/div>\n    <\/section>\n    <section class=\"cennik-sekcja animate\">\n     <h2>Radiofrekwencja mikroig\u0142owa VIVACE<\/h2>\n    <div class=\"pozycja\">\n      <span>Ca\u0142a twarz + szyja<\/span>\n      <span>950 z\u0142<\/span>\n    <\/div>\n      <\/section>\n          <section class=\"cennik-sekcja animate\">\n      <h2>Zabieg JUVELOOK<\/h2>\n    <div class=\"pozycja\">\n      <span>Dolna powieka, kurze \u0142apki, dolina \u0142ez<\/span>\n      <span>1200 z\u0142<\/span>\n    <\/div>\n      <\/section>\n          <section class=\"cennik-sekcja animate\">\n                                 <h2>Stymulatory tkankowe<\/h2>\n    <div class=\"pozycja\">\n      <span>Profhilo, Nucleofill, Ejal 40<\/span>\n      <span>Cena uzale\u017cniona od rodzaju preparatu i ilo\u015bci planowanych zabieg\u00f3w<\/span>\n    <\/div>\n      <\/section>\n          <section class=\"cennik-sekcja animate\">\n           <h2>Zabieg AUTOLOGIX &#8211; egzosomy w zag\u0119szczonym ososczu<\/h2>\n          <div class=\"pozycja\">\n      <span><\/span>\n      <span>3000 z\u0142<\/span>\n    <\/div>\n          <\/section>\n    <section class=\"cennik-sekcja animate\">\n                               <h2>Mezoterapia &#8211; Neauvia Hydro Deluxe<\/h2>\n    <div class=\"pozycja\">\n      <span>Cena uzale\u017cniona od ilo\u015bci preparatu i metody podawania (ig\u0142a, kaniula, urz\u0105dzenie do podawania Derma Shine Pro)<\/span>\n      <span>850-1250 z\u0142<\/span>\n    <\/div>\n    <\/section>\n<\/div>\n<\/div>\n<\/div>","protected":false},"excerpt":{"rendered":"<p>W naszej przychodni, obok nowoczesnej stomatologii, znajduje si\u0119 r\u00f3wnie\u017c gabinet medycyny estetycznej. Od lat wierzymy, \u017ce pi\u0119kny u\u015bmiech to nie tylko zdrowe i zadbane z\u0119by, ale tak\u017ce harmonia ca\u0142ej twarzy. Stomatologia i medycyna estetyczna wzajemnie si\u0119 uzupe\u0142niaj\u0105 \u2013 razem pozwalaj\u0105 osi\u0105gn\u0105\u0107 naturaln\u0105 r\u00f3wnowag\u0119, podkre\u015bli\u0107 rysy twarzy i wydoby\u0107 indywidualne pi\u0119kno ka\u017cdego Pacjenta. Dlatego postanowili\u015bmy wyj\u015b\u0107 [&hellip;]<\/p>","protected":false},"author":1,"featured_media":0,"parent":0,"menu_order":0,"comment_status":"closed","ping_status":"closed","template":"page-with-title","meta":{"_monsterinsights_skip_tracking":false,"_monsterinsights_sitenote_active":false,"_monsterinsights_sitenote_note":"","_monsterinsights_sitenote_category":0,"footnotes":""},"class_list":["post-2723","page","type-page","status-publish","hentry"],"aioseo_notices":[],"_links":{"self":[{"href":"https:\/\/new.medesto.pl\/en\/wp-json\/wp\/v2\/pages\/2723","targetHints":{"allow":["GET"]}}],"collection":[{"href":"https:\/\/new.medesto.pl\/en\/wp-json\/wp\/v2\/pages"}],"about":[{"href":"https:\/\/new.medesto.pl\/en\/wp-json\/wp\/v2\/types\/page"}],"author":[{"embeddable":true,"href":"https:\/\/new.medesto.pl\/en\/wp-json\/wp\/v2\/users\/1"}],"replies":[{"embeddable":true,"href":"https:\/\/new.medesto.pl\/en\/wp-json\/wp\/v2\/comments?post=2723"}],"version-history":[{"count":23,"href":"https:\/\/new.medesto.pl\/en\/wp-json\/wp\/v2\/pages\/2723\/revisions"}],"predecessor-version":[{"id":2832,"href":"https:\/\/new.medesto.pl\/en\/wp-json\/wp\/v2\/pages\/2723\/revisions\/2832"}],"wp:attachment":[{"href":"https:\/\/new.medesto.pl\/en\/wp-json\/wp\/v2\/media?parent=2723"}],"curies":[{"name":"wp","href":"https:\/\/api.w.org\/{rel}","templated":true}]}}