{"id":2685,"date":"2026-02-04T22:56:58","date_gmt":"2026-02-04T21:56:58","guid":{"rendered":"https:\/\/new.medesto.pl\/?page_id=2685"},"modified":"2026-02-06T19:58:43","modified_gmt":"2026-02-06T18:58:43","slug":"standardy-ochrony-maloletnich","status":"publish","type":"page","link":"https:\/\/new.medesto.pl\/en\/standardy-ochrony-maloletnich\/","title":{"rendered":"Standardy ochrony ma\u0142oletnich"},"content":{"rendered":"<div class=\"wp-block-group alignfull is-style-ext-preset--group--natural-1--section has-global-padding is-layout-constrained wp-container-core-group-is-layout-e955bbaf wp-block-group-is-layout-constrained\" style=\"margin-top:0;margin-bottom:0;padding-top:var(--wp--preset--spacing--70);padding-bottom:var(--wp--preset--spacing--70);font-size:clamp(0.875rem, 0.875rem + ((1vw - 0.2rem) * 0.85), 1.3rem);\">\n<div class=\"wp-block-columns alignwide has-medium-font-size is-layout-flex wp-container-core-columns-is-layout-87beb0d0 wp-block-columns-is-layout-flex\">\n<div class=\"wp-block-column is-vertically-aligned-top is-layout-flow wp-block-column-is-layout-flow\" style=\"font-size:clamp(0.875rem, 0.875rem + ((1vw - 0.2rem) * 0.85), 1.3rem);flex-basis:2000px\">\n<div class=\"wp-block-group alignwide is-vertical is-layout-flex wp-container-core-group-is-layout-831b81bf wp-block-group-is-layout-flex\" style=\"margin-top:0;margin-bottom:0;padding-top:0;padding-right:0;padding-bottom:0;padding-left:0\">\n<div class=\"wp-block-group has-global-padding is-layout-constrained wp-container-core-group-is-layout-7bfc0ace wp-block-group-is-layout-constrained\" style=\"font-size:clamp(0.875rem, 0.875rem + ((1vw - 0.2rem) * 0.85), 1.3rem);\">\n<p>Elementy sk\u0142adaj\u0105ce si\u0119 na dokument \u2013 Standardy ochrony ma\u0142oletnich okre\u015bli\u0142 art. 22c ustawy z dnia 13 maja 2016 r. o przeciwdzia\u0142aniu zagro\u017ceniom przest\u0119pczo\u015bci\u0105 na tle seksualnym i ochronie ma\u0142oletnich.<\/p>\n\n\n\n<p>Plac\u00f3wka MEDESTO Gabinety Stomatologiczne z siedzib\u0105 w Olkuszu jako plac\u00f3wka medyczna, do kt\u00f3rej ucz\u0119szczaj\u0105 ma\u0142oletni zobowi\u0105zuje si\u0119 do uregulowania standard\u00f3w ochrony ma\u0142oletnich w poni\u017cszym dokumencie.<\/p>\n\n\n\n<h3 class=\"wp-block-heading\">1. Zasady zapewniaj\u0105ce bezpieczne relacje mi\u0119dzy ma\u0142oletnim a personelem plac\u00f3wki i zachowania niedozwolone wobec ma\u0142oletnich:<\/h3>\n\n\n\n<ol class=\"wp-block-list\">\n<li>Personel medyczny ma obowi\u0105zek umo\u017cliwi\u0107 obecno\u015b\u0107 rodzica lub opiekuna prawnego podczas wykonywania czynno\u015bci diagnostycznych i leczniczych osoby ma\u0142oletniej. Jest to najwa\u017cniejszy element, kt\u00f3ry zapewnia ma\u0142oletniemu pacjentowi niezb\u0119dne poczucie bezpiecze\u0144stwa i komfortu. Ponadto to w\u0142a\u015bnie rodzice lub osoby sprawuj\u0105ce opiek\u0119 nad ma\u0142oletnim najlepiej znaj\u0105 jego potrzeby i zachowania.<\/li>\n\n\n\n<li>Personel medyczny powinien w miar\u0119 mo\u017cliwo\u015bci uwzgl\u0119dnia\u0107 zg\u0142aszane indywidualne potrzeby ma\u0142oletniego pacjenta zapewniaj\u0105ce mu dodatkowy komfort korzystania ze \u015bwiadcze\u0144 zdrowotnych, o ile nie stoj\u0105 one w sprzeczno\u015bci z prawid\u0142owym wykonaniem \u015bwiadczenia zdrowotnego (np. prawo do wniesienia do gabinetu stomatologicznego niewielkiej zabawki, maskotki itp.).<\/li>\n\n\n\n<li>Personel medyczny powinien pozwoli\u0107 ma\u0142oletniemu pacjentowi na wypowiadanie si\u0119 w kwestii planowanych lub udzielanych mu \u015bwiadcze\u0144 opieki zdrowotnej ochrony zdrowia. Pacjent powy\u017cej 16 roku \u017cycia ma prawo do pe\u0142nej informacji medycznej i decydowania o procesie diagnostyczno-terapeutycznym.<\/li>\n\n\n\n<li>Personel medyczny powinien zachowa\u0107 wyrozumia\u0142o\u015b\u0107 w relacjach z ma\u0142oletnimi pacjentami, ich przedstawicielami ustawowymi i opiekunami prawnymi pami\u0119taj\u0105c, \u017ce w niekt\u00f3rych sytuacjach mog\u0105 znajdowa\u0107 si\u0119 poza stref\u0105 swojego komfortu, szczeg\u00f3lnie podczas \u015bwiadcze\u0144 zdrowotnych takich jak ekstrakcja z\u0119ba czy leczenie pacjenta zg\u0142aszaj\u0105cego si\u0119 z nasilonym b\u00f3lem.<\/li>\n\n\n\n<li>Niedozwolone s\u0105 wszelkie zachowania personelu plac\u00f3wki medycznej, kt\u00f3re mia\u0142yby na celu wywo\u0142anie u ma\u0142oletniego pacjenta strachu, poczucia zagro\u017cenia lub przymusu podczas udzielania \u015bwiadcze\u0144 zdrowotnych. Niedozwolone jest wymuszanie na ma\u0142oletnim pacjencie okre\u015blonych zachowa\u0144 czy wsp\u00f3\u0142pracy z personelem medycznym przy pomocy krzyku. Personel medyczny nie powinien pozwala\u0107 na to, aby tego rodzaju metody stosowane by\u0142y tak\u017ce w plac\u00f3wce medycznej przez przedstawicieli ustawowych lub opiekun\u00f3w prawnych ma\u0142oletniego pacjenta.<\/li>\n<\/ol>\n\n\n\n<h3 class=\"wp-block-heading\">2. Zasady i procedura podejmowania interwencji w sytuacji podejrzenia krzywdzenia lub posiadania informacji o krzywdzeniu ma\u0142oletniego:<\/h3>\n\n\n\n<ol class=\"wp-block-list\">\n<li>Personel naszej plac\u00f3wki zwraca uwag\u0119 na sygna\u0142y, objawy i \u015blady \u015bwiadcz\u0105ce o podejrzeniu krzywdzenia ma\u0142oletniego pacjenta.<\/li>\n\n\n\n<li>Ka\u017cda osoba b\u0119d\u0105ca cz\u0142onkiem personelu naszej plac\u00f3wki jest zobowi\u0105zana i uprawniona do reagowania, w przypadku podejrzenia, \u017ce ma\u0142oletni pacjent jest krzywdzony.<\/li>\n\n\n\n<li>\u0179r\u00f3d\u0142em krzywdy dziecka mo\u017ce by\u0107 zachowanie rodzic\u00f3w, opiekun\u00f3w prawnych, innej osoby bliskiej dla ma\u0142oletniego, a tak\u017ce zachowanie os\u00f3b trzecich.<\/li>\n\n\n\n<li>Krzywda ma\u0142oletniego dziecka mo\u017ce przejawia\u0107 si\u0119 w szczeg\u00f3lno\u015bci poprzez:\n<ul class=\"wp-block-list\">\n<li>pope\u0142nienie przest\u0119pstwa na szkod\u0119 ma\u0142oletniego (np. przemoc fizyczna, wykorzystywanie seksualne),<\/li>\n\n\n\n<li>krzywdzenie w inny spos\u00f3b (np. przemoc psychiczna, zastraszanie, poni\u017canie),<\/li>\n\n\n\n<li>ewidentne zaniedbywanie potrzeb \u017cyciowych, bytowych i higienicznych (niedo\u017cywienie, brak warunk\u00f3w higienicznych, niezapewnienie niezb\u0119dnej opieki, brak odzie\u017cy).<\/li>\n<\/ul>\n<\/li>\n\n\n\n<li>W przypadku podejrzenia, \u017ce pope\u0142niono przest\u0119pstwo na szkod\u0119 ma\u0142oletniego pacjenta nale\u017cy z\u0142o\u017cy\u0107 zawiadomienie na Policj\u0119 lub do prokuratury. W przypadku podejrzenia, \u017ce \u017cycie lub zdrowie ma\u0142oletniego pacjenta jest zagro\u017cone z uwagi na stosowanie wobec niego przemocy domowej, personel plac\u00f3wki medycznej niezw\u0142ocznie zg\u0142asza ten fakt na Policj\u0119.<\/li>\n\n\n\n<li>W przypadku uzasadnionego podejrzenia, \u017ce ma\u0142oletni doznaje innej formy krzywdzenia, o kt\u00f3rej mowa w ustawie z dnia 29 lipca 2005 r. o przeciwdzia\u0142aniu przemocy domowej (tj. dzia\u0142aniom naruszaj\u0105cym jego prawa lub dobra osobiste przez wykorzystanie przewagi fizycznej, psychicznej lub ekonomicznej, w szczeg\u00f3lno\u015bci zachowania naruszaj\u0105ce godno\u015b\u0107, nietykalno\u015b\u0107 cielesn\u0105 lub wolno\u015b\u0107, w tym seksualn\u0105, powoduj\u0105ce szkody na zdrowiu fizycznym lub psychicznym, wywo\u0142uj\u0105ce cierpienie lub krzywd\u0119 lub wzbudzaj\u0105ce poczucie zagro\u017cenia, poni\u017cenia lub udr\u0119czenia), personel medyczny jest uprawniony do wszcz\u0119cia procedury \u201eNiebieskie Karty\u201d.<\/li>\n\n\n\n<li>W pozosta\u0142ych przypadkach podejrzenia krzywdzenia ma\u0142oletniego pacjenta (np. zaniedbanie potrzeb \u017cyciowych, bytowych i higienicznych dziecka) plac\u00f3wka medyczna mo\u017ce wyst\u0105pi\u0107 do jednostek organizacyjnych pomocy spo\u0142ecznej w celu udzielenia wsparcia lub do s\u0105du rodzinnego o wgl\u0105d w sytuacj\u0119 dziecka oraz w sytuacj\u0119 rodziny.<\/li>\n<\/ol>\n\n\n\n<h3 class=\"wp-block-heading\">3. Procedury i osoby odpowiedzialne za sk\u0142adanie zawiadomie\u0144:<\/h3>\n\n\n\n<ol class=\"wp-block-list\">\n<li>Wszelkie informacje dotycz\u0105ce podejrzenia krzywdzenia ma\u0142oletniego pacjenta personel plac\u00f3wki medycznej zg\u0142asza kierownikowi plac\u00f3wki \u2013 lek. dent. Izabeli Frejlich lub osobie przez niego upowa\u017cnionej.<\/li>\n\n\n\n<li>Za wszcz\u0119cie odpowiedniej procedury zwi\u0105zanej z podejrzeniem krzywdzenia dziecka i za zawiadomienie w\u0142a\u015bciwych organ\u00f3w publicznych odpowiedzialny jest kierownik plac\u00f3wki medycznej \u2013 lek. dent. Izabela Frejlich lub osoba przez niego upowa\u017cniona, z zastrze\u017ceniem, \u017ce procedur\u0119 \u201eNiebieskie Karty\u201d mo\u017ce wszcz\u0105\u0107 jedynie osoba wykonuj\u0105ca w plac\u00f3wce medycznej zaw\u00f3d medyczny.<\/li>\n<\/ol>\n\n\n\n<h3 class=\"wp-block-heading\">4. Zasady przegl\u0105du i aktualizacji standard\u00f3w:<\/h3>\n\n\n\n<ol class=\"wp-block-list\">\n<li>Niniejsze Standardy ochrony ma\u0142oletnich co najmniej raz na dwa lata podlegaj\u0105 analizie pod k\u0105tem oceny ich dostosowania do aktualnych potrzeb, rodzaju i skali dzia\u0142alno\u015bci plac\u00f3wki medycznej oraz zgodno\u015bci z przepisami. Wnioski z analizy b\u0119d\u0105 ka\u017cdorazowo podstaw\u0105 do ewentualnej zmiany Standard\u00f3w ochrony ma\u0142oletnich.<\/li>\n\n\n\n<li>Niniejsze Standardy ochrony ma\u0142oletnich s\u0105 umieszczone na stronie internetowej plac\u00f3wki medycznej oraz umieszczone w og\u00f3lnodost\u0119pnym miejscu w siedzibie prowadzenia dzia\u0142alno\u015bci.<\/li>\n<\/ol>\n\n\n\n<h3 class=\"wp-block-heading\">5. Zasady udost\u0119pniania standard\u00f3w:<\/h3>\n\n\n\n<p>Niniejsze Standardy ochrony ma\u0142oletnich s\u0105 umieszczone na stronie internetowej plac\u00f3wki medycznej oraz umieszczone w og\u00f3lnodost\u0119pnym miejscu w siedzibie prowadzenia dzia\u0142alno\u015bci.<\/p>\n\n\n\n<h3 class=\"wp-block-heading\">6. Osoby odpowiedzialne za przyjmowanie zg\u0142osze\u0144 i udzielenie wsparcia:<\/h3>\n\n\n\n<ol class=\"wp-block-list\">\n<li>Za wszcz\u0119cie odpowiedniej procedury zwi\u0105zan\u0105 z podejrzeniem krzywdzenia dziecka i za zawiadomienie w\u0142a\u015bciwych organ\u00f3w publicznych odpowiedzialny jest kierownik plac\u00f3wki medycznej \u2013 lek. dent. Izabela Frejlich lub osoba przez niego upowa\u017cniona.<\/li>\n\n\n\n<li>Ka\u017cda osoba zatrudniona w plac\u00f3wce medycznej, niezale\u017cnie od formy prawnej, w jakiej zosta\u0142a zatrudniona, potwierdza na pi\u015bmie, \u017ce zapozna\u0142a si\u0119 ze Standardami ochrony ma\u0142oletnich i zobowi\u0105zuje si\u0119 je stosowa\u0107.<\/li>\n<\/ol>\n\n\n\n<h3 class=\"wp-block-heading\">7. Dokumentowanie i zasady przechowywania zg\u0142osze\u0144:<\/h3>\n\n\n\n<p style=\"font-size:clamp(0.875rem, 0.875rem + ((1vw - 0.2rem) * 0.85), 1.3rem);\">Zg\u0142oszone zdarzenia wskazuj\u0105ce na podejrzenie krzywdzenia ma\u0142oletniego pacjenta przechowuje kierownik plac\u00f3wki medycznej, w szczeg\u00f3lno\u015bci przechowywane s\u0105 zg\u0142oszenia i zawiadomienia do organ\u00f3w pa\u0144stwowych.<\/p>\n<\/div>\n<\/div>\n<\/div>\n<\/div>\n<\/div>\n\n\n\n\n\n<p><\/p>","protected":false},"excerpt":{"rendered":"<p>Elementy sk\u0142adaj\u0105ce si\u0119 na dokument \u2013 Standardy ochrony ma\u0142oletnich okre\u015bli\u0142 art. 22c ustawy z dnia 13 maja 2016 r. o przeciwdzia\u0142aniu zagro\u017ceniom przest\u0119pczo\u015bci\u0105 na tle seksualnym i ochronie ma\u0142oletnich. Plac\u00f3wka MEDESTO Gabinety Stomatologiczne z siedzib\u0105 w Olkuszu jako plac\u00f3wka medyczna, do kt\u00f3rej ucz\u0119szczaj\u0105 ma\u0142oletni zobowi\u0105zuje si\u0119 do uregulowania standard\u00f3w ochrony ma\u0142oletnich w poni\u017cszym dokumencie. 1. [&hellip;]<\/p>","protected":false},"author":1,"featured_media":0,"parent":0,"menu_order":0,"comment_status":"closed","ping_status":"closed","template":"page-with-title","meta":{"_monsterinsights_skip_tracking":false,"_monsterinsights_sitenote_active":false,"_monsterinsights_sitenote_note":"","_monsterinsights_sitenote_category":0,"footnotes":""},"class_list":["post-2685","page","type-page","status-publish","hentry"],"aioseo_notices":[],"_links":{"self":[{"href":"https:\/\/new.medesto.pl\/en\/wp-json\/wp\/v2\/pages\/2685","targetHints":{"allow":["GET"]}}],"collection":[{"href":"https:\/\/new.medesto.pl\/en\/wp-json\/wp\/v2\/pages"}],"about":[{"href":"https:\/\/new.medesto.pl\/en\/wp-json\/wp\/v2\/types\/page"}],"author":[{"embeddable":true,"href":"https:\/\/new.medesto.pl\/en\/wp-json\/wp\/v2\/users\/1"}],"replies":[{"embeddable":true,"href":"https:\/\/new.medesto.pl\/en\/wp-json\/wp\/v2\/comments?post=2685"}],"version-history":[{"count":6,"href":"https:\/\/new.medesto.pl\/en\/wp-json\/wp\/v2\/pages\/2685\/revisions"}],"predecessor-version":[{"id":2715,"href":"https:\/\/new.medesto.pl\/en\/wp-json\/wp\/v2\/pages\/2685\/revisions\/2715"}],"wp:attachment":[{"href":"https:\/\/new.medesto.pl\/en\/wp-json\/wp\/v2\/media?parent=2685"}],"curies":[{"name":"wp","href":"https:\/\/api.w.org\/{rel}","templated":true}]}}