{"id":2683,"date":"2026-02-06T19:53:10","date_gmt":"2026-02-06T18:53:10","guid":{"rendered":"https:\/\/new.medesto.pl\/?page_id=2683"},"modified":"2026-02-06T20:08:44","modified_gmt":"2026-02-06T19:08:44","slug":"polityka-prywatnosci","status":"publish","type":"page","link":"https:\/\/new.medesto.pl\/en\/polityka-prywatnosci\/","title":{"rendered":"Polityka prywatno\u015bci"},"content":{"rendered":"<div class=\"wp-block-group alignfull is-style-ext-preset--group--natural-1--section has-global-padding is-layout-constrained wp-container-core-group-is-layout-e955bbaf wp-block-group-is-layout-constrained\" style=\"margin-top:0;margin-bottom:0;padding-top:var(--wp--preset--spacing--70);padding-bottom:var(--wp--preset--spacing--70)\">\n<div class=\"wp-block-columns alignwide has-medium-font-size is-layout-flex wp-container-core-columns-is-layout-87beb0d0 wp-block-columns-is-layout-flex\">\n<div class=\"wp-block-column is-vertically-aligned-top is-layout-flow wp-block-column-is-layout-flow\" style=\"font-size:clamp(0.875rem, 0.875rem + ((1vw - 0.2rem) * 0.85), 1.3rem);flex-basis:2000px\">\n<div class=\"wp-block-group alignwide is-vertical is-layout-flex wp-container-core-group-is-layout-831b81bf wp-block-group-is-layout-flex\" style=\"margin-top:0;margin-bottom:0;padding-top:0;padding-right:0;padding-bottom:0;padding-left:0\">\n<div class=\"wp-block-group has-global-padding is-layout-constrained wp-container-core-group-is-layout-7bfc0ace wp-block-group-is-layout-constrained\" style=\"font-size:clamp(0.875rem, 0.875rem + ((1vw - 0.2rem) * 0.25), 1rem);\">\n<p style=\"font-size:clamp(0.875rem, 0.875rem + ((1vw - 0.2rem) * 0.85), 1.3rem);\">Szanowni Pacjenci,<\/p>\n\n\n\n<p style=\"font-size:clamp(0.875rem, 0.875rem + ((1vw - 0.2rem) * 0.85), 1.3rem);\">Zgodnie z obowi\u0105zuj\u0105cymi przepisami w zakresie ochrony danych osobowych informujemy:<sup><\/sup><sup><\/sup><sup><\/sup><sup><\/sup><sup><\/sup><sup><\/sup><sup><\/sup><sup><\/sup><\/p>\n\n\n\n<p style=\"font-size:clamp(0.875rem, 0.875rem + ((1vw - 0.2rem) * 0.85), 1.3rem);\">Dane udost\u0119pnione przez Pa\u0144stwa nie b\u0119d\u0105 podlega\u0142y profilowaniu.<\/p>\n\n\n\n<p style=\"font-size:clamp(0.875rem, 0.875rem + ((1vw - 0.2rem) * 0.85), 1.3rem);\">Administratorem Pa\u0144stwa danych osobowych jest <strong>&#8222;MEDESTO Medycyna, Stomatologia \u2013 Wielospecjalistyczna Poradnia Stomatologiczna&#8221;<\/strong>, 32-300 Olkusz, ul. K.K. Wielkiego 63, NIP 637-137-86-41.<\/p>\n\n\n\n<p style=\"font-size:clamp(0.875rem, 0.875rem + ((1vw - 0.2rem) * 0.85), 1.3rem);\">Inspektorem Ochrony Danych jest Izabela Frejlich, e-mail: iod@medesto.pl.<\/p>\n\n\n\n<p style=\"font-size:clamp(0.875rem, 0.875rem + ((1vw - 0.2rem) * 0.85), 1.3rem);\">Pa\u0144stwa dane osobowe przetwarzane b\u0119d\u0105 w celach: udzielania \u015bwiadcze\u0144 zdrowotnych, wystawiania faktur za \u015bwiadczenia, rejestracji i identyfikacji pacjenta, komunikacji w formie telefonicznej lub sms, realizacji obowi\u0105zku sprawozdawczo\u015bci statystycznej, udost\u0119pniania dokumentacji medycznej Pa\u0144stwowej Inspekcji Sanitarnej.<\/p>\n\n\n\n<p style=\"font-size:clamp(0.875rem, 0.875rem + ((1vw - 0.2rem) * 0.85), 1.3rem);\">Podstawa prawna: art. 6 ust. 1 c i art. 9 ust. 2 lit. h Rozporz\u0105dzenia Parlamentu Europejskiego i Rady (UE) 2016\/679 z dnia 27 kwietnia 2016r. w sprawie ochrony os\u00f3b fizycznych w zwi\u0105zku z przetwarzaniem danych osobowych i w sprawie swobodnego przep\u0142ywu takich danych oraz uchylenia dyrektywy 95\/46\/WE (og\u00f3lne rozporz\u0105dzenie o ochronie danych) oraz art. 6 ust. 1 lit. d i art. 9 ust. 2 lit. c w zakresie ochrony \u017cywotnych interes\u00f3w Pacjenta, w zwi\u0105zku z art. 3 ust. 1 Ustawy z dnia 15 kwietnia 2011r. o dzia\u0142alno\u015bci leczniczej oraz Rozdzia\u0142em VII Ustawy z dnia 6 listopada 2008r. o prawach pacjenta i Rzeczniku Praw Pacjenta.<\/p>\n\n\n\n<p style=\"font-size:clamp(0.875rem, 0.875rem + ((1vw - 0.2rem) * 0.85), 1.3rem);\">Dane udost\u0119pniane przez Pa\u0144stwa nie b\u0119d\u0105 podlega\u0142y udost\u0119pnianiu podmiotom trzecim, niezwi\u0105zanym z realizacj\u0105 \u015bwiadcze\u0144 lub nieupowa\u017cnionym z mocy prawa. Odbiorcami danych b\u0119d\u0105 tylko podwykonawcy medyczni oraz instytucje upowa\u017cnione z mocy prawa.<\/p>\n\n\n\n<p style=\"font-size:clamp(0.875rem, 0.875rem + ((1vw - 0.2rem) * 0.85), 1.3rem);\">Pa\u0144stwa dane osobowe nie b\u0119d\u0105 przekazywane do pa\u0144stw znajduj\u0105cych si\u0119 poza Europejskim Obszarem Gospodarczym.<\/p>\n\n\n\n<p style=\"font-size:clamp(0.875rem, 0.875rem + ((1vw - 0.2rem) * 0.85), 1.3rem);\">Pa\u0144stwa dane osobowe b\u0119d\u0105 przechowywane zgodnie z zasadami przechowywania dokumentacji medycznej przez okres 20 lat, licz\u0105c od ko\u0144ca roku kalendarzowego, w kt\u00f3rym dokonano ostatniego wpisu w dokumentacji medycznej.<\/p>\n\n\n\n<p style=\"font-size:clamp(0.875rem, 0.875rem + ((1vw - 0.2rem) * 0.85), 1.3rem);\">Posiadaj\u0105 Pa\u0144stwo prawo do: a) \u017c\u0105dania od administratora dost\u0119pu do swoich danych osobowych, ich sprostowania, usuni\u0119cia lub ograniczenia przetwarzania, wniesienia sprzeciwu wobec przetwarzania, a tak\u017ce do przenoszenia danych; b) wniesienia skargi do organu nadzorczego \u2013 Prezesa Urz\u0119du Ochrony Danych Osobowych.<\/p>\n\n\n\n<p style=\"font-size:clamp(0.875rem, 0.875rem + ((1vw - 0.2rem) * 0.85), 1.3rem);\">Podanie danych jest dobrowolne, jednak\u017ce ich niepodanie b\u0119dzie skutkowa\u0142o niemo\u017cno\u015bci\u0105 wykonania us\u0142ugi medycznej.<\/p>\n<\/div>\n<\/div>\n<\/div>\n<\/div>\n<\/div>\n\n\n\n<p><\/p>","protected":false},"excerpt":{"rendered":"<p>Szanowni Pacjenci, Zgodnie z obowi\u0105zuj\u0105cymi przepisami w zakresie ochrony danych osobowych informujemy: Dane udost\u0119pnione przez Pa\u0144stwa nie b\u0119d\u0105 podlega\u0142y profilowaniu. Administratorem Pa\u0144stwa danych osobowych jest &#8222;MEDESTO Medycyna, Stomatologia \u2013 Wielospecjalistyczna Poradnia Stomatologiczna&#8221;, 32-300 Olkusz, ul. K.K. Wielkiego 63, NIP 637-137-86-41. Inspektorem Ochrony Danych jest Izabela Frejlich, e-mail: iod@medesto.pl. Pa\u0144stwa dane osobowe przetwarzane b\u0119d\u0105 w celach: [&hellip;]<\/p>","protected":false},"author":1,"featured_media":0,"parent":0,"menu_order":0,"comment_status":"closed","ping_status":"closed","template":"page-with-title","meta":{"_monsterinsights_skip_tracking":false,"_monsterinsights_sitenote_active":false,"_monsterinsights_sitenote_note":"","_monsterinsights_sitenote_category":0,"footnotes":""},"class_list":["post-2683","page","type-page","status-publish","hentry"],"aioseo_notices":[],"_links":{"self":[{"href":"https:\/\/new.medesto.pl\/en\/wp-json\/wp\/v2\/pages\/2683","targetHints":{"allow":["GET"]}}],"collection":[{"href":"https:\/\/new.medesto.pl\/en\/wp-json\/wp\/v2\/pages"}],"about":[{"href":"https:\/\/new.medesto.pl\/en\/wp-json\/wp\/v2\/types\/page"}],"author":[{"embeddable":true,"href":"https:\/\/new.medesto.pl\/en\/wp-json\/wp\/v2\/users\/1"}],"replies":[{"embeddable":true,"href":"https:\/\/new.medesto.pl\/en\/wp-json\/wp\/v2\/comments?post=2683"}],"version-history":[{"count":4,"href":"https:\/\/new.medesto.pl\/en\/wp-json\/wp\/v2\/pages\/2683\/revisions"}],"predecessor-version":[{"id":2718,"href":"https:\/\/new.medesto.pl\/en\/wp-json\/wp\/v2\/pages\/2683\/revisions\/2718"}],"wp:attachment":[{"href":"https:\/\/new.medesto.pl\/en\/wp-json\/wp\/v2\/media?parent=2683"}],"curies":[{"name":"wp","href":"https:\/\/api.w.org\/{rel}","templated":true}]}}