{"id":2565,"date":"2026-01-17T20:44:55","date_gmt":"2026-01-17T19:44:55","guid":{"rendered":"http:\/\/new.medesto.pl\/?page_id=2565"},"modified":"2026-02-07T21:55:26","modified_gmt":"2026-02-07T20:55:26","slug":"wybielanie-zebow","status":"publish","type":"page","link":"https:\/\/new.medesto.pl\/en\/wybielanie-zebow\/","title":{"rendered":"Wybielanie z\u0119b\u00f3w"},"content":{"rendered":"<div class=\"wp-block-group alignfull is-style-ext-preset--group--natural-1--section has-global-padding is-layout-constrained wp-container-core-group-is-layout-e955bbaf wp-block-group-is-layout-constrained\" style=\"margin-top:0;margin-bottom:0;padding-top:var(--wp--preset--spacing--70);padding-bottom:var(--wp--preset--spacing--70)\">\n<div class=\"wp-block-columns alignwide has-medium-font-size is-layout-flex wp-container-core-columns-is-layout-87beb0d0 wp-block-columns-is-layout-flex\">\n<div class=\"wp-block-column is-vertically-aligned-top is-layout-flow wp-block-column-is-layout-flow\" style=\"flex-basis:2000px\">\n<div class=\"wp-block-group alignwide is-vertical is-layout-flex wp-container-core-group-is-layout-831b81bf wp-block-group-is-layout-flex\" style=\"margin-top:0;margin-bottom:0;padding-top:0;padding-right:0;padding-bottom:0;padding-left:0\">\n<div class=\"wp-block-group has-global-padding is-layout-constrained wp-container-core-group-is-layout-7bfc0ace wp-block-group-is-layout-constrained\" style=\"font-size:clamp(0.875rem, 0.875rem + ((1vw - 0.2rem) * 0.25), 1rem);\">\n<p style=\"font-size:clamp(0.875rem, 0.875rem + ((1vw - 0.2rem) * 0.85), 1.3rem);\">W gabinecie stomatologicznym <strong>Medesto<\/strong> stawiamy przede wszystkim na <strong>wybielanie nak\u0142adkowe<\/strong>, kt\u00f3re w razie potrzeby mo\u017ce by\u0107 dodatkowo <strong>wspomagane wybielaniem lamp\u0105 w gabinecie<\/strong>. To bezpieczna, skuteczna i komfortowa metoda pozwalaj\u0105ca uzyska\u0107 naturalnie ja\u015bniejszy u\u015bmiech.<\/p>\n\n\n\n<p style=\"font-size:clamp(0.875rem, 0.875rem + ((1vw - 0.2rem) * 0.85), 1.3rem);\">Wybielanie nak\u0142adkowe odbywa si\u0119 <strong>samodzielnie w domu<\/strong>, wed\u0142ug indywidualnych zalece\u0144 lekarza. Proces wymaga jedynie kilku wizyt w gabinecie:<\/p>\n\n\n\n<ol style=\"font-size:clamp(0.875rem, 0.875rem + ((1vw - 0.2rem) * 0.85), 1.3rem);\" class=\"wp-block-list\">\n<li><strong>Skanowanie jamy ustnej<\/strong> w celu przygotowania indywidualnych nak\u0142adek przez technika,<\/li>\n\n\n\n<li style=\"font-size:clamp(0.875rem, 0.875rem + ((1vw - 0.2rem) * 0.85), 1.3rem);\"><strong>Wizyta z oddaniem nak\u0142adek<\/strong> oraz preparat\u00f3w wybielaj\u0105cych, a cz\u0119sto tak\u017ce \u015brodk\u00f3w zmniejszaj\u0105cych nadwra\u017cliwo\u015b\u0107,<\/li>\n\n\n\n<li><strong>Wizyty kontrolne<\/strong>, kt\u00f3rych liczba zale\u017cy od indywidualnych potrzeb pacjenta.<\/li>\n<\/ol>\n\n\n\n<p style=\"font-size:clamp(0.875rem, 0.875rem + ((1vw - 0.2rem) * 0.85), 1.3rem);\">Przed rozpocz\u0119ciem wybielania konieczna jest <strong>pozytywna kwalifikacja<\/strong> \u2013 wszystkie z\u0119by musz\u0105 by\u0107 wyleczone, a wcze\u015bniej powinna zosta\u0107 wykonana <strong>higienizacja<\/strong>. Dzi\u0119ki temu zabieg jest nie tylko skuteczny, ale przede wszystkim bezpieczny.<\/p>\n<\/div>\n<\/div>\n<\/div>\n\n\n\n<div class=\"wp-block-column is-vertically-aligned-center is-layout-flow wp-block-column-is-layout-flow\" style=\"flex-basis:1000px\">\n<figure class=\"wp-block-image alignleft size-full reveal-on-scroll is-style-ext-preset--image--soft-1--image-1--content-any is-style-ext-preset--image--soft-1--image-1--content-any--2\" style=\"margin-top:0;margin-right:0;margin-bottom:0;margin-left:0\"><img fetchpriority=\"high\" decoding=\"async\" width=\"1707\" height=\"2560\" src=\"http:\/\/new.medesto.pl\/wp-content\/uploads\/2026\/02\/pexels-karola-g-6627599-scaled.jpg\" alt=\"pexels karola g 6627599\" class=\"wp-image-2619\" style=\"aspect-ratio:3\/4;object-fit:cover\" title=\"Wybielanie z\u0119b\u00f3w\" srcset=\"https:\/\/new.medesto.pl\/wp-content\/uploads\/2026\/02\/pexels-karola-g-6627599-scaled.jpg 1707w, https:\/\/new.medesto.pl\/wp-content\/uploads\/2026\/02\/pexels-karola-g-6627599-200x300.jpg 200w, https:\/\/new.medesto.pl\/wp-content\/uploads\/2026\/02\/pexels-karola-g-6627599-683x1024.jpg 683w, https:\/\/new.medesto.pl\/wp-content\/uploads\/2026\/02\/pexels-karola-g-6627599-768x1152.jpg 768w, https:\/\/new.medesto.pl\/wp-content\/uploads\/2026\/02\/pexels-karola-g-6627599-1024x1536.jpg 1024w, https:\/\/new.medesto.pl\/wp-content\/uploads\/2026\/02\/pexels-karola-g-6627599-1365x2048.jpg 1365w, https:\/\/new.medesto.pl\/wp-content\/uploads\/2026\/02\/pexels-karola-g-6627599-8x12.jpg 8w\" sizes=\"(max-width: 1707px) 100vw, 1707px\" \/><\/figure>\n<\/div>\n<\/div>\n<\/div>\n\n\n\n<div class=\"wp-block-group alignfull is-style-ext-preset--group--natural-1--section has-tertiary-background-color has-background has-global-padding is-layout-constrained wp-container-core-group-is-layout-e955bbaf wp-block-group-is-layout-constrained\" style=\"margin-top:0;margin-bottom:0;padding-top:var(--wp--preset--spacing--70);padding-bottom:var(--wp--preset--spacing--70)\">\n<div class=\"wp-block-group alignwide is-vertical is-content-justification-center is-layout-flex wp-container-core-group-is-layout-c9ee0c5a wp-block-group-is-layout-flex\">\n<div class=\"wp-block-group has-global-padding is-layout-constrained wp-container-core-group-is-layout-dd32767c wp-block-group-is-layout-constrained\">\n<h2 class=\"wp-block-heading has-text-align-center\" style=\"font-size:clamp(27.42px, 1.714rem + ((1vw - 3.2px) * 2.448), 47px);\">Mity, kt\u00f3re chcemy obali\u0107!<\/h2>\n\n\n<\/div>\n<\/div>\n\n\n\n<div class=\"wp-block-columns alignwide is-layout-flex wp-container-core-columns-is-layout-08c01c1c wp-block-columns-is-layout-flex\">\n<div class=\"wp-block-column is-vertically-aligned-stretch is-layout-flow wp-container-core-column-is-layout-f5bb311e wp-block-column-is-layout-flow\">\n<div class=\"wp-block-group is-style-ext-preset--group--natural-1--item-card-1--align-start has-global-padding is-layout-constrained wp-block-group-is-layout-constrained is-style-ext-preset--group--natural-1--item-card-1--align-start--4\">\n<div class=\"wp-block-group is-style-default has-global-padding is-layout-constrained wp-block-group-is-layout-constrained\">\n<figure class=\"wp-block-image aligncenter size-large is-resized reveal-on-scroll  hover-img ext-aspect-landscape wp-duotone-primary-and-tertiary\"><img decoding=\"async\" width=\"641\" height=\"1024\" src=\"http:\/\/new.medesto.pl\/wp-content\/uploads\/2026\/01\/tooth-10005310_1280-641x1024.png\" alt=\"tooth 10005310 1280\" class=\"wp-image-2586\" style=\"width:45px\" title=\"Wybielanie z\u0119b\u00f3w\" srcset=\"https:\/\/new.medesto.pl\/wp-content\/uploads\/2026\/01\/tooth-10005310_1280-641x1024.png 641w, https:\/\/new.medesto.pl\/wp-content\/uploads\/2026\/01\/tooth-10005310_1280-188x300.png 188w, https:\/\/new.medesto.pl\/wp-content\/uploads\/2026\/01\/tooth-10005310_1280-768x1227.png 768w, https:\/\/new.medesto.pl\/wp-content\/uploads\/2026\/01\/tooth-10005310_1280-8x12.png 8w, https:\/\/new.medesto.pl\/wp-content\/uploads\/2026\/01\/tooth-10005310_1280.png 801w\" sizes=\"(max-width: 641px) 100vw, 641px\" \/><\/figure>\n\n\n\n<h3 class=\"wp-block-heading has-text-align-center\" style=\"font-size:clamp(0.875rem, 0.875rem + ((1vw - 0.2rem) * 0.85), 1.3rem);\"><strong><strong><strong>Wybielanie niszczy szkliwo<\/strong><\/strong><\/strong><\/h3>\n\n\n\n<p class=\"has-text-align-center\" style=\"font-size:clamp(0.875rem, 0.875rem + ((1vw - 0.2rem) * 0.65), 1.2rem);\">Najpopularniejsz\u0105 substancj\u0105 do wybielania z\u0119b\u00f3w jest nadtlenek karbamidu &#8211; jedna z najlepiej przebadanych substancji, jest ca\u0142kowicie bezpieczny.<\/p>\n<\/div>\n<\/div>\n<\/div>\n\n\n\n<div class=\"wp-block-column is-vertically-aligned-stretch is-layout-flow wp-container-core-column-is-layout-f5bb311e wp-block-column-is-layout-flow\">\n<div class=\"wp-block-group is-style-ext-preset--group--natural-1--item-card-1--align-start has-global-padding is-layout-constrained wp-block-group-is-layout-constrained is-style-ext-preset--group--natural-1--item-card-1--align-start--5\">\n<div class=\"wp-block-group is-style-default has-global-padding is-layout-constrained wp-block-group-is-layout-constrained\">\n<figure class=\"wp-block-image aligncenter size-large is-resized reveal-on-scroll  hover-img ext-aspect-landscape wp-duotone-primary-and-tertiary\"><img decoding=\"async\" width=\"641\" height=\"1024\" src=\"http:\/\/new.medesto.pl\/wp-content\/uploads\/2026\/01\/tooth-10005310_1280-641x1024.png\" alt=\"tooth 10005310 1280\" class=\"wp-image-2586\" style=\"width:45px\" title=\"Wybielanie z\u0119b\u00f3w\" srcset=\"https:\/\/new.medesto.pl\/wp-content\/uploads\/2026\/01\/tooth-10005310_1280-641x1024.png 641w, https:\/\/new.medesto.pl\/wp-content\/uploads\/2026\/01\/tooth-10005310_1280-188x300.png 188w, https:\/\/new.medesto.pl\/wp-content\/uploads\/2026\/01\/tooth-10005310_1280-768x1227.png 768w, https:\/\/new.medesto.pl\/wp-content\/uploads\/2026\/01\/tooth-10005310_1280-8x12.png 8w, https:\/\/new.medesto.pl\/wp-content\/uploads\/2026\/01\/tooth-10005310_1280.png 801w\" sizes=\"(max-width: 641px) 100vw, 641px\" \/><\/figure>\n\n\n\n<h3 class=\"wp-block-heading has-text-align-center\" style=\"font-size:clamp(0.875rem, 0.875rem + ((1vw - 0.2rem) * 0.85), 1.3rem);\"><strong><strong><strong>Niezb\u0119dna jest bia\u0142a dieta<\/strong><\/strong><\/strong><\/h3>\n\n\n\n<p class=\"has-text-align-center\" style=\"font-size:clamp(0.875rem, 0.875rem + ((1vw - 0.2rem) * 0.65), 1.2rem);\">Bia\u0142a dieta nie jest potrzebna przed, w trakcie, a tak\u017ce po procesie wybielania.<\/p>\n<\/div>\n<\/div>\n<\/div>\n\n\n\n<div class=\"wp-block-column is-vertically-aligned-stretch is-layout-flow wp-container-core-column-is-layout-f5bb311e wp-block-column-is-layout-flow\">\n<div class=\"wp-block-group is-style-ext-preset--group--natural-1--item-card-1--align-start has-global-padding is-layout-constrained wp-block-group-is-layout-constrained is-style-ext-preset--group--natural-1--item-card-1--align-start--6\">\n<div class=\"wp-block-group is-style-default has-global-padding is-layout-constrained wp-block-group-is-layout-constrained\">\n<figure class=\"wp-block-image aligncenter size-large is-resized reveal-on-scroll  hover-img ext-aspect-landscape wp-duotone-primary-and-tertiary\"><img decoding=\"async\" width=\"641\" height=\"1024\" src=\"http:\/\/new.medesto.pl\/wp-content\/uploads\/2026\/01\/tooth-10005310_1280-641x1024.png\" alt=\"tooth 10005310 1280\" class=\"wp-image-2586\" style=\"width:45px\" title=\"Wybielanie z\u0119b\u00f3w\" srcset=\"https:\/\/new.medesto.pl\/wp-content\/uploads\/2026\/01\/tooth-10005310_1280-641x1024.png 641w, https:\/\/new.medesto.pl\/wp-content\/uploads\/2026\/01\/tooth-10005310_1280-188x300.png 188w, https:\/\/new.medesto.pl\/wp-content\/uploads\/2026\/01\/tooth-10005310_1280-768x1227.png 768w, https:\/\/new.medesto.pl\/wp-content\/uploads\/2026\/01\/tooth-10005310_1280-8x12.png 8w, https:\/\/new.medesto.pl\/wp-content\/uploads\/2026\/01\/tooth-10005310_1280.png 801w\" sizes=\"(max-width: 641px) 100vw, 641px\" \/><\/figure>\n\n\n\n<h3 class=\"wp-block-heading has-text-align-center\" style=\"font-size:clamp(0.875rem, 0.875rem + ((1vw - 0.2rem) * 0.85), 1.3rem);\"><strong><strong><strong>Im d\u0142u\u017cej trzymam \u017cel wybielaj\u0105cy, tym lepiej<\/strong><\/strong><\/strong><\/h3>\n\n\n\n<p class=\"has-text-align-center\" style=\"font-size:clamp(0.875rem, 0.875rem + ((1vw - 0.2rem) * 0.65), 1.2rem);\">Ka\u017cdy preparat do wybielania ma sw\u00f3j okre\u015blony czas dzia\u0142ania, po jego czasie traci moc. <\/p>\n<\/div>\n<\/div>\n<\/div>\n<\/div>\n\n\n\n<div class=\"wp-block-columns alignwide is-layout-flex wp-container-core-columns-is-layout-08c01c1c wp-block-columns-is-layout-flex\">\n<div class=\"wp-block-column is-vertically-aligned-stretch is-layout-flow wp-container-core-column-is-layout-f5bb311e wp-block-column-is-layout-flow\">\n<div class=\"wp-block-group is-style-ext-preset--group--natural-1--item-card-1--align-start has-global-padding is-layout-constrained wp-block-group-is-layout-constrained is-style-ext-preset--group--natural-1--item-card-1--align-start--7\">\n<div class=\"wp-block-group is-style-default has-global-padding is-layout-constrained wp-container-core-group-is-layout-c6aa19cc wp-block-group-is-layout-constrained\">\n<figure class=\"wp-block-image aligncenter size-large is-resized reveal-on-scroll  hover-img ext-aspect-landscape wp-duotone-primary-and-tertiary\"><img decoding=\"async\" width=\"641\" height=\"1024\" src=\"http:\/\/new.medesto.pl\/wp-content\/uploads\/2026\/01\/tooth-10005310_1280-641x1024.png\" alt=\"tooth 10005310 1280\" class=\"wp-image-2586\" style=\"width:45px\" title=\"Wybielanie z\u0119b\u00f3w\" srcset=\"https:\/\/new.medesto.pl\/wp-content\/uploads\/2026\/01\/tooth-10005310_1280-641x1024.png 641w, https:\/\/new.medesto.pl\/wp-content\/uploads\/2026\/01\/tooth-10005310_1280-188x300.png 188w, https:\/\/new.medesto.pl\/wp-content\/uploads\/2026\/01\/tooth-10005310_1280-768x1227.png 768w, https:\/\/new.medesto.pl\/wp-content\/uploads\/2026\/01\/tooth-10005310_1280-8x12.png 8w, https:\/\/new.medesto.pl\/wp-content\/uploads\/2026\/01\/tooth-10005310_1280.png 801w\" sizes=\"(max-width: 641px) 100vw, 641px\" \/><\/figure>\n\n\n\n<h3 class=\"wp-block-heading has-text-align-center\" style=\"font-size:clamp(0.875rem, 0.875rem + ((1vw - 0.2rem) * 0.85), 1.3rem);\"><strong><strong><strong><strong>Z\u0119by mo\u017cna wybieli\u0107 o dowoln\u0105 liczb\u0119 odcieni<\/strong><\/strong><\/strong><\/strong><\/h3>\n\n\n\n<p class=\"has-text-align-center\" style=\"font-size:clamp(0.875rem, 0.875rem + ((1vw - 0.2rem) * 0.65), 1.2rem);\">Nie jest to prawda, ka\u017cdy z\u0105b ma sw\u00f3j potencja\u0142 wybielania i ka\u017cdy ma inne maksimum.<\/p>\n<\/div>\n<\/div>\n<\/div>\n<\/div>\n<\/div>\n\n\n\n<p><\/p>","protected":false},"excerpt":{"rendered":"<p>W gabinecie stomatologicznym Medesto stawiamy przede wszystkim na wybielanie nak\u0142adkowe, kt\u00f3re w razie potrzeby mo\u017ce by\u0107 dodatkowo wspomagane wybielaniem lamp\u0105 w gabinecie. To bezpieczna, skuteczna i komfortowa metoda pozwalaj\u0105ca uzyska\u0107 naturalnie ja\u015bniejszy u\u015bmiech. Wybielanie nak\u0142adkowe odbywa si\u0119 samodzielnie w domu, wed\u0142ug indywidualnych zalece\u0144 lekarza. Proces wymaga jedynie kilku wizyt w gabinecie: Przed rozpocz\u0119ciem wybielania konieczna [&hellip;]<\/p>","protected":false},"author":1,"featured_media":0,"parent":0,"menu_order":0,"comment_status":"closed","ping_status":"closed","template":"page-with-title","meta":{"_monsterinsights_skip_tracking":false,"_monsterinsights_sitenote_active":false,"_monsterinsights_sitenote_note":"","_monsterinsights_sitenote_category":0,"footnotes":""},"class_list":["post-2565","page","type-page","status-publish","hentry"],"aioseo_notices":[],"_links":{"self":[{"href":"https:\/\/new.medesto.pl\/en\/wp-json\/wp\/v2\/pages\/2565","targetHints":{"allow":["GET"]}}],"collection":[{"href":"https:\/\/new.medesto.pl\/en\/wp-json\/wp\/v2\/pages"}],"about":[{"href":"https:\/\/new.medesto.pl\/en\/wp-json\/wp\/v2\/types\/page"}],"author":[{"embeddable":true,"href":"https:\/\/new.medesto.pl\/en\/wp-json\/wp\/v2\/users\/1"}],"replies":[{"embeddable":true,"href":"https:\/\/new.medesto.pl\/en\/wp-json\/wp\/v2\/comments?post=2565"}],"version-history":[{"count":3,"href":"https:\/\/new.medesto.pl\/en\/wp-json\/wp\/v2\/pages\/2565\/revisions"}],"predecessor-version":[{"id":2799,"href":"https:\/\/new.medesto.pl\/en\/wp-json\/wp\/v2\/pages\/2565\/revisions\/2799"}],"wp:attachment":[{"href":"https:\/\/new.medesto.pl\/en\/wp-json\/wp\/v2\/media?parent=2565"}],"curies":[{"name":"wp","href":"https:\/\/api.w.org\/{rel}","templated":true}]}}