{"id":2563,"date":"2026-01-17T20:44:33","date_gmt":"2026-01-17T19:44:33","guid":{"rendered":"http:\/\/new.medesto.pl\/?page_id=2563"},"modified":"2026-02-07T21:54:33","modified_gmt":"2026-02-07T20:54:33","slug":"pracownia-rtg","status":"publish","type":"page","link":"https:\/\/new.medesto.pl\/en\/pracownia-rtg\/","title":{"rendered":"Pracownia rtg"},"content":{"rendered":"<div class=\"wp-block-group alignfull is-style-ext-preset--group--natural-1--section has-global-padding is-layout-constrained wp-container-core-group-is-layout-e955bbaf wp-block-group-is-layout-constrained\" style=\"margin-top:0;margin-bottom:0;padding-top:var(--wp--preset--spacing--70);padding-bottom:var(--wp--preset--spacing--70)\">\n<div class=\"wp-block-columns alignwide has-medium-font-size is-layout-flex wp-container-core-columns-is-layout-87beb0d0 wp-block-columns-is-layout-flex\">\n<div class=\"wp-block-column is-vertically-aligned-top is-layout-flow wp-block-column-is-layout-flow\" style=\"flex-basis:2000px\">\n<div class=\"wp-block-group alignwide is-vertical is-layout-flex wp-container-core-group-is-layout-831b81bf wp-block-group-is-layout-flex\" style=\"margin-top:0;margin-bottom:0;padding-top:0;padding-right:0;padding-bottom:0;padding-left:0\">\n<div class=\"wp-block-group has-global-padding is-layout-constrained wp-container-core-group-is-layout-7bfc0ace wp-block-group-is-layout-constrained\" style=\"font-size:clamp(0.875rem, 0.875rem + ((1vw - 0.2rem) * 0.25), 1rem);\">\n<p style=\"font-size:clamp(0.875rem, 0.875rem + ((1vw - 0.2rem) * 0.85), 1.3rem);\">W gabinecie stomatologicznym Medesto dzia\u0142a nowoczesna <strong>pracownia RTG<\/strong>, umo\u017cliwiaj\u0105ca wykonanie pe\u0142nej diagnostyki obrazowej na miejscu. Dzi\u0119ki temu proces leczenia jest szybszy, precyzyjniejszy i bardziej komfortowy dla pacjenta. Oferujemy <strong>zdj\u0119cia RTG wewn\u0105trzustne<\/strong>, <strong>zdj\u0119cia pantomograficzne (OPG)<\/strong> oraz <strong>tomografi\u0119 komputerow\u0105 CBCT<\/strong>.<\/p>\n\n\n\n<p style=\"font-size:clamp(0.875rem, 0.875rem + ((1vw - 0.2rem) * 0.85), 1.3rem);\"><strong>Ortopantomogram (OPG)<\/strong> to panoramiczne zdj\u0119cie rentgenowskie przedstawiaj\u0105ce ca\u0142\u0105 struktur\u0119 szcz\u0119ki, \u017cuchwy oraz uz\u0119bienia. Stanowi podstaw\u0119 kompleksowej diagnostyki jamy ustnej i jest cz\u0119sto pierwszym etapem planowania leczenia ortodontycznego, implantologicznego oraz protetycznego.<\/p>\n\n\n\n<p style=\"font-size:clamp(0.875rem, 0.875rem + ((1vw - 0.2rem) * 0.85), 1.3rem);\"><strong>RTG z\u0119ba (zdj\u0119cie wewn\u0105trzustne)<\/strong> pozwala na dok\u0142adn\u0105 ocen\u0119 pojedynczego z\u0119ba i otaczaj\u0105cych go tkanek. Umo\u017cliwia wykrycie pr\u00f3chnicy, stan\u00f3w zapalnych oraz zmian niewidocznych podczas standardowego badania, a tak\u017ce ocen\u0119 stanu korzeni z\u0119b\u00f3w i ko\u015bci szcz\u0119kowych.<\/p>\n\n\n\n<p style=\"font-size:clamp(0.875rem, 0.875rem + ((1vw - 0.2rem) * 0.85), 1.3rem);\"><strong>Tomografia komputerowa CBCT<\/strong> to zaawansowana metoda diagnostyki tr\u00f3jwymiarowej, wykorzystywana w bardziej z\u0142o\u017conych przypadkach klinicznych. Zapewnia niezwykle precyzyjne obrazowanie struktur anatomicznych, co ma kluczowe znaczenie w leczeniu implantologicznym, endodontycznym, chirurgii stomatologicznej oraz planowaniu skomplikowanych zabieg\u00f3w.<\/p>\n<\/div>\n<\/div>\n<\/div>\n\n\n\n<div class=\"wp-block-column is-vertically-aligned-center is-layout-flow wp-block-column-is-layout-flow\" style=\"flex-basis:1000px\">\n<figure class=\"wp-block-image alignleft size-full reveal-on-scroll is-style-ext-preset--image--soft-1--image-1--content-any is-style-ext-preset--image--soft-1--image-1--content-any--2\" style=\"margin-top:0;margin-right:0;margin-bottom:0;margin-left:0\"><img fetchpriority=\"high\" decoding=\"async\" width=\"1707\" height=\"2560\" src=\"http:\/\/new.medesto.pl\/wp-content\/uploads\/2026\/01\/0B4A3709-scaled.jpeg\" alt=\"0b4a3709\" class=\"wp-image-2277\" style=\"aspect-ratio:3\/4;object-fit:cover\" title=\"Pracownia rtg\" srcset=\"https:\/\/new.medesto.pl\/wp-content\/uploads\/2026\/01\/0B4A3709-scaled.jpeg 1707w, https:\/\/new.medesto.pl\/wp-content\/uploads\/2026\/01\/0B4A3709-200x300.jpeg 200w, https:\/\/new.medesto.pl\/wp-content\/uploads\/2026\/01\/0B4A3709-683x1024.jpeg 683w, https:\/\/new.medesto.pl\/wp-content\/uploads\/2026\/01\/0B4A3709-768x1152.jpeg 768w, https:\/\/new.medesto.pl\/wp-content\/uploads\/2026\/01\/0B4A3709-1024x1536.jpeg 1024w, https:\/\/new.medesto.pl\/wp-content\/uploads\/2026\/01\/0B4A3709-1365x2048.jpeg 1365w, https:\/\/new.medesto.pl\/wp-content\/uploads\/2026\/01\/0B4A3709-8x12.jpeg 8w\" sizes=\"(max-width: 1707px) 100vw, 1707px\" \/><\/figure>\n<\/div>\n<\/div>\n<\/div>\n\n\n\n<div class=\"wp-block-group alignfull is-style-ext-preset--group--natural-1--section has-tertiary-background-color has-background has-global-padding is-layout-constrained wp-container-core-group-is-layout-e955bbaf wp-block-group-is-layout-constrained\" style=\"margin-top:0;margin-bottom:0;padding-top:var(--wp--preset--spacing--70);padding-bottom:var(--wp--preset--spacing--70)\">\n<div class=\"wp-block-group alignwide is-vertical is-content-justification-center is-layout-flex wp-container-core-group-is-layout-c9ee0c5a wp-block-group-is-layout-flex\">\n<div class=\"wp-block-group has-global-padding is-layout-constrained wp-container-core-group-is-layout-dd32767c wp-block-group-is-layout-constrained\">\n<h2 class=\"wp-block-heading has-text-align-center\" style=\"font-size:clamp(27.42px, 1.714rem + ((1vw - 3.2px) * 2.448), 47px);\"><strong>Czym jest tomografia CBCT?<\/strong><\/h2>\n\n\n<\/div>\n<\/div>\n\n\n\n<div class=\"wp-block-columns alignwide is-layout-flex wp-container-core-columns-is-layout-08c01c1c wp-block-columns-is-layout-flex\">\n<div class=\"wp-block-column is-vertically-aligned-stretch is-layout-flow wp-container-core-column-is-layout-f5bb311e wp-block-column-is-layout-flow\">\n<div class=\"wp-block-group is-style-ext-preset--group--natural-1--item-card-1--align-start has-global-padding is-layout-constrained wp-block-group-is-layout-constrained is-style-ext-preset--group--natural-1--item-card-1--align-start--4\">\n<div class=\"wp-block-group is-style-default has-global-padding is-layout-constrained wp-block-group-is-layout-constrained\">\n<figure class=\"wp-block-image aligncenter size-large is-resized reveal-on-scroll  hover-img ext-aspect-landscape wp-duotone-primary-and-tertiary\"><img decoding=\"async\" width=\"641\" height=\"1024\" src=\"http:\/\/new.medesto.pl\/wp-content\/uploads\/2026\/01\/tooth-10005310_1280-641x1024.png\" alt=\"tooth 10005310 1280\" class=\"wp-image-2586\" style=\"width:45px\" title=\"Pracownia rtg\" srcset=\"https:\/\/new.medesto.pl\/wp-content\/uploads\/2026\/01\/tooth-10005310_1280-641x1024.png 641w, https:\/\/new.medesto.pl\/wp-content\/uploads\/2026\/01\/tooth-10005310_1280-188x300.png 188w, https:\/\/new.medesto.pl\/wp-content\/uploads\/2026\/01\/tooth-10005310_1280-768x1227.png 768w, https:\/\/new.medesto.pl\/wp-content\/uploads\/2026\/01\/tooth-10005310_1280-8x12.png 8w, https:\/\/new.medesto.pl\/wp-content\/uploads\/2026\/01\/tooth-10005310_1280.png 801w\" sizes=\"(max-width: 641px) 100vw, 641px\" \/><\/figure>\n\n\n\n<h3 class=\"wp-block-heading has-text-align-center\" style=\"font-size:clamp(0.875rem, 0.875rem + ((1vw - 0.2rem) * 0.85), 1.3rem);\"><strong><strong><strong><strong>Zaawansowana diagnostyka tr\u00f3jwymiarowa<\/strong><\/strong><\/strong><\/strong><\/h3>\n\n\n\n<p class=\"has-text-align-center\" style=\"font-size:clamp(0.875rem, 0.875rem + ((1vw - 0.2rem) * 0.65), 1.2rem);\">Tomografia CBCT (Cone Beam Computed Tomography) to nowoczesna metoda obrazowania, umo\u017cliwiaj\u0105ca uzyskanie <strong>szczeg\u00f3\u0142owych obraz\u00f3w 3D z\u0119b\u00f3w, ko\u015bci szcz\u0119ki i \u017cuchwy oraz struktur twarzoczaszki<\/strong> podczas jednego badania.<br><\/p>\n<\/div>\n<\/div>\n<\/div>\n\n\n\n<div class=\"wp-block-column is-vertically-aligned-stretch is-layout-flow wp-container-core-column-is-layout-f5bb311e wp-block-column-is-layout-flow\">\n<div class=\"wp-block-group is-style-ext-preset--group--natural-1--item-card-1--align-start has-global-padding is-layout-constrained wp-block-group-is-layout-constrained is-style-ext-preset--group--natural-1--item-card-1--align-start--5\">\n<div class=\"wp-block-group is-style-default has-global-padding is-layout-constrained wp-block-group-is-layout-constrained\">\n<figure class=\"wp-block-image aligncenter size-large is-resized reveal-on-scroll  hover-img ext-aspect-landscape wp-duotone-primary-and-tertiary\"><img decoding=\"async\" width=\"641\" height=\"1024\" src=\"http:\/\/new.medesto.pl\/wp-content\/uploads\/2026\/01\/tooth-10005310_1280-641x1024.png\" alt=\"tooth 10005310 1280\" class=\"wp-image-2586\" style=\"width:45px\" title=\"Pracownia rtg\" srcset=\"https:\/\/new.medesto.pl\/wp-content\/uploads\/2026\/01\/tooth-10005310_1280-641x1024.png 641w, https:\/\/new.medesto.pl\/wp-content\/uploads\/2026\/01\/tooth-10005310_1280-188x300.png 188w, https:\/\/new.medesto.pl\/wp-content\/uploads\/2026\/01\/tooth-10005310_1280-768x1227.png 768w, https:\/\/new.medesto.pl\/wp-content\/uploads\/2026\/01\/tooth-10005310_1280-8x12.png 8w, https:\/\/new.medesto.pl\/wp-content\/uploads\/2026\/01\/tooth-10005310_1280.png 801w\" sizes=\"(max-width: 641px) 100vw, 641px\" \/><\/figure>\n\n\n\n<h3 class=\"wp-block-heading has-text-align-center\" style=\"font-size:clamp(0.875rem, 0.875rem + ((1vw - 0.2rem) * 0.85), 1.3rem);\"><strong><strong><strong><strong>Wysoka dok\u0142adno\u015b\u0107 obraz\u00f3w<\/strong><\/strong><\/strong><\/strong><\/h3>\n\n\n\n<p class=\"has-text-align-center\" style=\"font-size:clamp(0.875rem, 0.875rem + ((1vw - 0.2rem) * 0.65), 1.2rem);\">CBCT dostarcza znacznie wi\u0119cej informacji ni\u017c klasyczne zdj\u0119cia RTG, umo\u017cliwiaj\u0105c dok\u0142adn\u0105 ocen\u0119 ko\u015bci, korzeni z\u0119b\u00f3w, kana\u0142\u00f3w nerwowych, zatok przynosowych oraz staw\u00f3w skroniowo-\u017cuchwowych.<br><\/p>\n<\/div>\n<\/div>\n<\/div>\n\n\n\n<div class=\"wp-block-column is-vertically-aligned-stretch is-layout-flow wp-container-core-column-is-layout-f5bb311e wp-block-column-is-layout-flow\">\n<div class=\"wp-block-group is-style-ext-preset--group--natural-1--item-card-1--align-start has-global-padding is-layout-constrained wp-block-group-is-layout-constrained is-style-ext-preset--group--natural-1--item-card-1--align-start--6\">\n<div class=\"wp-block-group is-style-default has-global-padding is-layout-constrained wp-block-group-is-layout-constrained\">\n<figure class=\"wp-block-image aligncenter size-large is-resized reveal-on-scroll  hover-img ext-aspect-landscape wp-duotone-primary-and-tertiary\"><img decoding=\"async\" width=\"641\" height=\"1024\" src=\"http:\/\/new.medesto.pl\/wp-content\/uploads\/2026\/01\/tooth-10005310_1280-641x1024.png\" alt=\"tooth 10005310 1280\" class=\"wp-image-2586\" style=\"width:45px\" title=\"Pracownia rtg\" srcset=\"https:\/\/new.medesto.pl\/wp-content\/uploads\/2026\/01\/tooth-10005310_1280-641x1024.png 641w, https:\/\/new.medesto.pl\/wp-content\/uploads\/2026\/01\/tooth-10005310_1280-188x300.png 188w, https:\/\/new.medesto.pl\/wp-content\/uploads\/2026\/01\/tooth-10005310_1280-768x1227.png 768w, https:\/\/new.medesto.pl\/wp-content\/uploads\/2026\/01\/tooth-10005310_1280-8x12.png 8w, https:\/\/new.medesto.pl\/wp-content\/uploads\/2026\/01\/tooth-10005310_1280.png 801w\" sizes=\"(max-width: 641px) 100vw, 641px\" \/><\/figure>\n\n\n\n<h3 class=\"wp-block-heading has-text-align-center\" style=\"font-size:clamp(0.875rem, 0.875rem + ((1vw - 0.2rem) * 0.85), 1.3rem);\"><strong><strong><strong><strong>Mniejsza dawka promieniowania<\/strong><\/strong><\/strong><\/strong><\/h3>\n\n\n\n<p class=\"has-text-align-center\" style=\"font-size:clamp(0.875rem, 0.875rem + ((1vw - 0.2rem) * 0.65), 1.2rem);\">W por\u00f3wnaniu do tradycyjnej tomografii komputerowej, CBCT zapewnia <strong>ni\u017csz\u0105 ekspozycj\u0119 na promieniowanie<\/strong>, przy zachowaniu wysokiej jako\u015bci diagnostycznej.<br><\/p>\n<\/div>\n<\/div>\n<\/div>\n<\/div>\n\n\n\n<div class=\"wp-block-columns alignwide is-layout-flex wp-container-core-columns-is-layout-08c01c1c wp-block-columns-is-layout-flex\">\n<div class=\"wp-block-column is-vertically-aligned-stretch is-layout-flow wp-container-core-column-is-layout-f5bb311e wp-block-column-is-layout-flow\">\n<div class=\"wp-block-group is-style-ext-preset--group--natural-1--item-card-1--align-start has-global-padding is-layout-constrained wp-block-group-is-layout-constrained is-style-ext-preset--group--natural-1--item-card-1--align-start--7\">\n<div class=\"wp-block-group is-style-default has-global-padding is-layout-constrained wp-container-core-group-is-layout-c6aa19cc wp-block-group-is-layout-constrained\">\n<figure class=\"wp-block-image aligncenter size-large is-resized reveal-on-scroll  hover-img ext-aspect-landscape wp-duotone-primary-and-tertiary\"><img decoding=\"async\" width=\"641\" height=\"1024\" src=\"http:\/\/new.medesto.pl\/wp-content\/uploads\/2026\/01\/tooth-10005310_1280-641x1024.png\" alt=\"tooth 10005310 1280\" class=\"wp-image-2586\" style=\"width:45px\" title=\"Pracownia rtg\" srcset=\"https:\/\/new.medesto.pl\/wp-content\/uploads\/2026\/01\/tooth-10005310_1280-641x1024.png 641w, https:\/\/new.medesto.pl\/wp-content\/uploads\/2026\/01\/tooth-10005310_1280-188x300.png 188w, https:\/\/new.medesto.pl\/wp-content\/uploads\/2026\/01\/tooth-10005310_1280-768x1227.png 768w, https:\/\/new.medesto.pl\/wp-content\/uploads\/2026\/01\/tooth-10005310_1280-8x12.png 8w, https:\/\/new.medesto.pl\/wp-content\/uploads\/2026\/01\/tooth-10005310_1280.png 801w\" sizes=\"(max-width: 641px) 100vw, 641px\" \/><\/figure>\n\n\n\n<h3 class=\"wp-block-heading has-text-align-center\" style=\"font-size:clamp(0.875rem, 0.875rem + ((1vw - 0.2rem) * 0.85), 1.3rem);\"><strong><strong><strong><strong><strong>Precyzyjne planowanie leczenia<\/strong><\/strong><\/strong><\/strong><\/strong><\/h3>\n\n\n\n<p class=\"has-text-align-center\" style=\"font-size:clamp(0.875rem, 0.875rem + ((1vw - 0.2rem) * 0.65), 1.2rem);\">Tr\u00f3jwymiarowe obrazowanie pozwala na dok\u0142adne zaplanowanie leczenia implantologicznego, ortodontycznego, chirurgicznego i endodontycznego, minimalizuj\u0105c ryzyko powik\u0142a\u0144 i zwi\u0119kszaj\u0105c skuteczno\u015b\u0107 terapii.<br><\/p>\n<\/div>\n<\/div>\n<\/div>\n<\/div>\n<\/div>\n\n\n\n<p><\/p>","protected":false},"excerpt":{"rendered":"<p>W gabinecie stomatologicznym Medesto dzia\u0142a nowoczesna pracownia RTG, umo\u017cliwiaj\u0105ca wykonanie pe\u0142nej diagnostyki obrazowej na miejscu. Dzi\u0119ki temu proces leczenia jest szybszy, precyzyjniejszy i bardziej komfortowy dla pacjenta. Oferujemy zdj\u0119cia RTG wewn\u0105trzustne, zdj\u0119cia pantomograficzne (OPG) oraz tomografi\u0119 komputerow\u0105 CBCT. Ortopantomogram (OPG) to panoramiczne zdj\u0119cie rentgenowskie przedstawiaj\u0105ce ca\u0142\u0105 struktur\u0119 szcz\u0119ki, \u017cuchwy oraz uz\u0119bienia. Stanowi podstaw\u0119 kompleksowej diagnostyki [&hellip;]<\/p>","protected":false},"author":1,"featured_media":0,"parent":0,"menu_order":0,"comment_status":"closed","ping_status":"closed","template":"page-with-title","meta":{"_monsterinsights_skip_tracking":false,"_monsterinsights_sitenote_active":false,"_monsterinsights_sitenote_note":"","_monsterinsights_sitenote_category":0,"footnotes":""},"class_list":["post-2563","page","type-page","status-publish","hentry"],"aioseo_notices":[],"_links":{"self":[{"href":"https:\/\/new.medesto.pl\/en\/wp-json\/wp\/v2\/pages\/2563","targetHints":{"allow":["GET"]}}],"collection":[{"href":"https:\/\/new.medesto.pl\/en\/wp-json\/wp\/v2\/pages"}],"about":[{"href":"https:\/\/new.medesto.pl\/en\/wp-json\/wp\/v2\/types\/page"}],"author":[{"embeddable":true,"href":"https:\/\/new.medesto.pl\/en\/wp-json\/wp\/v2\/users\/1"}],"replies":[{"embeddable":true,"href":"https:\/\/new.medesto.pl\/en\/wp-json\/wp\/v2\/comments?post=2563"}],"version-history":[{"count":3,"href":"https:\/\/new.medesto.pl\/en\/wp-json\/wp\/v2\/pages\/2563\/revisions"}],"predecessor-version":[{"id":2798,"href":"https:\/\/new.medesto.pl\/en\/wp-json\/wp\/v2\/pages\/2563\/revisions\/2798"}],"wp:attachment":[{"href":"https:\/\/new.medesto.pl\/en\/wp-json\/wp\/v2\/media?parent=2563"}],"curies":[{"name":"wp","href":"https:\/\/api.w.org\/{rel}","templated":true}]}}