{"id":2559,"date":"2026-01-17T20:43:53","date_gmt":"2026-01-17T19:43:53","guid":{"rendered":"http:\/\/new.medesto.pl\/?page_id=2559"},"modified":"2026-02-07T21:52:06","modified_gmt":"2026-02-07T20:52:06","slug":"implantologia","status":"publish","type":"page","link":"https:\/\/new.medesto.pl\/en\/implantologia\/","title":{"rendered":"Implantologia"},"content":{"rendered":"<div class=\"wp-block-group alignfull is-style-ext-preset--group--natural-1--section has-global-padding is-layout-constrained wp-container-core-group-is-layout-e955bbaf wp-block-group-is-layout-constrained\" style=\"margin-top:0;margin-bottom:0;padding-top:var(--wp--preset--spacing--70);padding-bottom:var(--wp--preset--spacing--70)\">\n<div class=\"wp-block-columns alignwide has-medium-font-size is-layout-flex wp-container-core-columns-is-layout-87beb0d0 wp-block-columns-is-layout-flex\">\n<div class=\"wp-block-column is-vertically-aligned-top is-layout-flow wp-block-column-is-layout-flow\" style=\"flex-basis:2000px\">\n<div class=\"wp-block-group alignwide is-vertical is-layout-flex wp-container-core-group-is-layout-831b81bf wp-block-group-is-layout-flex\" style=\"margin-top:0;margin-bottom:0;padding-top:0;padding-right:0;padding-bottom:0;padding-left:0\">\n<div class=\"wp-block-group has-global-padding is-layout-constrained wp-container-core-group-is-layout-7bfc0ace wp-block-group-is-layout-constrained\" style=\"font-size:clamp(0.875rem, 0.875rem + ((1vw - 0.2rem) * 0.25), 1rem);\">\n<p style=\"font-size:clamp(0.875rem, 0.875rem + ((1vw - 0.2rem) * 0.85), 1.3rem);\">Implanty z\u0119bowe to <strong>elementy wykonane z tytanu<\/strong>, kt\u00f3re umieszczane s\u0105 w ko\u015bci szcz\u0119ki lub \u017cuchwy i pe\u0142ni\u0105 funkcj\u0119 <strong>sztucznych korzeni z\u0119b\u00f3w<\/strong>. Po okresie gojenia, zwanym osteointegracj\u0105, implant trwale \u0142\u0105czy si\u0119 z ko\u015bci\u0105, tworz\u0105c stabiln\u0105 podstaw\u0119 do dalszej odbudowy protetycznej. Zewn\u0119trzn\u0105 cz\u0119\u015b\u0107 implantu stanowi\u0105 <strong>korony porcelanowe<\/strong>, kt\u00f3rych kszta\u0142t i kolor s\u0105 precyzyjnie dopasowane do naturalnego uz\u0119bienia, dzi\u0119ki czemu efekt jest estetyczny i naturalny.<\/p>\n\n\n\n<p style=\"font-size:clamp(0.875rem, 0.875rem + ((1vw - 0.2rem) * 0.85), 1.3rem);\">Jedn\u0105 z najwi\u0119kszych zalet implant\u00f3w jest to, \u017ce <strong>zapobiegaj\u0105 zanikowi ko\u015bci szcz\u0119ki lub \u017cuchwy<\/strong>, kt\u00f3ry naturalnie post\u0119puje po utracie z\u0119b\u00f3w. Dzi\u0119ki temu implanty pomagaj\u0105 utrzyma\u0107 prawid\u0142owe warunki kostne w jamie ustnej i obecnie uznawane s\u0105 za <strong>najlepsz\u0105 metod\u0119 rekonstrukcji uz\u0119bienia<\/strong>, \u0142\u0105cz\u0105c\u0105 funkcjonalno\u015b\u0107, trwa\u0142o\u015b\u0107 i estetyk\u0119.<\/p>\n\n\n\n<p style=\"font-size:clamp(0.875rem, 0.875rem + ((1vw - 0.2rem) * 0.85), 1.3rem);\">Implanty z\u0119bowe nie s\u0142u\u017c\u0105 wy\u0142\u0105cznie do odbudowy pojedynczych brak\u00f3w. Na ich bazie mo\u017cna wykona\u0107 r\u00f3wnie\u017c <strong>bardziej zaawansowane prace protetyczne<\/strong>, takie jak mosty czy protezy, co pozwala na kompleksow\u0105 odbudow\u0119 u\u015bmiechu i komfortowe funkcjonowanie na co dzie\u0144.<\/p>\n<\/div>\n<\/div>\n<\/div>\n\n\n\n<div class=\"wp-block-column is-vertically-aligned-center is-layout-flow wp-block-column-is-layout-flow\" style=\"flex-basis:1000px\">\n<figure class=\"wp-block-image alignleft size-full is-resized reveal-on-scroll is-style-ext-preset--image--soft-1--image-1--content-any is-style-ext-preset--image--soft-1--image-1--content-any--2\" style=\"margin-top:0;margin-right:0;margin-bottom:0;margin-left:0\"><img fetchpriority=\"high\" decoding=\"async\" width=\"1707\" height=\"2560\" src=\"http:\/\/new.medesto.pl\/wp-content\/uploads\/2026\/02\/pexels-cottonbro-6502306-scaled.jpg\" alt=\"pexels cottonbro 6502306\" class=\"wp-image-2763\" style=\"aspect-ratio:3\/4;object-fit:cover;width:600px\" title=\"Implantologia\" srcset=\"https:\/\/new.medesto.pl\/wp-content\/uploads\/2026\/02\/pexels-cottonbro-6502306-scaled.jpg 1707w, https:\/\/new.medesto.pl\/wp-content\/uploads\/2026\/02\/pexels-cottonbro-6502306-200x300.jpg 200w, https:\/\/new.medesto.pl\/wp-content\/uploads\/2026\/02\/pexels-cottonbro-6502306-683x1024.jpg 683w, https:\/\/new.medesto.pl\/wp-content\/uploads\/2026\/02\/pexels-cottonbro-6502306-768x1152.jpg 768w, https:\/\/new.medesto.pl\/wp-content\/uploads\/2026\/02\/pexels-cottonbro-6502306-1024x1536.jpg 1024w, https:\/\/new.medesto.pl\/wp-content\/uploads\/2026\/02\/pexels-cottonbro-6502306-1365x2048.jpg 1365w, https:\/\/new.medesto.pl\/wp-content\/uploads\/2026\/02\/pexels-cottonbro-6502306-8x12.jpg 8w\" sizes=\"(max-width: 1707px) 100vw, 1707px\" \/><\/figure>\n<\/div>\n<\/div>\n<\/div>\n\n\n\n<div class=\"wp-block-group alignfull is-style-ext-preset--group--natural-1--section has-tertiary-background-color has-background has-global-padding is-layout-constrained wp-container-core-group-is-layout-e955bbaf wp-block-group-is-layout-constrained\" style=\"margin-top:0;margin-bottom:0;padding-top:var(--wp--preset--spacing--70);padding-bottom:var(--wp--preset--spacing--70)\">\n<div class=\"wp-block-group alignwide is-vertical is-content-justification-center is-layout-flex wp-container-core-group-is-layout-c9ee0c5a wp-block-group-is-layout-flex\">\n<div class=\"wp-block-group has-global-padding is-layout-constrained wp-container-core-group-is-layout-dd32767c wp-block-group-is-layout-constrained\">\n<h2 class=\"wp-block-heading has-text-align-center\" style=\"font-size:clamp(27.42px, 1.714rem + ((1vw - 3.2px) * 2.448), 47px);\">Etapy leczenia implantologicznego<\/h2>\n\n\n<\/div>\n<\/div>\n\n\n\n<div class=\"wp-block-columns alignwide is-layout-flex wp-container-core-columns-is-layout-08c01c1c wp-block-columns-is-layout-flex\">\n<div class=\"wp-block-column is-vertically-aligned-stretch is-layout-flow wp-container-core-column-is-layout-f5bb311e wp-block-column-is-layout-flow\">\n<div class=\"wp-block-group is-style-ext-preset--group--natural-1--item-card-1--align-start has-global-padding is-layout-constrained wp-block-group-is-layout-constrained is-style-ext-preset--group--natural-1--item-card-1--align-start--4\">\n<div class=\"wp-block-group is-style-default has-global-padding is-layout-constrained wp-block-group-is-layout-constrained\">\n<figure class=\"wp-block-image aligncenter size-large is-resized reveal-on-scroll  hover-img ext-aspect-landscape wp-duotone-primary-and-tertiary\"><img decoding=\"async\" width=\"641\" height=\"1024\" src=\"http:\/\/new.medesto.pl\/wp-content\/uploads\/2026\/01\/tooth-10005310_1280-641x1024.png\" alt=\"tooth 10005310 1280\" class=\"wp-image-2586\" style=\"width:45px\" title=\"Implantologia\" srcset=\"https:\/\/new.medesto.pl\/wp-content\/uploads\/2026\/01\/tooth-10005310_1280-641x1024.png 641w, https:\/\/new.medesto.pl\/wp-content\/uploads\/2026\/01\/tooth-10005310_1280-188x300.png 188w, https:\/\/new.medesto.pl\/wp-content\/uploads\/2026\/01\/tooth-10005310_1280-768x1227.png 768w, https:\/\/new.medesto.pl\/wp-content\/uploads\/2026\/01\/tooth-10005310_1280-8x12.png 8w, https:\/\/new.medesto.pl\/wp-content\/uploads\/2026\/01\/tooth-10005310_1280.png 801w\" sizes=\"(max-width: 641px) 100vw, 641px\" \/><\/figure>\n\n\n\n<h3 class=\"wp-block-heading has-text-align-center\" style=\"font-size:clamp(0.875rem, 0.875rem + ((1vw - 0.2rem) * 0.85), 1.3rem);\"><strong><strong><strong>Konsultacja i plan leczenia implantologicznego<\/strong><\/strong><\/strong><\/h3>\n\n\n\n<p class=\"has-text-align-center\" style=\"font-size:clamp(0.875rem, 0.875rem + ((1vw - 0.2rem) * 0.65), 1.2rem);\">Lekarz przeprowadza szczeg\u00f3\u0142owy wywiad, ocenia stan jamy ustnej i na tej podstawie przygotowuje indywidualny plan leczenia, uwzgl\u0119dniaj\u0105cy potrzeby zdrowotne i estetyczne pacjenta.<br><\/p>\n<\/div>\n<\/div>\n<\/div>\n\n\n\n<div class=\"wp-block-column is-vertically-aligned-stretch is-layout-flow wp-container-core-column-is-layout-f5bb311e wp-block-column-is-layout-flow\">\n<div class=\"wp-block-group is-style-ext-preset--group--natural-1--item-card-1--align-start has-global-padding is-layout-constrained wp-block-group-is-layout-constrained is-style-ext-preset--group--natural-1--item-card-1--align-start--5\">\n<div class=\"wp-block-group is-style-default has-global-padding is-layout-constrained wp-block-group-is-layout-constrained\">\n<figure class=\"wp-block-image aligncenter size-large is-resized reveal-on-scroll  hover-img ext-aspect-landscape wp-duotone-primary-and-tertiary\"><img decoding=\"async\" width=\"641\" height=\"1024\" src=\"http:\/\/new.medesto.pl\/wp-content\/uploads\/2026\/01\/tooth-10005310_1280-641x1024.png\" alt=\"tooth 10005310 1280\" class=\"wp-image-2586\" style=\"width:45px\" title=\"Implantologia\" srcset=\"https:\/\/new.medesto.pl\/wp-content\/uploads\/2026\/01\/tooth-10005310_1280-641x1024.png 641w, https:\/\/new.medesto.pl\/wp-content\/uploads\/2026\/01\/tooth-10005310_1280-188x300.png 188w, https:\/\/new.medesto.pl\/wp-content\/uploads\/2026\/01\/tooth-10005310_1280-768x1227.png 768w, https:\/\/new.medesto.pl\/wp-content\/uploads\/2026\/01\/tooth-10005310_1280-8x12.png 8w, https:\/\/new.medesto.pl\/wp-content\/uploads\/2026\/01\/tooth-10005310_1280.png 801w\" sizes=\"(max-width: 641px) 100vw, 641px\" \/><\/figure>\n\n\n\n<h3 class=\"wp-block-heading has-text-align-center\" style=\"font-size:clamp(0.875rem, 0.875rem + ((1vw - 0.2rem) * 0.85), 1.3rem);\"><strong><strong><strong>Diagnostyka 3D (tomografia CBCT)<\/strong><\/strong><\/strong><\/h3>\n\n\n\n<p class=\"has-text-align-center\" style=\"font-size:clamp(0.875rem, 0.875rem + ((1vw - 0.2rem) * 0.65), 1.2rem);\">Wykonanie tomografii komputerowej umo\u017cliwia precyzyjn\u0105 ocen\u0119 ilo\u015bci i jako\u015bci ko\u015bci oraz bezpieczne zaplanowanie wszczepienia implant\u00f3w.<br><\/p>\n<\/div>\n<\/div>\n<\/div>\n\n\n\n<div class=\"wp-block-column is-vertically-aligned-stretch is-layout-flow wp-container-core-column-is-layout-f5bb311e wp-block-column-is-layout-flow\">\n<div class=\"wp-block-group is-style-ext-preset--group--natural-1--item-card-1--align-start has-global-padding is-layout-constrained wp-block-group-is-layout-constrained is-style-ext-preset--group--natural-1--item-card-1--align-start--6\">\n<div class=\"wp-block-group is-style-default has-global-padding is-layout-constrained wp-block-group-is-layout-constrained\">\n<figure class=\"wp-block-image aligncenter size-large is-resized reveal-on-scroll  hover-img ext-aspect-landscape wp-duotone-primary-and-tertiary\"><img decoding=\"async\" width=\"641\" height=\"1024\" src=\"http:\/\/new.medesto.pl\/wp-content\/uploads\/2026\/01\/tooth-10005310_1280-641x1024.png\" alt=\"tooth 10005310 1280\" class=\"wp-image-2586\" style=\"width:45px\" title=\"Implantologia\" srcset=\"https:\/\/new.medesto.pl\/wp-content\/uploads\/2026\/01\/tooth-10005310_1280-641x1024.png 641w, https:\/\/new.medesto.pl\/wp-content\/uploads\/2026\/01\/tooth-10005310_1280-188x300.png 188w, https:\/\/new.medesto.pl\/wp-content\/uploads\/2026\/01\/tooth-10005310_1280-768x1227.png 768w, https:\/\/new.medesto.pl\/wp-content\/uploads\/2026\/01\/tooth-10005310_1280-8x12.png 8w, https:\/\/new.medesto.pl\/wp-content\/uploads\/2026\/01\/tooth-10005310_1280.png 801w\" sizes=\"(max-width: 641px) 100vw, 641px\" \/><\/figure>\n\n\n\n<h3 class=\"wp-block-heading has-text-align-center\" style=\"font-size:clamp(0.875rem, 0.875rem + ((1vw - 0.2rem) * 0.85), 1.3rem);\"><strong><strong><strong>Przygotowanie jamy ustnej do implantacji<\/strong><\/strong><\/strong><\/h3>\n\n\n\n<p class=\"has-text-align-center\" style=\"font-size:clamp(0.875rem, 0.875rem + ((1vw - 0.2rem) * 0.65), 1.2rem);\">W razie konieczno\u015bci przeprowadzane s\u0105 zabiegi odbudowy ko\u015bci lub tkanek mi\u0119kkich, kt\u00f3re zapewniaj\u0105 prawid\u0142owe warunki do trwa\u0142ego osadzenia implantu.<br><\/p>\n<\/div>\n<\/div>\n<\/div>\n<\/div>\n\n\n\n<div class=\"wp-block-columns alignwide is-layout-flex wp-container-core-columns-is-layout-08c01c1c wp-block-columns-is-layout-flex\">\n<div class=\"wp-block-column is-vertically-aligned-stretch is-layout-flow wp-container-core-column-is-layout-f5bb311e wp-block-column-is-layout-flow\">\n<div class=\"wp-block-group is-style-ext-preset--group--natural-1--item-card-1--align-start has-global-padding is-layout-constrained wp-block-group-is-layout-constrained is-style-ext-preset--group--natural-1--item-card-1--align-start--7\">\n<div class=\"wp-block-group is-style-default has-global-padding is-layout-constrained wp-block-group-is-layout-constrained\">\n<figure class=\"wp-block-image aligncenter size-large is-resized reveal-on-scroll  hover-img ext-aspect-landscape wp-duotone-primary-and-tertiary\"><img decoding=\"async\" width=\"641\" height=\"1024\" src=\"http:\/\/new.medesto.pl\/wp-content\/uploads\/2026\/01\/tooth-10005310_1280-641x1024.png\" alt=\"tooth 10005310 1280\" class=\"wp-image-2586\" style=\"width:45px\" title=\"Implantologia\" srcset=\"https:\/\/new.medesto.pl\/wp-content\/uploads\/2026\/01\/tooth-10005310_1280-641x1024.png 641w, https:\/\/new.medesto.pl\/wp-content\/uploads\/2026\/01\/tooth-10005310_1280-188x300.png 188w, https:\/\/new.medesto.pl\/wp-content\/uploads\/2026\/01\/tooth-10005310_1280-768x1227.png 768w, https:\/\/new.medesto.pl\/wp-content\/uploads\/2026\/01\/tooth-10005310_1280-8x12.png 8w, https:\/\/new.medesto.pl\/wp-content\/uploads\/2026\/01\/tooth-10005310_1280.png 801w\" sizes=\"(max-width: 641px) 100vw, 641px\" \/><\/figure>\n\n\n\n<h3 class=\"wp-block-heading has-text-align-center\" style=\"font-size:clamp(0.875rem, 0.875rem + ((1vw - 0.2rem) * 0.85), 1.3rem);\"><strong><strong><strong><strong>Zabieg wszczepienia implantu z\u0119bowego<\/strong><\/strong><\/strong><\/strong><\/h3>\n\n\n\n<p class=\"has-text-align-center\" style=\"font-size:clamp(0.875rem, 0.875rem + ((1vw - 0.2rem) * 0.65), 1.2rem);\">Implant z tytanu zostaje umieszczony w ko\u015bci szcz\u0119ki lub \u017cuchwy w znieczuleniu miejscowym, co zapewnia komfort i bezpiecze\u0144stwo zabiegu.<br><\/p>\n<\/div>\n<\/div>\n<\/div>\n\n\n\n<div class=\"wp-block-column is-vertically-aligned-stretch is-layout-flow wp-container-core-column-is-layout-f5bb311e wp-block-column-is-layout-flow\">\n<div class=\"wp-block-group is-style-ext-preset--group--natural-1--item-card-1--align-start has-global-padding is-layout-constrained wp-block-group-is-layout-constrained is-style-ext-preset--group--natural-1--item-card-1--align-start--8\">\n<div class=\"wp-block-group is-style-default has-global-padding is-layout-constrained wp-block-group-is-layout-constrained\">\n<figure class=\"wp-block-image aligncenter size-large is-resized reveal-on-scroll  hover-img ext-aspect-landscape wp-duotone-primary-and-tertiary\"><img decoding=\"async\" width=\"641\" height=\"1024\" src=\"http:\/\/new.medesto.pl\/wp-content\/uploads\/2026\/01\/tooth-10005310_1280-641x1024.png\" alt=\"tooth 10005310 1280\" class=\"wp-image-2586\" style=\"width:45px\" title=\"Implantologia\" srcset=\"https:\/\/new.medesto.pl\/wp-content\/uploads\/2026\/01\/tooth-10005310_1280-641x1024.png 641w, https:\/\/new.medesto.pl\/wp-content\/uploads\/2026\/01\/tooth-10005310_1280-188x300.png 188w, https:\/\/new.medesto.pl\/wp-content\/uploads\/2026\/01\/tooth-10005310_1280-768x1227.png 768w, https:\/\/new.medesto.pl\/wp-content\/uploads\/2026\/01\/tooth-10005310_1280-8x12.png 8w, https:\/\/new.medesto.pl\/wp-content\/uploads\/2026\/01\/tooth-10005310_1280.png 801w\" sizes=\"(max-width: 641px) 100vw, 641px\" \/><\/figure>\n\n\n\n<h3 class=\"wp-block-heading has-text-align-center\" style=\"font-size:clamp(0.875rem, 0.875rem + ((1vw - 0.2rem) * 0.85), 1.3rem);\"><strong><strong><strong><strong>Okres gojenia i osteointegracji<\/strong><\/strong><\/strong><\/strong><\/h3>\n\n\n\n<p class=\"has-text-align-center\" style=\"font-size:clamp(0.875rem, 0.875rem + ((1vw - 0.2rem) * 0.65), 1.2rem);\">Implant zrasta si\u0119 z ko\u015bci\u0105 przez okres 3\u20136 miesi\u0119cy; w tym czasie mo\u017cliwe jest zastosowanie estetycznego uzupe\u0142nienia tymczasowego.<br><\/p>\n<\/div>\n<\/div>\n<\/div>\n\n\n\n<div class=\"wp-block-column is-vertically-aligned-stretch is-layout-flow wp-container-core-column-is-layout-f5bb311e wp-block-column-is-layout-flow\">\n<div class=\"wp-block-group is-style-ext-preset--group--natural-1--item-card-1--align-start has-global-padding is-layout-constrained wp-block-group-is-layout-constrained is-style-ext-preset--group--natural-1--item-card-1--align-start--9\">\n<div class=\"wp-block-group is-style-default has-global-padding is-layout-constrained wp-block-group-is-layout-constrained\">\n<figure class=\"wp-block-image aligncenter size-large is-resized reveal-on-scroll  hover-img ext-aspect-landscape wp-duotone-primary-and-tertiary\"><img decoding=\"async\" width=\"641\" height=\"1024\" src=\"http:\/\/new.medesto.pl\/wp-content\/uploads\/2026\/01\/tooth-10005310_1280-641x1024.png\" alt=\"tooth 10005310 1280\" class=\"wp-image-2586\" style=\"width:45px\" title=\"Implantologia\" srcset=\"https:\/\/new.medesto.pl\/wp-content\/uploads\/2026\/01\/tooth-10005310_1280-641x1024.png 641w, https:\/\/new.medesto.pl\/wp-content\/uploads\/2026\/01\/tooth-10005310_1280-188x300.png 188w, https:\/\/new.medesto.pl\/wp-content\/uploads\/2026\/01\/tooth-10005310_1280-768x1227.png 768w, https:\/\/new.medesto.pl\/wp-content\/uploads\/2026\/01\/tooth-10005310_1280-8x12.png 8w, https:\/\/new.medesto.pl\/wp-content\/uploads\/2026\/01\/tooth-10005310_1280.png 801w\" sizes=\"(max-width: 641px) 100vw, 641px\" \/><\/figure>\n\n\n\n<h3 class=\"wp-block-heading has-text-align-center\" style=\"font-size:clamp(0.875rem, 0.875rem + ((1vw - 0.2rem) * 0.85), 1.3rem);\"><strong><strong>Odbudowa protetyczna na implancie<\/strong><\/strong><\/h3>\n\n\n\n<p class=\"has-text-align-center\" style=\"font-size:clamp(0.875rem, 0.875rem + ((1vw - 0.2rem) * 0.65), 1.2rem);\">Po zako\u0144czeniu integracji na implancie mocowana jest docelowa korona, most lub proteza, przywracaj\u0105ce naturalny wygl\u0105d, funkcj\u0119 \u017cucia i komfort u\u017cytkowania.<\/p>\n<\/div>\n<\/div>\n<\/div>\n<\/div>\n<\/div>\n\n\n\n<p><\/p>","protected":false},"excerpt":{"rendered":"<p>Implanty z\u0119bowe to elementy wykonane z tytanu, kt\u00f3re umieszczane s\u0105 w ko\u015bci szcz\u0119ki lub \u017cuchwy i pe\u0142ni\u0105 funkcj\u0119 sztucznych korzeni z\u0119b\u00f3w. Po okresie gojenia, zwanym osteointegracj\u0105, implant trwale \u0142\u0105czy si\u0119 z ko\u015bci\u0105, tworz\u0105c stabiln\u0105 podstaw\u0119 do dalszej odbudowy protetycznej. Zewn\u0119trzn\u0105 cz\u0119\u015b\u0107 implantu stanowi\u0105 korony porcelanowe, kt\u00f3rych kszta\u0142t i kolor s\u0105 precyzyjnie dopasowane do naturalnego uz\u0119bienia, [&hellip;]<\/p>","protected":false},"author":1,"featured_media":0,"parent":0,"menu_order":0,"comment_status":"closed","ping_status":"closed","template":"page-with-title","meta":{"_monsterinsights_skip_tracking":false,"_monsterinsights_sitenote_active":false,"_monsterinsights_sitenote_note":"","_monsterinsights_sitenote_category":0,"footnotes":""},"class_list":["post-2559","page","type-page","status-publish","hentry"],"aioseo_notices":[],"_links":{"self":[{"href":"https:\/\/new.medesto.pl\/en\/wp-json\/wp\/v2\/pages\/2559","targetHints":{"allow":["GET"]}}],"collection":[{"href":"https:\/\/new.medesto.pl\/en\/wp-json\/wp\/v2\/pages"}],"about":[{"href":"https:\/\/new.medesto.pl\/en\/wp-json\/wp\/v2\/types\/page"}],"author":[{"embeddable":true,"href":"https:\/\/new.medesto.pl\/en\/wp-json\/wp\/v2\/users\/1"}],"replies":[{"embeddable":true,"href":"https:\/\/new.medesto.pl\/en\/wp-json\/wp\/v2\/comments?post=2559"}],"version-history":[{"count":7,"href":"https:\/\/new.medesto.pl\/en\/wp-json\/wp\/v2\/pages\/2559\/revisions"}],"predecessor-version":[{"id":2796,"href":"https:\/\/new.medesto.pl\/en\/wp-json\/wp\/v2\/pages\/2559\/revisions\/2796"}],"wp:attachment":[{"href":"https:\/\/new.medesto.pl\/en\/wp-json\/wp\/v2\/media?parent=2559"}],"curies":[{"name":"wp","href":"https:\/\/api.w.org\/{rel}","templated":true}]}}