{"id":2553,"date":"2026-01-17T20:42:25","date_gmt":"2026-01-17T19:42:25","guid":{"rendered":"http:\/\/new.medesto.pl\/?page_id=2553"},"modified":"2026-02-07T21:47:58","modified_gmt":"2026-02-07T20:47:58","slug":"endodoncja","status":"publish","type":"page","link":"https:\/\/new.medesto.pl\/en\/endodoncja\/","title":{"rendered":"Endodoncja"},"content":{"rendered":"<div class=\"wp-block-group alignwide is-style-ext-preset--group--natural-1--section has-global-padding is-layout-constrained wp-container-core-group-is-layout-e955bbaf wp-block-group-is-layout-constrained\" style=\"margin-top:0;margin-bottom:0;padding-top:var(--wp--preset--spacing--70);padding-bottom:var(--wp--preset--spacing--70)\">\n<div class=\"wp-block-columns alignwide has-medium-font-size is-layout-flex wp-container-core-columns-is-layout-87beb0d0 wp-block-columns-is-layout-flex\">\n<div class=\"wp-block-column is-vertically-aligned-top is-layout-flow wp-block-column-is-layout-flow\" style=\"flex-basis:2000px\">\n<div class=\"wp-block-group alignwide is-vertical is-layout-flex wp-container-core-group-is-layout-831b81bf wp-block-group-is-layout-flex\" style=\"margin-top:0;margin-bottom:0;padding-top:0;padding-right:0;padding-bottom:0;padding-left:0\">\n<div class=\"wp-block-group has-global-padding is-layout-constrained wp-container-core-group-is-layout-7bfc0ace wp-block-group-is-layout-constrained\" style=\"font-size:clamp(0.875rem, 0.875rem + ((1vw - 0.2rem) * 0.25), 1rem);\">\n<p><\/p>\n\n\n\n<p style=\"font-size:clamp(0.875rem, 0.875rem + ((1vw - 0.2rem) * 0.85), 1.3rem);\">Leczenie kana\u0142owe (<strong>endodontyczne<\/strong>) polega na precyzyjnym opracowaniu i dok\u0142adnym oczyszczeniu kana\u0142\u00f3w korzeniowych z zainfekowanej miazgi z\u0119ba przy u\u017cyciu specjalistycznych narz\u0119dzi. Po starannym oczyszczeniu kana\u0142y s\u0105 szczelnie wype\u0142niane gutaperk\u0105, co zabezpiecza z\u0105b przed ponownym zaka\u017ceniem. Celem leczenia jest zachowanie naturalnego z\u0119ba i znacz\u0105ce przed\u0142u\u017cenie jego \u017cywotno\u015bci, zamiast jego usuni\u0119cia.<\/p>\n\n\n\n<p style=\"font-size:clamp(0.875rem, 0.875rem + ((1vw - 0.2rem) * 0.85), 1.3rem);\">Leczenie kana\u0142owe jest konieczne najcz\u0119\u015bciej wtedy, gdy d\u0142ugo nieleczona pr\u00f3chnica prowadzi do <strong>zapalenia miazgi z\u0119ba<\/strong>. Stanowi ono r\u00f3wnie\u017c skuteczn\u0105 alternatyw\u0119 dla ekstrakcji w przypadkach takich jak <strong>p\u0119kni\u0119cia<\/strong> lub <strong>z\u0142amania<\/strong> z\u0119ba, wielokrotne wcze\u015bniejsze zabiegi stomatologiczne, czy zaawansowane <strong>zapalenie<\/strong> tkanek otaczaj\u0105cych wierzcho\u0142ek korzenia (tkanek oko\u0142owierzcho\u0142kowych).<\/p>\n\n\n\n<p style=\"font-size:clamp(0.875rem, 0.875rem + ((1vw - 0.2rem) * 0.85), 1.3rem);\">W gabinecie Medesto ka\u017cde leczenie kana\u0142owe wykonywane jest z u\u017cyciem<strong> mikroskopu zabiegowego<\/strong> oraz <strong>koferdamu<\/strong>. Mikroskop pozwala na powi\u0119kszenie pola zabiegowego, dzi\u0119ki czemu lekarz mo\u017ce z niezwyk\u0142\u0105 precyzj\u0105 odnale\u017a\u0107 nawet bardzo w\u0105skie lub nietypowo ukszta\u0142towane kana\u0142y, dok\u0142adnie je oczy\u015bci\u0107 i szczelnie wype\u0142ni\u0107. Z kolei koferdam, czyli specjalna os\u0142ona izoluj\u0105ca z\u0105b od jamy ustnej, zapewnia sterylno\u015b\u0107 pola zabiegowego, chroni przed dost\u0119pem bakterii i zwi\u0119ksza bezpiecze\u0144stwo oraz komfort pacjenta.<\/p>\n<\/div>\n<\/div>\n<\/div>\n\n\n\n<div class=\"wp-block-column is-vertically-aligned-center is-layout-flow wp-block-column-is-layout-flow\" style=\"flex-basis:1000px\">\n<figure class=\"wp-block-image alignleft size-full is-resized reveal-on-scroll is-style-ext-preset--image--soft-1--image-1--content-any is-style-ext-preset--image--soft-1--image-1--content-any--2\" style=\"margin-top:0;margin-right:0;margin-bottom:0;margin-left:0\"><img fetchpriority=\"high\" decoding=\"async\" width=\"1661\" height=\"2490\" src=\"https:\/\/new.medesto.pl\/wp-content\/uploads\/2026\/01\/FEFF9004-edited.jpg\" alt=\"feff9004\" class=\"wp-image-2576\" style=\"aspect-ratio:3\/4;object-fit:cover;width:600px\" title=\"Endodoncja\" srcset=\"https:\/\/new.medesto.pl\/wp-content\/uploads\/2026\/01\/FEFF9004-edited.jpg 1661w, https:\/\/new.medesto.pl\/wp-content\/uploads\/2026\/01\/FEFF9004-edited-200x300.jpg 200w, https:\/\/new.medesto.pl\/wp-content\/uploads\/2026\/01\/FEFF9004-edited-683x1024.jpg 683w, https:\/\/new.medesto.pl\/wp-content\/uploads\/2026\/01\/FEFF9004-edited-768x1151.jpg 768w, https:\/\/new.medesto.pl\/wp-content\/uploads\/2026\/01\/FEFF9004-edited-1025x1536.jpg 1025w, https:\/\/new.medesto.pl\/wp-content\/uploads\/2026\/01\/FEFF9004-edited-1366x2048.jpg 1366w, https:\/\/new.medesto.pl\/wp-content\/uploads\/2026\/01\/FEFF9004-edited-8x12.jpg 8w\" sizes=\"(max-width: 1661px) 100vw, 1661px\" \/><\/figure>\n<\/div>\n<\/div>\n<\/div>\n\n\n\n<div class=\"wp-block-group alignfull is-style-ext-preset--group--natural-1--section has-tertiary-background-color has-background has-global-padding is-layout-constrained wp-container-core-group-is-layout-e955bbaf wp-block-group-is-layout-constrained\" style=\"margin-top:0;margin-bottom:0;padding-top:var(--wp--preset--spacing--70);padding-bottom:var(--wp--preset--spacing--70)\">\n<div class=\"wp-block-group alignwide is-vertical is-content-justification-center is-layout-flex wp-container-core-group-is-layout-c9ee0c5a wp-block-group-is-layout-flex\">\n<div class=\"wp-block-group has-global-padding is-layout-constrained wp-container-core-group-is-layout-dd32767c wp-block-group-is-layout-constrained\">\n<h2 class=\"wp-block-heading has-text-align-center\" style=\"font-size:clamp(27.42px, 1.714rem + ((1vw - 3.2px) * 2.448), 47px);\">3 najcz\u0119stsze przyczyny leczenia kana\u0142owego z\u0119b\u00f3w<\/h2>\n\n\n<\/div>\n<\/div>\n\n\n\n<div class=\"wp-block-columns alignwide is-layout-flex wp-container-core-columns-is-layout-08c01c1c wp-block-columns-is-layout-flex\">\n<div class=\"wp-block-column is-vertically-aligned-stretch is-layout-flow wp-container-core-column-is-layout-f5bb311e wp-block-column-is-layout-flow\">\n<div class=\"wp-block-group is-style-ext-preset--group--natural-1--item-card-1--align-start has-global-padding is-layout-constrained wp-block-group-is-layout-constrained is-style-ext-preset--group--natural-1--item-card-1--align-start--4\">\n<div class=\"wp-block-group is-style-default has-global-padding is-layout-constrained wp-block-group-is-layout-constrained\">\n<figure class=\"wp-block-image aligncenter size-large is-resized reveal-on-scroll  hover-img ext-aspect-landscape wp-duotone-primary-and-tertiary\"><img decoding=\"async\" width=\"641\" height=\"1024\" src=\"http:\/\/new.medesto.pl\/wp-content\/uploads\/2026\/01\/tooth-10005310_1280-641x1024.png\" alt=\"tooth 10005310 1280\" class=\"wp-image-2586\" style=\"width:45px\" title=\"Endodoncja\" srcset=\"https:\/\/new.medesto.pl\/wp-content\/uploads\/2026\/01\/tooth-10005310_1280-641x1024.png 641w, https:\/\/new.medesto.pl\/wp-content\/uploads\/2026\/01\/tooth-10005310_1280-188x300.png 188w, https:\/\/new.medesto.pl\/wp-content\/uploads\/2026\/01\/tooth-10005310_1280-768x1227.png 768w, https:\/\/new.medesto.pl\/wp-content\/uploads\/2026\/01\/tooth-10005310_1280-8x12.png 8w, https:\/\/new.medesto.pl\/wp-content\/uploads\/2026\/01\/tooth-10005310_1280.png 801w\" sizes=\"(max-width: 641px) 100vw, 641px\" \/><\/figure>\n\n\n\n<h3 class=\"wp-block-heading has-text-align-center\" style=\"font-size:clamp(0.875rem, 0.875rem + ((1vw - 0.2rem) * 0.85), 1.3rem);\"><strong>Zaawansowana pr\u00f3chnica<\/strong><\/h3>\n\n\n\n<p class=\"has-text-align-center\" style=\"font-size:clamp(0.875rem, 0.875rem + ((1vw - 0.2rem) * 0.65), 1.2rem);\">gdy bakterie docieraj\u0105 do miazgi z\u0119ba, powoduj\u0105 b\u00f3l, stan zapalny lub obumarcie nerwu.<\/p>\n<\/div>\n<\/div>\n<\/div>\n\n\n\n<div class=\"wp-block-column is-vertically-aligned-stretch is-layout-flow wp-container-core-column-is-layout-f5bb311e wp-block-column-is-layout-flow\">\n<div class=\"wp-block-group is-style-ext-preset--group--natural-1--item-card-1--align-start has-global-padding is-layout-constrained wp-block-group-is-layout-constrained is-style-ext-preset--group--natural-1--item-card-1--align-start--5\">\n<div class=\"wp-block-group is-style-default has-global-padding is-layout-constrained wp-block-group-is-layout-constrained\">\n<figure class=\"wp-block-image aligncenter size-large is-resized reveal-on-scroll  hover-img ext-aspect-landscape wp-duotone-primary-and-tertiary\"><img decoding=\"async\" width=\"641\" height=\"1024\" src=\"http:\/\/new.medesto.pl\/wp-content\/uploads\/2026\/01\/tooth-10005310_1280-641x1024.png\" alt=\"tooth 10005310 1280\" class=\"wp-image-2586\" style=\"width:45px\" title=\"Endodoncja\" srcset=\"https:\/\/new.medesto.pl\/wp-content\/uploads\/2026\/01\/tooth-10005310_1280-641x1024.png 641w, https:\/\/new.medesto.pl\/wp-content\/uploads\/2026\/01\/tooth-10005310_1280-188x300.png 188w, https:\/\/new.medesto.pl\/wp-content\/uploads\/2026\/01\/tooth-10005310_1280-768x1227.png 768w, https:\/\/new.medesto.pl\/wp-content\/uploads\/2026\/01\/tooth-10005310_1280-8x12.png 8w, https:\/\/new.medesto.pl\/wp-content\/uploads\/2026\/01\/tooth-10005310_1280.png 801w\" sizes=\"(max-width: 641px) 100vw, 641px\" \/><\/figure>\n\n\n\n<h3 class=\"wp-block-heading has-text-align-center\" style=\"font-size:clamp(0.875rem, 0.875rem + ((1vw - 0.2rem) * 0.85), 1.3rem);\"><strong>Uraz mechaniczny z\u0119ba<\/strong><\/h3>\n\n\n\n<p class=\"has-text-align-center\" style=\"font-size:clamp(0.875rem, 0.875rem + ((1vw - 0.2rem) * 0.65), 1.2rem);\">p\u0119kni\u0119cie lub z\u0142amanie mo\u017ce doprowadzi\u0107 do uszkodzenia miazgi nawet bez widocznej pr\u00f3chnicy<\/p>\n<\/div>\n<\/div>\n<\/div>\n\n\n\n<div class=\"wp-block-column is-vertically-aligned-stretch is-layout-flow wp-container-core-column-is-layout-f5bb311e wp-block-column-is-layout-flow\">\n<div class=\"wp-block-group is-style-ext-preset--group--natural-1--item-card-1--align-start has-global-padding is-layout-constrained wp-block-group-is-layout-constrained is-style-ext-preset--group--natural-1--item-card-1--align-start--6\">\n<div class=\"wp-block-group is-style-default has-global-padding is-layout-constrained wp-block-group-is-layout-constrained\">\n<figure class=\"wp-block-image aligncenter size-large is-resized reveal-on-scroll  hover-img ext-aspect-landscape wp-duotone-primary-and-tertiary\"><img decoding=\"async\" width=\"641\" height=\"1024\" src=\"http:\/\/new.medesto.pl\/wp-content\/uploads\/2026\/01\/tooth-10005310_1280-641x1024.png\" alt=\"tooth 10005310 1280\" class=\"wp-image-2586\" style=\"width:45px\" title=\"Endodoncja\" srcset=\"https:\/\/new.medesto.pl\/wp-content\/uploads\/2026\/01\/tooth-10005310_1280-641x1024.png 641w, https:\/\/new.medesto.pl\/wp-content\/uploads\/2026\/01\/tooth-10005310_1280-188x300.png 188w, https:\/\/new.medesto.pl\/wp-content\/uploads\/2026\/01\/tooth-10005310_1280-768x1227.png 768w, https:\/\/new.medesto.pl\/wp-content\/uploads\/2026\/01\/tooth-10005310_1280-8x12.png 8w, https:\/\/new.medesto.pl\/wp-content\/uploads\/2026\/01\/tooth-10005310_1280.png 801w\" sizes=\"(max-width: 641px) 100vw, 641px\" \/><\/figure>\n\n\n\n<h3 class=\"wp-block-heading has-text-align-center\" style=\"font-size:clamp(0.875rem, 0.875rem + ((1vw - 0.2rem) * 0.85), 1.3rem);\"><strong>Nieleczone stany zapalne<\/strong><\/h3>\n\n\n\n<p class=\"has-text-align-center\" style=\"font-size:clamp(0.875rem, 0.875rem + ((1vw - 0.2rem) * 0.65), 1.2rem);\">d\u0142ugotrwa\u0142y stan zapalny miazgi lub tkanek oko\u0142owierzcho\u0142kowych wymaga oczyszczenia kana\u0142\u00f3w, aby uratowa\u0107 z\u0105b<\/p>\n<\/div>\n<\/div>\n<\/div>\n<\/div>\n<\/div>\n\n\n\n<p><\/p>","protected":false},"excerpt":{"rendered":"<p>Leczenie kana\u0142owe (endodontyczne) polega na precyzyjnym opracowaniu i dok\u0142adnym oczyszczeniu kana\u0142\u00f3w korzeniowych z zainfekowanej miazgi z\u0119ba przy u\u017cyciu specjalistycznych narz\u0119dzi. Po starannym oczyszczeniu kana\u0142y s\u0105 szczelnie wype\u0142niane gutaperk\u0105, co zabezpiecza z\u0105b przed ponownym zaka\u017ceniem. Celem leczenia jest zachowanie naturalnego z\u0119ba i znacz\u0105ce przed\u0142u\u017cenie jego \u017cywotno\u015bci, zamiast jego usuni\u0119cia. Leczenie kana\u0142owe jest konieczne najcz\u0119\u015bciej wtedy, gdy [&hellip;]<\/p>","protected":false},"author":1,"featured_media":0,"parent":0,"menu_order":0,"comment_status":"closed","ping_status":"closed","template":"page-with-title","meta":{"_monsterinsights_skip_tracking":false,"_monsterinsights_sitenote_active":false,"_monsterinsights_sitenote_note":"","_monsterinsights_sitenote_category":0,"footnotes":""},"class_list":["post-2553","page","type-page","status-publish","hentry"],"aioseo_notices":[],"_links":{"self":[{"href":"https:\/\/new.medesto.pl\/en\/wp-json\/wp\/v2\/pages\/2553","targetHints":{"allow":["GET"]}}],"collection":[{"href":"https:\/\/new.medesto.pl\/en\/wp-json\/wp\/v2\/pages"}],"about":[{"href":"https:\/\/new.medesto.pl\/en\/wp-json\/wp\/v2\/types\/page"}],"author":[{"embeddable":true,"href":"https:\/\/new.medesto.pl\/en\/wp-json\/wp\/v2\/users\/1"}],"replies":[{"embeddable":true,"href":"https:\/\/new.medesto.pl\/en\/wp-json\/wp\/v2\/comments?post=2553"}],"version-history":[{"count":7,"href":"https:\/\/new.medesto.pl\/en\/wp-json\/wp\/v2\/pages\/2553\/revisions"}],"predecessor-version":[{"id":2793,"href":"https:\/\/new.medesto.pl\/en\/wp-json\/wp\/v2\/pages\/2553\/revisions\/2793"}],"wp:attachment":[{"href":"https:\/\/new.medesto.pl\/en\/wp-json\/wp\/v2\/media?parent=2553"}],"curies":[{"name":"wp","href":"https:\/\/api.w.org\/{rel}","templated":true}]}}