{"id":2495,"date":"2026-01-17T17:43:52","date_gmt":"2026-01-17T16:43:52","guid":{"rendered":"http:\/\/new.medesto.pl\/?page_id=2495"},"modified":"2026-02-07T21:45:15","modified_gmt":"2026-02-07T20:45:15","slug":"stomatologia-zachowawcza","status":"publish","type":"page","link":"https:\/\/new.medesto.pl\/en\/stomatologia-zachowawcza\/","title":{"rendered":"Stomatologia zachowawcza"},"content":{"rendered":"<div class=\"wp-block-group alignfull is-style-ext-preset--group--natural-1--section has-global-padding is-layout-constrained wp-container-core-group-is-layout-e955bbaf wp-block-group-is-layout-constrained\" style=\"margin-top:0;margin-bottom:0;padding-top:var(--wp--preset--spacing--70);padding-bottom:var(--wp--preset--spacing--70)\">\n<div class=\"wp-block-columns alignwide has-medium-font-size is-layout-flex wp-container-core-columns-is-layout-87beb0d0 wp-block-columns-is-layout-flex\">\n<div class=\"wp-block-column is-vertically-aligned-top is-layout-flow wp-block-column-is-layout-flow\" style=\"flex-basis:2000px\">\n<div class=\"wp-block-group alignwide is-vertical is-layout-flex wp-container-core-group-is-layout-831b81bf wp-block-group-is-layout-flex\" style=\"margin-top:0;margin-bottom:0;padding-top:0;padding-right:0;padding-bottom:0;padding-left:0\">\n<div class=\"wp-block-group has-global-padding is-layout-constrained wp-container-core-group-is-layout-7bfc0ace wp-block-group-is-layout-constrained\" style=\"font-size:clamp(0.875rem, 0.875rem + ((1vw - 0.2rem) * 0.25), 1rem);\">\n<p><\/p>\n\n\n\n<p style=\"font-size:clamp(0.875rem, 0.875rem + ((1vw - 0.2rem) * 0.85), 1.3rem);\"><strong>Stomatologia zachowawcza<\/strong> to dziedzina, kt\u00f3ra koncentruje si\u0119 na leczeniu najpopularniejszej choroby z\u0119b\u00f3w, czyli <strong>pr\u00f3chnicy<\/strong>. Wbrew potocznemu przekonaniu nie obejmuje ona wy\u0142\u0105cznie wykonywania popularnych \u201eplomb\u201d. Leczenie zachowawcze zaczyna si\u0119 znacznie wcze\u015bniej, od odpowiedniej <strong>profilaktyki, diagnostyki<\/strong> oraz dzia\u0142a\u0144 maj\u0105cych na celu jak najd\u0142u\u017csze zachowanie naturalnych tkanek z\u0119ba.<\/p>\n\n\n\n<p style=\"font-size:clamp(0.875rem, 0.875rem + ((1vw - 0.2rem) * 0.85), 1.3rem);\">W ramach stomatologii zachowawczej zajmujemy si\u0119 m.in. profilaktyk\u0105 pr\u00f3chnicy, leczeniem ubytk\u00f3w, odbudow\u0105 z\u0119b\u00f3w po urazach, leczeniem nadwra\u017cliwo\u015bci, a tak\u017ce estetyczn\u0105 korekt\u0105 drobnych defekt\u00f3w szkliwa. Kluczowym celem jest zatrzymanie procesu chorobowego, przywr\u00f3cenie prawid\u0142owej funkcji z\u0119ba oraz jego naturalnego wygl\u0105du.<\/p>\n\n\n\n<p style=\"font-size:clamp(0.875rem, 0.875rem + ((1vw - 0.2rem) * 0.85), 1.3rem);\">Bardzo wa\u017cnym elementem leczenia zachowawczego jest <strong>precyzyjna diagnostyka<\/strong>. Wykorzystanie powi\u0119kszenia oraz dodatkowych zdj\u0119\u0107 RTG pozwala wykry\u0107 nawet najmniejsze ubytki, niewidoczne go\u0142ym okiem. Dzi\u0119ki temu mo\u017cliwe jest dok\u0142adne zaplanowanie leczenia, a w trakcie zabiegu pe\u0142ne usuni\u0119cie wszystkich tkanek zmienionych pr\u00f3chnicowo, przy jednoczesnym maksymalnym oszcz\u0119dzeniu zdrowej struktury z\u0119ba.<\/p>\n\n\n\n<p style=\"font-size:clamp(0.875rem, 0.875rem + ((1vw - 0.2rem) * 0.85), 1.3rem);\">W Medesto podczas ka\u017cdego zabiegu nasi lekarze pracuj\u0105 w powi\u0119kszeniu, u\u017cywaj\u0105c <strong>lup stomatologicznych<\/strong> lub <strong>mikroskopu<\/strong> zabiegowego. Takie podej\u015bcie zapewnia najwy\u017csz\u0105 precyzj\u0119 leczenia, wi\u0119ksze bezpiecze\u0144stwo oraz d\u0142ugotrwa\u0142e efekty, kt\u00f3re s\u0142u\u017c\u0105 zdrowiu i komfortowi naszych pacjent\u00f3w.<\/p>\n<\/div>\n<\/div>\n<\/div>\n\n\n\n<div class=\"wp-block-column is-vertically-aligned-center is-layout-flow wp-block-column-is-layout-flow\" style=\"flex-basis:1000px\">\n<figure class=\"wp-block-image alignleft size-full is-resized reveal-on-scroll is-style-ext-preset--image--soft-1--image-1--content-any is-style-ext-preset--image--soft-1--image-1--content-any--2\" style=\"margin-top:0;margin-right:0;margin-bottom:0;margin-left:0\"><img fetchpriority=\"high\" decoding=\"async\" width=\"1707\" height=\"2560\" src=\"http:\/\/new.medesto.pl\/wp-content\/uploads\/2026\/01\/0B4A3542-scaled.jpg\" alt=\"0b4a3542\" class=\"wp-image-2502\" style=\"aspect-ratio:3\/4;object-fit:cover;width:600px\" title=\"Stomatologia zachowawcza\" srcset=\"https:\/\/new.medesto.pl\/wp-content\/uploads\/2026\/01\/0B4A3542-scaled.jpg 1707w, https:\/\/new.medesto.pl\/wp-content\/uploads\/2026\/01\/0B4A3542-200x300.jpg 200w, https:\/\/new.medesto.pl\/wp-content\/uploads\/2026\/01\/0B4A3542-683x1024.jpg 683w, https:\/\/new.medesto.pl\/wp-content\/uploads\/2026\/01\/0B4A3542-768x1152.jpg 768w, https:\/\/new.medesto.pl\/wp-content\/uploads\/2026\/01\/0B4A3542-1024x1536.jpg 1024w, https:\/\/new.medesto.pl\/wp-content\/uploads\/2026\/01\/0B4A3542-1365x2048.jpg 1365w, https:\/\/new.medesto.pl\/wp-content\/uploads\/2026\/01\/0B4A3542-8x12.jpg 8w\" sizes=\"(max-width: 1707px) 100vw, 1707px\" \/><\/figure>\n<\/div>\n<\/div>\n<\/div>\n\n\n\n<div class=\"wp-block-group alignfull is-style-ext-preset--group--natural-1--section has-tertiary-background-color has-background has-global-padding is-layout-constrained wp-container-core-group-is-layout-e955bbaf wp-block-group-is-layout-constrained\" style=\"margin-top:0;margin-bottom:0;padding-top:var(--wp--preset--spacing--70);padding-bottom:var(--wp--preset--spacing--70)\">\n<div class=\"wp-block-group alignwide is-vertical is-content-justification-center is-layout-flex wp-container-core-group-is-layout-c9ee0c5a wp-block-group-is-layout-flex\">\n<div class=\"wp-block-group has-global-padding is-layout-constrained wp-container-core-group-is-layout-dd32767c wp-block-group-is-layout-constrained\">\n<h2 class=\"wp-block-heading has-text-align-center\" style=\"font-size:clamp(27.42px, 1.714rem + ((1vw - 3.2px) * 2.448), 47px);\">Poznaj zalety zabieg\u00f3w stomatologicznych dost\u0119pnych w Medesto Medycyna Stomatologia<\/h2>\n\n\n<\/div>\n<\/div>\n\n\n\n<div class=\"wp-block-columns alignwide is-layout-flex wp-container-core-columns-is-layout-08c01c1c wp-block-columns-is-layout-flex\">\n<div class=\"wp-block-column is-vertically-aligned-stretch is-layout-flow wp-container-core-column-is-layout-f5bb311e wp-block-column-is-layout-flow\">\n<div class=\"wp-block-group is-style-ext-preset--group--natural-1--item-card-1--align-start has-global-padding is-layout-constrained wp-block-group-is-layout-constrained is-style-ext-preset--group--natural-1--item-card-1--align-start--4\">\n<div class=\"wp-block-group is-style-default has-global-padding is-layout-constrained wp-block-group-is-layout-constrained\">\n<figure class=\"wp-block-image aligncenter size-large is-resized reveal-on-scroll hover-img ext-aspect-landscape wp-duotone-primary-and-tertiary\"><img decoding=\"async\" width=\"641\" height=\"1024\" src=\"http:\/\/new.medesto.pl\/wp-content\/uploads\/2026\/01\/tooth-10005310_1280-641x1024.png\" alt=\"tooth 10005310 1280\" class=\"wp-image-2586\" style=\"width:45px\" title=\"Stomatologia zachowawcza\" srcset=\"https:\/\/new.medesto.pl\/wp-content\/uploads\/2026\/01\/tooth-10005310_1280-641x1024.png 641w, https:\/\/new.medesto.pl\/wp-content\/uploads\/2026\/01\/tooth-10005310_1280-188x300.png 188w, https:\/\/new.medesto.pl\/wp-content\/uploads\/2026\/01\/tooth-10005310_1280-768x1227.png 768w, https:\/\/new.medesto.pl\/wp-content\/uploads\/2026\/01\/tooth-10005310_1280-8x12.png 8w, https:\/\/new.medesto.pl\/wp-content\/uploads\/2026\/01\/tooth-10005310_1280.png 801w\" sizes=\"(max-width: 641px) 100vw, 641px\" \/><\/figure>\n\n\n\n<h3 class=\"wp-block-heading has-text-align-center\" style=\"font-size:clamp(0.875rem, 0.875rem + ((1vw - 0.2rem) * 0.85), 1.3rem);\"><strong>Dok\u0142adna diagnostyka<\/strong><\/h3>\n\n\n\n<p class=\"has-text-align-center\" style=\"font-size:clamp(0.875rem, 0.875rem + ((1vw - 0.2rem) * 0.65), 1.2rem);\">Ju\u017c podczas&nbsp;<strong>pierwszej wizyty<\/strong>&nbsp;wykonujemy <strong>kompleksowy przegl\u0105d stomatologiczny<\/strong>&nbsp;z u\u017cyciem&nbsp;<strong>powi\u0119kszenia<\/strong>&nbsp;oraz nowoczesnej diagnostyki obrazowej. Korzystamy ze&nbsp;<strong>zdj\u0119\u0107 RTG<\/strong>: <strong>pantomogramu<\/strong>,&nbsp;<strong>zdj\u0119\u0107 punktowych<\/strong>&nbsp;oraz <strong><strong>tomografii komputerowej<\/strong><\/strong>, co pozwala na wykrycie nawet bardzo wczesnych zmian pr\u00f3chnicowych i precyzyjne zaplanowanie leczenia.<\/p>\n<\/div>\n<\/div>\n<\/div>\n\n\n\n<div class=\"wp-block-column is-vertically-aligned-stretch is-layout-flow wp-container-core-column-is-layout-f5bb311e wp-block-column-is-layout-flow\">\n<div class=\"wp-block-group is-style-ext-preset--group--natural-1--item-card-1--align-start has-global-padding is-layout-constrained wp-block-group-is-layout-constrained is-style-ext-preset--group--natural-1--item-card-1--align-start--5\">\n<div class=\"wp-block-group is-style-default has-global-padding is-layout-constrained wp-block-group-is-layout-constrained\">\n<figure class=\"wp-block-image aligncenter size-large is-resized reveal-on-scroll  hover-img ext-aspect-landscape wp-duotone-primary-and-tertiary\"><img decoding=\"async\" width=\"641\" height=\"1024\" src=\"http:\/\/new.medesto.pl\/wp-content\/uploads\/2026\/01\/tooth-10005310_1280-641x1024.png\" alt=\"tooth 10005310 1280\" class=\"wp-image-2586\" style=\"width:45px\" title=\"Stomatologia zachowawcza\" srcset=\"https:\/\/new.medesto.pl\/wp-content\/uploads\/2026\/01\/tooth-10005310_1280-641x1024.png 641w, https:\/\/new.medesto.pl\/wp-content\/uploads\/2026\/01\/tooth-10005310_1280-188x300.png 188w, https:\/\/new.medesto.pl\/wp-content\/uploads\/2026\/01\/tooth-10005310_1280-768x1227.png 768w, https:\/\/new.medesto.pl\/wp-content\/uploads\/2026\/01\/tooth-10005310_1280-8x12.png 8w, https:\/\/new.medesto.pl\/wp-content\/uploads\/2026\/01\/tooth-10005310_1280.png 801w\" sizes=\"(max-width: 641px) 100vw, 641px\" \/><\/figure>\n\n\n\n<h3 class=\"wp-block-heading has-text-align-center\" style=\"font-size:clamp(0.875rem, 0.875rem + ((1vw - 0.2rem) * 0.85), 1.3rem);\"><strong>Komfortowe zabiegi<\/strong><\/h3>\n\n\n\n<p class=\"has-text-align-center\" style=\"font-size:clamp(0.875rem, 0.875rem + ((1vw - 0.2rem) * 0.65), 1.2rem);\">Zabiegi stomatologii zachowawczej wykonywane s\u0105 z zastosowaniem&nbsp;<strong>znieczulenia miejscowego<\/strong>, co sprawia, \u017ce leczenie przebiega w spos\u00f3b <strong>komfortowy i bezpieczny dla pacjenta<\/strong>, z poszanowaniem jego indywidualnych odczu\u0107 i potrzeb.<\/p>\n<\/div>\n<\/div>\n<\/div>\n\n\n\n<div class=\"wp-block-column is-vertically-aligned-stretch is-layout-flow wp-container-core-column-is-layout-f5bb311e wp-block-column-is-layout-flow\">\n<div class=\"wp-block-group is-style-ext-preset--group--natural-1--item-card-1--align-start has-global-padding is-layout-constrained wp-block-group-is-layout-constrained is-style-ext-preset--group--natural-1--item-card-1--align-start--6\">\n<div class=\"wp-block-group is-style-default has-global-padding is-layout-constrained wp-block-group-is-layout-constrained\">\n<figure class=\"wp-block-image aligncenter size-large is-resized reveal-on-scroll  hover-img ext-aspect-landscape wp-duotone-primary-and-tertiary\"><img decoding=\"async\" width=\"641\" height=\"1024\" src=\"http:\/\/new.medesto.pl\/wp-content\/uploads\/2026\/01\/tooth-10005310_1280-641x1024.png\" alt=\"tooth 10005310 1280\" class=\"wp-image-2586\" style=\"width:45px\" title=\"Stomatologia zachowawcza\" srcset=\"https:\/\/new.medesto.pl\/wp-content\/uploads\/2026\/01\/tooth-10005310_1280-641x1024.png 641w, https:\/\/new.medesto.pl\/wp-content\/uploads\/2026\/01\/tooth-10005310_1280-188x300.png 188w, https:\/\/new.medesto.pl\/wp-content\/uploads\/2026\/01\/tooth-10005310_1280-768x1227.png 768w, https:\/\/new.medesto.pl\/wp-content\/uploads\/2026\/01\/tooth-10005310_1280-8x12.png 8w, https:\/\/new.medesto.pl\/wp-content\/uploads\/2026\/01\/tooth-10005310_1280.png 801w\" sizes=\"(max-width: 641px) 100vw, 641px\" \/><\/figure>\n\n\n\n<h3 class=\"wp-block-heading has-text-align-center\" style=\"font-size:clamp(0.875rem, 0.875rem + ((1vw - 0.2rem) * 0.85), 1.3rem);\"><strong>Precyzja i naturalna estetyka wype\u0142nie\u0144<\/strong><\/h3>\n\n\n\n<p class=\"has-text-align-center\" style=\"font-size:clamp(0.875rem, 0.875rem + ((1vw - 0.2rem) * 0.65), 1.2rem);\">Dzi\u0119ki pracy w&nbsp;<strong>powi\u0119kszeniu<\/strong>&nbsp;oraz wykorzystaniu nowoczesnych materia\u0142\u00f3w zapewniamy&nbsp;<strong>wysok\u0105 precyzj\u0119 zabieg\u00f3w<\/strong>&nbsp;i&nbsp;<strong>jak najlepsze odwzorowanie naturalnej anatomii z\u0119ba<\/strong>. Wykonywane wype\u0142nienia s\u0105 nie tylko trwa\u0142e, ale tak\u017ce estetyczne.<\/p>\n<\/div>\n<\/div>\n<\/div>\n<\/div>\n<\/div>\n\n\n\n<p><\/p>","protected":false},"excerpt":{"rendered":"<p>Stomatologia zachowawcza to dziedzina, kt\u00f3ra koncentruje si\u0119 na leczeniu najpopularniejszej choroby z\u0119b\u00f3w, czyli pr\u00f3chnicy. Wbrew potocznemu przekonaniu nie obejmuje ona wy\u0142\u0105cznie wykonywania popularnych \u201eplomb\u201d. Leczenie zachowawcze zaczyna si\u0119 znacznie wcze\u015bniej, od odpowiedniej profilaktyki, diagnostyki oraz dzia\u0142a\u0144 maj\u0105cych na celu jak najd\u0142u\u017csze zachowanie naturalnych tkanek z\u0119ba. W ramach stomatologii zachowawczej zajmujemy si\u0119 m.in. profilaktyk\u0105 pr\u00f3chnicy, leczeniem [&hellip;]<\/p>","protected":false},"author":1,"featured_media":0,"parent":0,"menu_order":0,"comment_status":"closed","ping_status":"closed","template":"page-with-title","meta":{"_monsterinsights_skip_tracking":false,"_monsterinsights_sitenote_active":false,"_monsterinsights_sitenote_note":"","_monsterinsights_sitenote_category":0,"footnotes":""},"class_list":["post-2495","page","type-page","status-publish","hentry"],"aioseo_notices":[],"_links":{"self":[{"href":"https:\/\/new.medesto.pl\/en\/wp-json\/wp\/v2\/pages\/2495","targetHints":{"allow":["GET"]}}],"collection":[{"href":"https:\/\/new.medesto.pl\/en\/wp-json\/wp\/v2\/pages"}],"about":[{"href":"https:\/\/new.medesto.pl\/en\/wp-json\/wp\/v2\/types\/page"}],"author":[{"embeddable":true,"href":"https:\/\/new.medesto.pl\/en\/wp-json\/wp\/v2\/users\/1"}],"replies":[{"embeddable":true,"href":"https:\/\/new.medesto.pl\/en\/wp-json\/wp\/v2\/comments?post=2495"}],"version-history":[{"count":13,"href":"https:\/\/new.medesto.pl\/en\/wp-json\/wp\/v2\/pages\/2495\/revisions"}],"predecessor-version":[{"id":2790,"href":"https:\/\/new.medesto.pl\/en\/wp-json\/wp\/v2\/pages\/2495\/revisions\/2790"}],"wp:attachment":[{"href":"https:\/\/new.medesto.pl\/en\/wp-json\/wp\/v2\/media?parent=2495"}],"curies":[{"name":"wp","href":"https:\/\/api.w.org\/{rel}","templated":true}]}}