{"id":2135,"date":"2026-01-08T21:52:55","date_gmt":"2026-01-08T20:52:55","guid":{"rendered":"http:\/\/new.medesto.pl\/zespol\/"},"modified":"2026-01-17T20:25:52","modified_gmt":"2026-01-17T19:25:52","slug":"zespol","status":"publish","type":"page","link":"https:\/\/new.medesto.pl\/en\/zespol\/","title":{"rendered":"Nasz zesp\u00f3\u0142"},"content":{"rendered":"<div class=\"wp-block-group alignfull is-style-ext-preset--group--natural-1--section has-background-background-color has-background has-global-padding is-layout-constrained wp-container-core-group-is-layout-e955bbaf wp-block-group-is-layout-constrained\" id=\"zespol\" style=\"margin-top:0;margin-bottom:0;padding-top:var(--wp--preset--spacing--70);padding-bottom:var(--wp--preset--spacing--70)\">\n<div class=\"wp-block-group alignwide is-vertical is-content-justification-center is-layout-flex wp-container-core-group-is-layout-c9ee0c5a wp-block-group-is-layout-flex\">\n<div class=\"wp-block-group has-global-padding is-layout-constrained wp-container-core-group-is-layout-2287c683 wp-block-group-is-layout-constrained\">\n<h2 class=\"wp-block-heading has-text-align-center\" style=\"font-size:clamp(28.836px, 1.802rem + ((1vw - 3.2px) * 2.646), 50px);\">Lekarze<\/h2>\n<\/div>\n<\/div>\n\n\n\n<div class=\"wp-block-columns alignwide is-layout-flex wp-container-core-columns-is-layout-08c01c1c wp-block-columns-is-layout-flex\">\n<div class=\"wp-block-column is-vertically-aligned-stretch is-layout-flow wp-block-column-is-layout-flow\">\n<div class=\"wp-block-group is-style-ext-preset--group--natural-1--item-card-1--align-center has-global-padding is-layout-constrained wp-block-group-is-layout-constrained is-style-ext-preset--group--natural-1--item-card-1--align-center--4\">\n<figure class=\"wp-block-image size-large reveal-on-scroll is-style-ext-preset--image--soft-1--image-1--content-any is-style-ext-preset--image--soft-1--image-1--content-any--5\"><img fetchpriority=\"high\" decoding=\"async\" width=\"683\" height=\"1024\" src=\"http:\/\/new.medesto.pl\/wp-content\/uploads\/2026\/01\/FEFF8943-683x1024.jpg\" alt=\"feff8943\" class=\"wp-image-2364\" style=\"aspect-ratio:3\/4;object-fit:cover\" title=\"Nasz zesp\u00f3\u0142\" srcset=\"https:\/\/new.medesto.pl\/wp-content\/uploads\/2026\/01\/FEFF8943-683x1024.jpg 683w, https:\/\/new.medesto.pl\/wp-content\/uploads\/2026\/01\/FEFF8943-200x300.jpg 200w, https:\/\/new.medesto.pl\/wp-content\/uploads\/2026\/01\/FEFF8943-768x1151.jpg 768w, https:\/\/new.medesto.pl\/wp-content\/uploads\/2026\/01\/FEFF8943-1025x1536.jpg 1025w, https:\/\/new.medesto.pl\/wp-content\/uploads\/2026\/01\/FEFF8943-1366x2048.jpg 1366w, https:\/\/new.medesto.pl\/wp-content\/uploads\/2026\/01\/FEFF8943-8x12.jpg 8w, https:\/\/new.medesto.pl\/wp-content\/uploads\/2026\/01\/FEFF8943-scaled.jpg 1708w\" sizes=\"(max-width: 683px) 100vw, 683px\" \/><\/figure>\n\n\n\n<div class=\"wp-block-group is-style-default has-global-padding is-layout-constrained wp-block-group-is-layout-constrained\">\n<h3 class=\"wp-block-heading\" style=\"font-size:clamp(16.293px, 1.018rem + ((1vw - 3.2px) * 1.088), 25px);\">Lek. dent. Izabela Frejlich<\/h3>\n\n\n\n<p style=\"font-size:clamp(14.642px, 0.915rem + ((1vw - 3.2px) * 0.92), 22px);\">za\u0142o\u017cycielka Medesto, stomatologia zachowawcza, protetyka stomatologiczna<\/p>\n<\/div>\n<\/div>\n<\/div>\n\n\n\n<div class=\"wp-block-column is-vertically-aligned-stretch is-layout-flow wp-block-column-is-layout-flow\">\n<div class=\"wp-block-group is-style-ext-preset--group--natural-1--item-card-1--align-center has-global-padding is-layout-constrained wp-block-group-is-layout-constrained is-style-ext-preset--group--natural-1--item-card-1--align-center--6\">\n<figure class=\"wp-block-image size-large reveal-on-scroll is-style-ext-preset--image--soft-1--image-1--content-any is-style-ext-preset--image--soft-1--image-1--content-any--7\"><img decoding=\"async\" width=\"683\" height=\"1024\" src=\"http:\/\/new.medesto.pl\/wp-content\/uploads\/2026\/01\/FEFF9560-683x1024.jpg\" alt=\"feff9560\" class=\"wp-image-2414\" style=\"aspect-ratio:3\/4;object-fit:cover\" title=\"Nasz zesp\u00f3\u0142\" srcset=\"https:\/\/new.medesto.pl\/wp-content\/uploads\/2026\/01\/FEFF9560-683x1024.jpg 683w, https:\/\/new.medesto.pl\/wp-content\/uploads\/2026\/01\/FEFF9560-200x300.jpg 200w, https:\/\/new.medesto.pl\/wp-content\/uploads\/2026\/01\/FEFF9560-768x1152.jpg 768w, https:\/\/new.medesto.pl\/wp-content\/uploads\/2026\/01\/FEFF9560-1024x1536.jpg 1024w, https:\/\/new.medesto.pl\/wp-content\/uploads\/2026\/01\/FEFF9560-1366x2048.jpg 1366w, https:\/\/new.medesto.pl\/wp-content\/uploads\/2026\/01\/FEFF9560-8x12.jpg 8w, https:\/\/new.medesto.pl\/wp-content\/uploads\/2026\/01\/FEFF9560-scaled.jpg 1707w\" sizes=\"(max-width: 683px) 100vw, 683px\" \/><\/figure>\n\n\n\n<div class=\"wp-block-group is-style-default has-global-padding is-layout-constrained wp-block-group-is-layout-constrained\">\n<h3 class=\"wp-block-heading\" style=\"font-size:clamp(16.293px, 1.018rem + ((1vw - 3.2px) * 1.088), 25px);\">Lek. dent. Paulina Frejlich-Klich<\/h3>\n\n\n\n<p style=\"font-size:clamp(14.642px, 0.915rem + ((1vw - 3.2px) * 0.92), 22px);\">stomatologia zachowawcza, endodoncja mikroskopowa<\/p>\n<\/div>\n<\/div>\n<\/div>\n\n\n\n<div class=\"wp-block-column is-vertically-aligned-stretch is-layout-flow wp-block-column-is-layout-flow\">\n<div class=\"wp-block-group is-style-ext-preset--group--natural-1--item-card-1--align-center has-global-padding is-layout-constrained wp-block-group-is-layout-constrained is-style-ext-preset--group--natural-1--item-card-1--align-center--8\">\n<figure class=\"wp-block-image size-large reveal-on-scroll is-style-ext-preset--image--soft-1--image-1--content-any is-style-ext-preset--image--soft-1--image-1--content-any--9\"><img decoding=\"async\" width=\"683\" height=\"1024\" src=\"http:\/\/new.medesto.pl\/wp-content\/uploads\/2026\/01\/FEFF9184-683x1024.jpg\" alt=\"feff9184\" class=\"wp-image-2415\" style=\"aspect-ratio:3\/4;object-fit:cover\" title=\"Nasz zesp\u00f3\u0142\" srcset=\"https:\/\/new.medesto.pl\/wp-content\/uploads\/2026\/01\/FEFF9184-683x1024.jpg 683w, https:\/\/new.medesto.pl\/wp-content\/uploads\/2026\/01\/FEFF9184-200x300.jpg 200w, https:\/\/new.medesto.pl\/wp-content\/uploads\/2026\/01\/FEFF9184-768x1151.jpg 768w, https:\/\/new.medesto.pl\/wp-content\/uploads\/2026\/01\/FEFF9184-1025x1536.jpg 1025w, https:\/\/new.medesto.pl\/wp-content\/uploads\/2026\/01\/FEFF9184-1366x2048.jpg 1366w, https:\/\/new.medesto.pl\/wp-content\/uploads\/2026\/01\/FEFF9184-8x12.jpg 8w, https:\/\/new.medesto.pl\/wp-content\/uploads\/2026\/01\/FEFF9184-scaled.jpg 1708w\" sizes=\"(max-width: 683px) 100vw, 683px\" \/><\/figure>\n\n\n\n<div class=\"wp-block-group is-style-default has-global-padding is-layout-constrained wp-block-group-is-layout-constrained\">\n<h3 class=\"wp-block-heading\" style=\"font-size:clamp(16.293px, 1.018rem + ((1vw - 3.2px) * 1.088), 25px);\">Lek. dent. Joanna Rudawska<\/h3>\n\n\n\n<p style=\"font-size:clamp(14.642px, 0.915rem + ((1vw - 3.2px) * 0.92), 22px);\">stomatologia zachowawcza, endodoncja mikroskopowa<\/p>\n<\/div>\n<\/div>\n<\/div>\n<\/div>\n\n\n\n<div class=\"wp-block-columns alignwide is-layout-flex wp-container-core-columns-is-layout-08c01c1c wp-block-columns-is-layout-flex\">\n<div class=\"wp-block-column is-vertically-aligned-stretch is-layout-flow wp-block-column-is-layout-flow\" style=\"flex-basis:395px\">\n<div class=\"wp-block-group is-style-ext-preset--group--natural-1--item-card-1--align-center has-global-padding is-layout-constrained wp-block-group-is-layout-constrained is-style-ext-preset--group--natural-1--item-card-1--align-center--10\">\n<figure class=\"wp-block-image size-large reveal-on-scroll is-style-ext-preset--image--soft-1--image-1--content-any is-style-ext-preset--image--soft-1--image-1--content-any--11\"><img loading=\"lazy\" decoding=\"async\" width=\"683\" height=\"1024\" src=\"http:\/\/new.medesto.pl\/wp-content\/uploads\/2026\/01\/FEFF9275-683x1024.jpg\" alt=\"feff9275\" class=\"wp-image-2416\" style=\"aspect-ratio:0.75;object-fit:cover\" title=\"Nasz zesp\u00f3\u0142\" srcset=\"https:\/\/new.medesto.pl\/wp-content\/uploads\/2026\/01\/FEFF9275-683x1024.jpg 683w, https:\/\/new.medesto.pl\/wp-content\/uploads\/2026\/01\/FEFF9275-200x300.jpg 200w, https:\/\/new.medesto.pl\/wp-content\/uploads\/2026\/01\/FEFF9275-768x1151.jpg 768w, https:\/\/new.medesto.pl\/wp-content\/uploads\/2026\/01\/FEFF9275-1025x1536.jpg 1025w, https:\/\/new.medesto.pl\/wp-content\/uploads\/2026\/01\/FEFF9275-1366x2048.jpg 1366w, https:\/\/new.medesto.pl\/wp-content\/uploads\/2026\/01\/FEFF9275-8x12.jpg 8w, https:\/\/new.medesto.pl\/wp-content\/uploads\/2026\/01\/FEFF9275-scaled.jpg 1708w\" sizes=\"(max-width: 683px) 100vw, 683px\" \/><\/figure>\n\n\n\n<div class=\"wp-block-group is-style-default has-global-padding is-layout-constrained wp-block-group-is-layout-constrained\">\n<h3 class=\"wp-block-heading\" style=\"font-size:clamp(16.293px, 1.018rem + ((1vw - 3.2px) * 1.088), 25px);\">Lek. dent. Ewa Paj\u0105k<\/h3>\n\n\n\n<p style=\"font-size:clamp(14.642px, 0.915rem + ((1vw - 3.2px) * 0.92), 22px);\">ortodoncja<\/p>\n<\/div>\n<\/div>\n<\/div>\n\n\n\n<div class=\"wp-block-column is-vertically-aligned-stretch is-layout-flow wp-block-column-is-layout-flow\" style=\"flex-basis:395px\">\n<div class=\"wp-block-group is-style-ext-preset--group--natural-1--item-card-1--align-center has-global-padding is-layout-constrained wp-block-group-is-layout-constrained is-style-ext-preset--group--natural-1--item-card-1--align-center--12\">\n<figure class=\"wp-block-image size-full reveal-on-scroll is-style-ext-preset--image--soft-1--image-1--content-any is-style-ext-preset--image--soft-1--image-1--content-any--13\"><img loading=\"lazy\" decoding=\"async\" width=\"410\" height=\"547\" src=\"http:\/\/new.medesto.pl\/wp-content\/uploads\/2026\/01\/image0.jpeg\" alt=\"image0\" class=\"wp-image-2417\" style=\"aspect-ratio:3\/4;object-fit:cover\" title=\"Nasz zesp\u00f3\u0142\" srcset=\"https:\/\/new.medesto.pl\/wp-content\/uploads\/2026\/01\/image0.jpeg 410w, https:\/\/new.medesto.pl\/wp-content\/uploads\/2026\/01\/image0-225x300.jpeg 225w, https:\/\/new.medesto.pl\/wp-content\/uploads\/2026\/01\/image0-9x12.jpeg 9w\" sizes=\"(max-width: 410px) 100vw, 410px\" \/><\/figure>\n\n\n\n<div class=\"wp-block-group is-style-default has-global-padding is-layout-constrained wp-block-group-is-layout-constrained\">\n<h3 class=\"wp-block-heading\" style=\"font-size:clamp(16.293px, 1.018rem + ((1vw - 3.2px) * 1.088), 25px);\">Lek. dent. Adam Bu\u0142a<\/h3>\n\n\n\n<p style=\"font-size:clamp(14.642px, 0.915rem + ((1vw - 3.2px) * 0.92), 22px);\">chirurgia stomatologiczna, implantologia<\/p>\n<\/div>\n<\/div>\n<\/div>\n<\/div>\n<\/div>\n\n\n\n<div class=\"wp-block-group alignfull is-style-ext-preset--group--natural-1--section has-background-background-color has-background has-global-padding is-layout-constrained wp-container-core-group-is-layout-e955bbaf wp-block-group-is-layout-constrained\" id=\"zespol\" style=\"margin-top:0;margin-bottom:0;padding-top:var(--wp--preset--spacing--70);padding-bottom:var(--wp--preset--spacing--70)\">\n<div class=\"wp-block-group alignwide is-vertical is-content-justification-center is-layout-flex wp-container-core-group-is-layout-c9ee0c5a wp-block-group-is-layout-flex\">\n<div class=\"wp-block-group has-global-padding is-layout-constrained wp-container-core-group-is-layout-2287c683 wp-block-group-is-layout-constrained\">\n<h2 class=\"wp-block-heading has-text-align-center\" style=\"font-size:clamp(28.836px, 1.802rem + ((1vw - 3.2px) * 2.646), 50px);\">Higienistki i asystentki stomatologiczne<\/h2>\n<\/div>\n<\/div>\n\n\n\n<div class=\"wp-block-columns alignwide is-layout-flex wp-container-core-columns-is-layout-08c01c1c wp-block-columns-is-layout-flex\">\n<div class=\"wp-block-column is-vertically-aligned-stretch is-layout-flow wp-block-column-is-layout-flow\">\n<div class=\"wp-block-group is-style-ext-preset--group--natural-1--item-card-1--align-center has-global-padding is-layout-constrained wp-block-group-is-layout-constrained is-style-ext-preset--group--natural-1--item-card-1--align-center--15\">\n<figure class=\"wp-block-image size-large reveal-on-scroll is-style-ext-preset--image--soft-1--image-1--content-any is-style-ext-preset--image--soft-1--image-1--content-any--16\"><img loading=\"lazy\" decoding=\"async\" width=\"683\" height=\"1024\" src=\"http:\/\/new.medesto.pl\/wp-content\/uploads\/2026\/01\/FEFF9369-683x1024.jpg\" alt=\"feff9369\" class=\"wp-image-2418\" style=\"aspect-ratio:3\/4;object-fit:cover\" title=\"Nasz zesp\u00f3\u0142\" srcset=\"https:\/\/new.medesto.pl\/wp-content\/uploads\/2026\/01\/FEFF9369-683x1024.jpg 683w, https:\/\/new.medesto.pl\/wp-content\/uploads\/2026\/01\/FEFF9369-200x300.jpg 200w, https:\/\/new.medesto.pl\/wp-content\/uploads\/2026\/01\/FEFF9369-768x1152.jpg 768w, https:\/\/new.medesto.pl\/wp-content\/uploads\/2026\/01\/FEFF9369-1024x1536.jpg 1024w, https:\/\/new.medesto.pl\/wp-content\/uploads\/2026\/01\/FEFF9369-1366x2048.jpg 1366w, https:\/\/new.medesto.pl\/wp-content\/uploads\/2026\/01\/FEFF9369-8x12.jpg 8w, https:\/\/new.medesto.pl\/wp-content\/uploads\/2026\/01\/FEFF9369-scaled.jpg 1707w\" sizes=\"(max-width: 683px) 100vw, 683px\" \/><\/figure>\n\n\n\n<div class=\"wp-block-group is-style-default has-global-padding is-layout-constrained wp-block-group-is-layout-constrained\">\n<h3 class=\"wp-block-heading\" style=\"font-size:clamp(16.293px, 1.018rem + ((1vw - 3.2px) * 1.088), 25px);\">Hig. stom<strong>.<\/strong> Marzena Grabowska<\/h3>\n<\/div>\n<\/div>\n<\/div>\n\n\n\n<div class=\"wp-block-column is-vertically-aligned-stretch is-layout-flow wp-block-column-is-layout-flow\">\n<div class=\"wp-block-group is-style-ext-preset--group--natural-1--item-card-1--align-center has-global-padding is-layout-constrained wp-block-group-is-layout-constrained is-style-ext-preset--group--natural-1--item-card-1--align-center--17\">\n<figure class=\"wp-block-image size-large reveal-on-scroll is-style-ext-preset--image--soft-1--image-1--content-any is-style-ext-preset--image--soft-1--image-1--content-any--18\"><img loading=\"lazy\" decoding=\"async\" width=\"683\" height=\"1024\" src=\"http:\/\/new.medesto.pl\/wp-content\/uploads\/2026\/01\/FEFF9487-683x1024.jpg\" alt=\"feff9487\" class=\"wp-image-2420\" style=\"aspect-ratio:3\/4;object-fit:cover\" title=\"Nasz zesp\u00f3\u0142\" srcset=\"https:\/\/new.medesto.pl\/wp-content\/uploads\/2026\/01\/FEFF9487-683x1024.jpg 683w, https:\/\/new.medesto.pl\/wp-content\/uploads\/2026\/01\/FEFF9487-200x300.jpg 200w, https:\/\/new.medesto.pl\/wp-content\/uploads\/2026\/01\/FEFF9487-768x1152.jpg 768w, https:\/\/new.medesto.pl\/wp-content\/uploads\/2026\/01\/FEFF9487-1024x1536.jpg 1024w, https:\/\/new.medesto.pl\/wp-content\/uploads\/2026\/01\/FEFF9487-1366x2048.jpg 1366w, https:\/\/new.medesto.pl\/wp-content\/uploads\/2026\/01\/FEFF9487-8x12.jpg 8w, https:\/\/new.medesto.pl\/wp-content\/uploads\/2026\/01\/FEFF9487-scaled.jpg 1707w\" sizes=\"(max-width: 683px) 100vw, 683px\" \/><\/figure>\n\n\n\n<div class=\"wp-block-group is-style-default has-global-padding is-layout-constrained wp-block-group-is-layout-constrained\">\n<h3 class=\"wp-block-heading\" style=\"font-size:clamp(16.293px, 1.018rem + ((1vw - 3.2px) * 1.088), 25px);\">Hig. stom<strong>.<\/strong> Katarzyna Tobiasz<\/h3>\n<\/div>\n<\/div>\n<\/div>\n\n\n\n<div class=\"wp-block-column is-vertically-aligned-stretch is-layout-flow wp-block-column-is-layout-flow\">\n<div class=\"wp-block-group is-style-ext-preset--group--natural-1--item-card-1--align-center has-global-padding is-layout-constrained wp-block-group-is-layout-constrained is-style-ext-preset--group--natural-1--item-card-1--align-center--19\">\n<figure class=\"wp-block-image size-large reveal-on-scroll is-style-ext-preset--image--soft-1--image-1--content-any is-style-ext-preset--image--soft-1--image-1--content-any--20\"><img loading=\"lazy\" decoding=\"async\" width=\"683\" height=\"1024\" src=\"http:\/\/new.medesto.pl\/wp-content\/uploads\/2026\/01\/FEFF9156-683x1024.jpg\" alt=\"feff9156\" class=\"wp-image-2419\" style=\"aspect-ratio:3\/4;object-fit:cover\" title=\"Nasz zesp\u00f3\u0142\" srcset=\"https:\/\/new.medesto.pl\/wp-content\/uploads\/2026\/01\/FEFF9156-683x1024.jpg 683w, https:\/\/new.medesto.pl\/wp-content\/uploads\/2026\/01\/FEFF9156-200x300.jpg 200w, https:\/\/new.medesto.pl\/wp-content\/uploads\/2026\/01\/FEFF9156-768x1151.jpg 768w, https:\/\/new.medesto.pl\/wp-content\/uploads\/2026\/01\/FEFF9156-1025x1536.jpg 1025w, https:\/\/new.medesto.pl\/wp-content\/uploads\/2026\/01\/FEFF9156-1366x2048.jpg 1366w, https:\/\/new.medesto.pl\/wp-content\/uploads\/2026\/01\/FEFF9156-8x12.jpg 8w, https:\/\/new.medesto.pl\/wp-content\/uploads\/2026\/01\/FEFF9156-scaled.jpg 1708w\" sizes=\"(max-width: 683px) 100vw, 683px\" \/><\/figure>\n\n\n\n<div class=\"wp-block-group is-style-default has-global-padding is-layout-constrained wp-block-group-is-layout-constrained\">\n<h3 class=\"wp-block-heading\" style=\"font-size:clamp(16.293px, 1.018rem + ((1vw - 3.2px) * 1.088), 25px);\">Beata Kondratowicz<\/h3>\n<\/div>\n<\/div>\n<\/div>\n<\/div>\n<\/div>","protected":false},"excerpt":{"rendered":"<p>Medesto Medycyna Stomatologia &#8211; Tw\u00f3j u\u015bmiech w najlepszych r\u0119kach Nasza misja to zapewnienie kompleksowej opieki stomatologicznej w przyjaznej atmosferze, z trosk\u0105 o zdrowie i komfort ka\u017cdego pacjenta. Lekarze Lek. dent. Izabela Frejlich za\u0142o\u017cycielka Medesto, stomatologia zachowawcza, protetyka stomatologiczna Lek. dent. Paulina Frejlich-Klich stomatologia zachowawcza, endodoncja mikroskopowa Lek. dent. Joanna Rudawska stomatologia zachowawcza, endodoncja mikroskopowa Lek. [&hellip;]<\/p>","protected":false},"author":1,"featured_media":0,"parent":0,"menu_order":0,"comment_status":"closed","ping_status":"closed","template":"page-with-title","meta":{"_monsterinsights_skip_tracking":false,"_monsterinsights_sitenote_active":false,"_monsterinsights_sitenote_note":"","_monsterinsights_sitenote_category":0,"footnotes":""},"class_list":["post-2135","page","type-page","status-publish","hentry"],"aioseo_notices":[],"_links":{"self":[{"href":"https:\/\/new.medesto.pl\/en\/wp-json\/wp\/v2\/pages\/2135","targetHints":{"allow":["GET"]}}],"collection":[{"href":"https:\/\/new.medesto.pl\/en\/wp-json\/wp\/v2\/pages"}],"about":[{"href":"https:\/\/new.medesto.pl\/en\/wp-json\/wp\/v2\/types\/page"}],"author":[{"embeddable":true,"href":"https:\/\/new.medesto.pl\/en\/wp-json\/wp\/v2\/users\/1"}],"replies":[{"embeddable":true,"href":"https:\/\/new.medesto.pl\/en\/wp-json\/wp\/v2\/comments?post=2135"}],"version-history":[{"count":19,"href":"https:\/\/new.medesto.pl\/en\/wp-json\/wp\/v2\/pages\/2135\/revisions"}],"predecessor-version":[{"id":2541,"href":"https:\/\/new.medesto.pl\/en\/wp-json\/wp\/v2\/pages\/2135\/revisions\/2541"}],"wp:attachment":[{"href":"https:\/\/new.medesto.pl\/en\/wp-json\/wp\/v2\/media?parent=2135"}],"curies":[{"name":"wp","href":"https:\/\/api.w.org\/{rel}","templated":true}]}}