{"id":2134,"date":"2026-01-08T21:52:54","date_gmt":"2026-01-08T20:52:54","guid":{"rendered":"http:\/\/new.medesto.pl\/cennik\/"},"modified":"2026-05-03T16:50:22","modified_gmt":"2026-05-03T14:50:22","slug":"cennik","status":"publish","type":"page","link":"https:\/\/new.medesto.pl\/en\/cennik\/","title":{"rendered":"Cennik"},"content":{"rendered":"<div class=\"wp-block-group alignfull is-style-ext-preset--group--natural-1--section has-background-background-color has-background has-global-padding is-layout-constrained wp-container-core-group-is-layout-e955bbaf wp-block-group-is-layout-constrained\" id=\"cennik\" style=\"margin-top:0;margin-bottom:0;padding-top:var(--wp--preset--spacing--70);padding-bottom:var(--wp--preset--spacing--70)\">\n<div class=\"wp-block-group alignwide is-vertical is-layout-flex wp-container-core-group-is-layout-c35747d5 wp-block-group-is-layout-flex\">\n<div class=\"wp-block-group has-global-padding is-layout-constrained wp-container-core-group-is-layout-5e05634a wp-block-group-is-layout-constrained\">\n\n\n<p class=\"has-text-align-left\" style=\"font-size:clamp(0.875rem, 0.875rem + ((1vw - 0.2rem) * 0.85), 1.3rem);\"><strong>Przegl\u0105d us\u0142ug stomatologicznych w przychodni Medesto z podaniem zakresu i koszt\u00f3w leczenia.<br><\/strong><\/p>\n<\/div>\n<\/div>\n\n\n\n<div class=\"wp-block-columns alignwide is-layout-flex wp-container-core-columns-is-layout-28f84493 wp-block-columns-is-layout-flex\">\n<div class=\"wp-block-column is-layout-flow wp-block-column-is-layout-flow\">\n<div class=\"cennik-container\"> <!-- Za\u0142o\u017cy\u0142em, \u017ce masz jaki\u015b g\u0142\u00f3wny kontener -->\n\n  <section class=\"cennik-sekcja animate\">\n    <h2>Konsultacja<\/h2>\n    <div class=\"pozycja\">\n      <span>Badanie stomatologiczne, plan leczenia<\/span>\n      <span>230 z\u0142<\/span>\n    <\/div>\n    <div class=\"pozycja\">\n      <span>Przegl\u0105d stomatologiczny<\/span>\n      <span>150 z\u0142<\/span>\n    <\/div>\n  <\/section>\n\n  <section class=\"cennik-sekcja animate\">\n    <h2>Diagnostyka radiologiczna<\/h2>\n    <div class=\"pozycja\">\n      <span>RTG pantomograficzne<\/span>\n      <span>150 z\u0142<\/span>\n    <\/div>\n    <div class=\"pozycja\">\n      <span>RTG punktowe<\/span>\n      <span>60 z\u0142<\/span>\n    <\/div>\n    <div class=\"pozycja\">\n      <span>Tomografia komputerowa CBCT &#8211; szcz\u0119ka i \u017cuchwa<\/span>\n      <span>350 z\u0142<\/span>\n    <\/div>\n    <div class=\"pozycja\">\n      <span>Tomografia komputerowa CBCT &#8211; 1 \u0142uk<\/span>\n      <span>250 z\u0142<\/span>\n    <\/div>\n    <div class=\"pozycja\"> <!-- Poprawione tutaj -->\n      <span>Tomografia komputerowa CBCT &#8211; endo (1 z\u0105b)<\/span>\n      <span>200 z\u0142<\/span>\n    <\/div>\n  <\/section>\n\n  <section class=\"cennik-sekcja animate\">\n    <h2>Stomatologia zachowawcza<\/h2>\n    <div class=\"pozycja\">\n      <span>Instrukta\u017c higieny<\/span>\n      <span>150 z\u0142<\/span>\n    <\/div>\n    <div class=\"pozycja\">\n      <span>Znieczulenie komputerowe &#8211; The Wand<\/span>\n      <span>80 z\u0142<\/span>\n    <\/div>\n    <div class=\"pozycja\">\n      <span>Znieczulenie konwencjonalne<\/span>\n      <span>60 z\u0142<\/span>\n    <\/div>\n    <div class=\"pozycja\">\n      <span>Wype\u0142nienie wysokoestetyczne &#8211; ma\u0142e<\/span>\n      <span>400 z\u0142<\/span>\n    <\/div>\n    <div class=\"pozycja\">\n      <span>Wype\u0142nienie wysokoestetyczne &#8211; \u015brednie<\/span>\n      <span>430 z\u0142<\/span>\n    <\/div>\n    <div class=\"pozycja\">\n      <span>Wype\u0142nienie wysokoestetyczne &#8211; du\u017ce<\/span>\n      <span>450 z\u0142<\/span>\n    <\/div>\n    <div class=\"pozycja\">\n      <span>Nak\u0142ad kompozytowy bezpo\u015bredni<\/span>\n      <span>550-650 z\u0142<\/span>\n    <\/div>\n    <div class=\"pozycja\">\n      <span>Wk\u0142ad koronowy-korzeniowy z w\u0142\u00f3kna szklanego<\/span>\n      <span>400 z\u0142<\/span>\n    <\/div>\n    <div class=\"pozycja\">\n      <span>Higienizacja jamy ustnej &#8211; dwa \u0142uki (skaling, piaskowanie, lakierowanie)<\/span>\n      <span>450 z\u0142<\/span>\n    <\/div>\n    <div class=\"pozycja\">\n      <span>Lic\u00f3wka kompozytowa metod\u0105 bezpo\u015bredni\u0105<\/span>\n      <span>650 z\u0142<\/span>\n    <\/div>\n    <div class=\"pozycja\">\n      <span>ICON (cena za 1 z\u0105b)<\/span>\n      <span>350 z\u0142<\/span>\n    <\/div>\n  <\/section>\n\n  <section class=\"cennik-sekcja animate\">\n    <h2>Wybielanie z\u0119b\u00f3w<\/h2>\n    <div class=\"pozycja\">\n      <span>Wybielanie z\u0119b\u00f3w lamp\u0105 Beyond (w tym pasta po wybielaniu)<\/span>\n      <span>1150 z\u0142<\/span>\n    <\/div>\n    <div class=\"pozycja\">\n      <span>Nak\u0142adki do wybielania domowego (koszt wykonania skanu i nak\u0142adek, nie obejmuje preparat\u00f3w)<\/span>\n      <span>800 z\u0142<\/span>\n    <\/div>\n    <div class=\"pozycja\">\n      <span>Wybielanie z\u0119ba martwego<\/span>\n      <span>700 z\u0142<\/span>\n    <\/div>\n  <\/section>\n\n  <section class=\"cennik-sekcja animate\">\n    <h2>Endodoncja<\/h2>\n    <div class=\"pozycja\">\n      <span>Leczenie z\u0119ba jednokana\u0142owego<\/span>\n      <span>1000 z\u0142<\/span>\n    <\/div>\n    <div class=\"pozycja\">\n      <span>Leczenie z\u0119ba dwukana\u0142owego <\/span>\n      <span>1300 z\u0142<\/span>\n    <\/div>\n    <div class=\"pozycja\">\n      <span>Leczenie z\u0119ba trzykana\u0142owego<\/span>\n      <span>1600 z\u0142<\/span>\n    <\/div>\n    <div class=\"pozycja\">\n      <span>Leczenie z\u0119ba czterokana\u0142owego i wi\u0119cej <\/span>\n      <span>1800 z\u0142<\/span>\n    <\/div>\n    <div class=\"pozycja\">\n      <span>Usuni\u0119cie wk\u0142adu koronowo-korzeniowego lub z\u0142amanego narz\u0119dzia <\/span>\n      <span>350-400 z\u0142<\/span>\n    <\/div>\n    <div class=\"pozycja\">\n      <span>Powt\u00f3rne leczenie kana\u0142owe <\/span>\n      <span>120 z\u0142 od ka\u017cdego kana\u0142u<\/span>\n    <\/div>\n    <div class=\"odstep\" style=\"height: 30px;\"><\/div>\n    <div class=\"info-pozycja\">\n      <span><strong>Cena leczenia kana\u0142owego zawiera:<\/strong> zdj\u0119cie RTG, znieczulenie, opracowanie r\u0119czne, maszynowe i ultrad\u017awi\u0119kowe kana\u0142\u00f3w, wype\u0142nienie kana\u0142\u00f3w metod\u0105 kondensacji termicznej gutaperki. Cena nie uwzgl\u0119dnia odbudowy z\u0119ba przed oraz po leczeniu kana\u0142owym.<\/span>\n    <\/div>\n  <\/section>\n\n  <section class=\"cennik-sekcja animate\">\n    <h2>Protetyka<\/h2>\n    <div class=\"pozycja\">\n      <span>Konsultacja protetyczna z planem leczenia<\/span>\n      <span>300 z\u0142<\/span>\n    <\/div>\n    <div class=\"pozycja\">\n      <span>Konsultacja protetyczna z deprogramacj\u0105 i wyciskami <\/span>\n      <span>650 z\u0142<\/span>\n    <\/div>\n    <div class=\"pozycja\">\n      <span>Pierwsza kontrola protetyczna &#8211; wliczona w cen\u0119 zabiegu<\/span>\n      <span>0 z\u0142<\/span>\n    <\/div>\n    <div class=\"pozycja\">\n      <span>Wax-up diagnostyczny &#8211; cena za 1 z\u0105b <\/span>\n      <span>250 z\u0142<\/span>\n    <\/div>\n    <div class=\"pozycja\">\n      <span>Korona porcelanowa na podbudowie metalowej <\/span>\n      <span>1900 z\u0142<\/span>\n    <\/div>\n    <div class=\"pozycja\">\n      <span>Korona pe\u0142noceramiczna <\/span>\n      <span>2300 z\u0142<\/span>\n    <\/div>\n    <div class=\"pozycja\">\n      <span>Lic\u00f3wka porcelanowa <\/span>\n      <span>2400 z\u0142<\/span>\n    <\/div>\n    <div class=\"pozycja\">\n      <span>Implantokorona <\/span>\n      <span>2500-3500 z\u0142<\/span>\n    <\/div>\n    <div class=\"pozycja\">\n      <span>Proteza akrylowa ca\u0142kowita <\/span>\n      <span>2500-3500 z\u0142<\/span>\n    <\/div>\n    <div class=\"pozycja\">\n      <span>Proteza akrylowa cz\u0119\u015bciowa <\/span>\n      <span>1700-2500 z\u0142<\/span>\n    <\/div>\n    <div class=\"pozycja\">\n      <span>Mikroproteza 1-3 z\u0119b\u00f3w <\/span>\n      <span>1500 z\u0142<\/span>\n    <\/div>\n    <div class=\"pozycja\">\n      <span>Proteza szkieletowa <\/span>\n      <span>3500-5000 z\u0142<\/span>\n    <\/div>\n    <div class=\"pozycja\">\n      <span>Szyna zgryzowa Michigan <\/span>\n      <span>1350 z\u0142<\/span>\n    <\/div>\n    <div class=\"pozycja\">\n      <span>Szyna ochronna mi\u0119kko-twarda <\/span>\n      <span>700 z\u0142<\/span>\n    <\/div>\n    <div class=\"pozycja\">\n      <span>Wk\u0142ad koronowo-korzeniowy indywidualny (cerkon, metal) <\/span>\n      <span>1000-1200 z\u0142<\/span>\n    <\/div>\n    <div class=\"pozycja\">\n      <span>Korona tymczasowa (wykonana przez laboratorium &#8211; PMMA) <\/span>\n      <span>800 z\u0142<\/span>\n    <\/div>\n    <div class=\"pozycja\">\n      <span>Korona tymczasowa (wykonana w gabinecie) <\/span>\n      <span>200 z\u0142<\/span>\n    <\/div>\n    <div class=\"pozycja\">\n      <span>Zdj\u0119cie korony\/mostu <\/span>\n      <span>200 z\u0142 za punkt<\/span>\n    <\/div>\n    <div class=\"pozycja\">\n      <span>Osadzenie odcementowanej korony <\/span>\n      <span>300 z\u0142<\/span>\n    <\/div>\n    <div class=\"pozycja\">\n      <span>Inlay\/onlay porcelanowy <\/span>\n      <span>1800 z\u0142<\/span>\n    <\/div>\n    <div class=\"pozycja\">\n      <span>Inlay\/onlay hybrydowy <\/span>\n      <span>1500 z\u0142<\/span>\n    <\/div>\n    <div class=\"pozycja\">\n      <span>Inlay\/onlay kompozytowy <\/span>\n      <span>1100 z\u0142<\/span>\n    <\/div>\n    <div class=\"pozycja\">\n      <span>Technika iniekcyjna (flow injection za jeden z\u0105b) <\/span>\n      <span>300-750 z\u0142<\/span>\n    <\/div>\n  <\/section>\n\n  <section class=\"cennik-sekcja animate\">\n    <h2>Stomatologia dzieci\u0119ca<\/h2>\n    <div class=\"pozycja\">\n      <span>Wizyta adaptacyjna<\/span>\n      <span>200 z\u0142<\/span>\n    <\/div>\n    <div class=\"pozycja\">\n      <span>Lakowanie (1 z\u0105b)<\/span>\n      <span>200 z\u0142<\/span>\n    <\/div>\n    <div class=\"pozycja\">\n      <span>Fluoryzacja 1 \u0142uk<\/span>\n      <span>150 z\u0142<\/span>\n    <\/div>\n    <div class=\"pozycja\">\n      <span>Fluoryzacja 2 \u0142uki<\/span>\n      <span>300 z\u0142<\/span>\n    <\/div>\n    <div class=\"pozycja\">\n      <span>Wype\u0142nienie w z\u0119bie mlecznym (kompozytowe)<\/span>\n      <span>300 z\u0142<\/span>\n    <\/div>\n    <div class=\"pozycja\">\n      <span>Wype\u0142nienie w z\u0119bie mlecznym (glassjonomerowe) <\/span>\n      <span>280 z\u0142<\/span>\n    <\/div>\n    <div class=\"pozycja\">\n      <span>Wype\u0142nienie tymczasowe<\/span>\n      <span>200 z\u0142<\/span>\n    <\/div>\n    <div class=\"pozycja\">\n      <span>Leczenie amputacyjne<\/span>\n      <span>250 z\u0142<\/span>\n    <\/div>\n    <div class=\"pozycja\">\n      <span>Ekstrakcja z\u0119ba mlecznego<\/span>\n      <span>300 z\u0142<\/span>\n    <\/div>\n  <\/section>\n\n  <section class=\"cennik-sekcja animate\">\n    <h2>Ortodoncja<\/h2>\n    <div class=\"pozycja\">\n      <span>Konsultacja podstawowa<\/span>\n      <span>350 z\u0142<\/span>\n    <\/div>\n    <div class=\"pozycja\">\n      <span>Diagnostyka ortodontyczna<\/span>\n      <span>700 z\u0142<\/span>\n    <\/div>\n    <div class=\"pozycja\">\n      <span>Aparat sta\u0142y metalowy (1 \u0142uk)<\/span>\n      <span>2400 z\u0142<\/span>\n    <\/div>\n    <div class=\"pozycja\">\n      <span>Aparat sta\u0142y metalowy rodowany<\/span>\n      <span>2800 z\u0142<\/span>\n    <\/div>\n    <div class=\"pozycja\">\n      <span>Aparat sta\u0142y estetyczny<\/span>\n      <span>3200 z\u0142<\/span>\n    <\/div>\n    <div class=\"pozycja\">\n      <span> Aparat sta\u0142y szafirowy &#8211; superestetyczny<\/span>\n      <span>3500 z\u0142<\/span>\n    <\/div>\n    <div class=\"pozycja\">\n      <span>Aparat ruchomy jednoszcz\u0119kowy<\/span>\n      <span>1600 z\u0142<\/span>\n    <\/div>\n    <div class=\"pozycja\">\n      <span>Aparat ruchomy dwuszcz\u0119kowy<\/span>\n      <span>2000 z\u0142<\/span>\n    <\/div>\n    <div class=\"pozycja\">\n      <span>Retencja sta\u0142a<\/span>\n      <span>500 z\u0142<\/span>\n    <\/div>\n    <div class=\"pozycja\">\n      <span>Szyna\/P\u0142ytka retencyjna ruchoma<\/span>\n      <span>700 z\u0142<\/span>\n    <\/div>\n    <div class=\"pozycja\">\n      <span>Wizyta kontrolna (1 \u0142uk)<\/span>\n      <span>250 z\u0142<\/span>\n    <\/div>\n    <div class=\"pozycja\">\n      <span>Wizyta kontrolna (2 \u0142uki)<\/span>\n      <span>330 z\u0142<\/span>\n    <\/div>\n    <div class=\"pozycja\">\n      <span>Wizyta kontrolna aparat wyjmowany<\/span>\n      <span>240 z\u0142<\/span>\n    <\/div>\n    <div class=\"pozycja\">\n      <span>Wizyta kontrolna pacjent rosn\u0105cy bez aparatu<\/span>\n      <span>260 z\u0142<\/span>\n    <\/div>\n    <div class=\"pozycja\">\n      <span>Wizyta kontrolna retencji<\/span>\n      <span>260 z\u0142<\/span>\n    <\/div>\n    <div class=\"pozycja\">\n      <span>Wizyta awaryjna ( 20 min)<\/span>\n      <span>180 z\u0142<\/span>\n    <\/div>\n    <div class=\"pozycja\">\n      <span>Zdj\u0119cie aparatu<\/span>\n      <span>220 z\u0142<\/span>\n    <\/div>\n    <div class=\"pozycja\">\n      <span>Diagnostyka alignerowa<\/span>\n      <span>2000 z\u0142<\/span>\n    <\/div>\n    <div class=\"pozycja\">\n      <span>Leczenie uzupe\u0142niaj\u0105ce aligner\u00f3w, je\u015bli pakiet tego nie zapewnia (nowy skan)<\/span>\n      <span>800 z\u0142<\/span>\n    <\/div>\n    <div class=\"pozycja\">\n      <span>Nak\u0142adki invisalign &#8211; pakiet Comprehansive<\/span>\n      <span>23000 z\u0142<\/span>\n    <\/div>\n    <div class=\"pozycja\">\n      <span>Nak\u0142adki invisalign &#8211; pakiet Moderate<\/span>\n      <span>19000 z\u0142<\/span>\n    <\/div>\n    <div class=\"pozycja\">\n      <span>Nak\u0142adki invisalign &#8211; pakiet Touch- up<\/span>\n      <span>indywidualne rozliczenie w zale\u017cno\u015bci od liczby nak\u0142adek<\/span>\n    <\/div>\n    <div class=\"pozycja\">\n      <span>retencja Viviera 1 \u0142uk<\/span>\n      <span>1500 z\u0142<\/span>\n    <\/div>\n    <div class=\"pozycja\">\n      <span>retencja Viviera 2 \u0142uki<\/span>\n      <span>2000 z\u0142<\/span>\n    <\/div>\n    <div class=\"odstep\" style=\"height: 30px;\"><\/div>\n    <div class=\"info-pozycja\">\n      <span>W przypadku cz\u0119stych awarii zamk\u00f3w ortodontycznych oraz zgubienia przyklejenie nowego zamka uzale\u017cnione b\u0119dzie od jego ceny w hurtowni stomatologicznej ok 120-220 z\u0142<\/span>\n    <\/div>\n  <\/section>\n\n  <section class=\"cennik-sekcja animate\">\n    <h2>Chirurgia stomatologiczna<\/h2>\n    <div class=\"pozycja\">\n      <span>Konsultacja chirurgiczna<\/span>\n      <span>200 z\u0142<\/span>\n    <\/div>\n    <div class=\"pozycja\">\n      <span>Ekstrakcja z\u0119ba<\/span>\n      <span>400-750 z\u0142<\/span>\n    <\/div>\n    <div class=\"pozycja\">\n      <span>Ekstrakcja z\u0119ba zatrzymanego (w tym z\u0119b\u00f3w m\u0105dro\u015bci)<\/span>\n      <span>800-1200 z\u0142<\/span>\n    <\/div>\n    <div class=\"pozycja\">\n      <span>Wy\u0142uszczenie torbieli z badaniem histopatologicznym<\/span>\n      <span>od 500 z\u0142<\/span>\n    <\/div>\n    <div class=\"pozycja\">\n      <span>Resekcja wierzcho\u0142ka korzenia<\/span>\n      <span>1200-1500 z\u0142<\/span>\n    <\/div>\n    <div class=\"pozycja\">\n      <span> Usuni\u0119cie zmiany na b\u0142onie \u015bluzowej jamy ustnej z badaniem histopatologicznym<\/span>\n      <span>600 z\u0142<\/span>\n    <\/div>\n    <div class=\"pozycja\">\n      <span>Implantacja w nawigacji szablonem<\/span>\n      <span>3100-3500 z\u0142<\/span>\n    <\/div>\n    <div class=\"pozycja\">\n      <span>Podniesienie dna zatoki, regeneracja ko\u015bci<\/span>\n      <span>Wycena indywidualna<\/span>\n    <\/div>\n    <div class=\"pozycja\">\n      <span>Zastosowanie fibryny bogatop\u0142ytkowej do zabiegu<\/span>\n      <span>300 z\u0142<\/span>\n    <\/div>\n  <\/section>\n\n<\/div> <!-- Koniec kontenera -->\n<\/div>\n<\/div>\n<\/div>\n\n\n\n\n\n\n\n<p><\/p>","protected":false},"excerpt":{"rendered":"<p>Przegl\u0105d us\u0142ug stomatologicznych w przychodni Medesto z podaniem zakresu i koszt\u00f3w leczenia. Konsultacja Badanie stomatologiczne, plan leczenia 230 z\u0142 Przegl\u0105d stomatologiczny 150 z\u0142 Diagnostyka radiologiczna RTG pantomograficzne 150 z\u0142 RTG punktowe 60 z\u0142 Tomografia komputerowa CBCT &#8211; szcz\u0119ka i \u017cuchwa 350 z\u0142 Tomografia komputerowa CBCT &#8211; 1 \u0142uk 250 z\u0142 Tomografia komputerowa CBCT &#8211; endo [&hellip;]<\/p>","protected":false},"author":1,"featured_media":0,"parent":0,"menu_order":0,"comment_status":"closed","ping_status":"closed","template":"page-with-title","meta":{"_monsterinsights_skip_tracking":false,"_monsterinsights_sitenote_active":false,"_monsterinsights_sitenote_note":"","_monsterinsights_sitenote_category":0,"footnotes":""},"class_list":["post-2134","page","type-page","status-publish","hentry"],"aioseo_notices":[],"_links":{"self":[{"href":"https:\/\/new.medesto.pl\/en\/wp-json\/wp\/v2\/pages\/2134","targetHints":{"allow":["GET"]}}],"collection":[{"href":"https:\/\/new.medesto.pl\/en\/wp-json\/wp\/v2\/pages"}],"about":[{"href":"https:\/\/new.medesto.pl\/en\/wp-json\/wp\/v2\/types\/page"}],"author":[{"embeddable":true,"href":"https:\/\/new.medesto.pl\/en\/wp-json\/wp\/v2\/users\/1"}],"replies":[{"embeddable":true,"href":"https:\/\/new.medesto.pl\/en\/wp-json\/wp\/v2\/comments?post=2134"}],"version-history":[{"count":48,"href":"https:\/\/new.medesto.pl\/en\/wp-json\/wp\/v2\/pages\/2134\/revisions"}],"predecessor-version":[{"id":2834,"href":"https:\/\/new.medesto.pl\/en\/wp-json\/wp\/v2\/pages\/2134\/revisions\/2834"}],"wp:attachment":[{"href":"https:\/\/new.medesto.pl\/en\/wp-json\/wp\/v2\/media?parent=2134"}],"curies":[{"name":"wp","href":"https:\/\/api.w.org\/{rel}","templated":true}]}}