{"id":2133,"date":"2026-01-08T21:52:53","date_gmt":"2026-01-08T20:52:53","guid":{"rendered":"http:\/\/new.medesto.pl\/uslugi\/"},"modified":"2026-02-10T20:47:36","modified_gmt":"2026-02-10T19:47:36","slug":"uslugi","status":"publish","type":"page","link":"https:\/\/new.medesto.pl\/en\/uslugi\/","title":{"rendered":"Us\u0142ugi"},"content":{"rendered":"<div class=\"wp-block-group alignfull is-style-ext-preset--group--natural-1--section has-background-background-color has-background has-global-padding is-layout-constrained wp-container-core-group-is-layout-e955bbaf wp-block-group-is-layout-constrained\" id=\"uslugi\" style=\"margin-top:0;margin-bottom:0;padding-top:var(--wp--preset--spacing--70);padding-bottom:var(--wp--preset--spacing--70)\">\n<div class=\"wp-block-columns alignwide has-medium-font-size is-layout-flex wp-container-core-columns-is-layout-87beb0d0 wp-block-columns-is-layout-flex\">\n<div class=\"wp-block-column is-vertically-aligned-top is-layout-flow wp-block-column-is-layout-flow\" style=\"flex-basis:1800px\">\n<div class=\"wp-block-group alignwide is-vertical is-layout-flex wp-container-core-group-is-layout-831b81bf wp-block-group-is-layout-flex\" style=\"margin-top:0;margin-bottom:0;padding-top:0;padding-right:0;padding-bottom:0;padding-left:0\">\n<div class=\"wp-block-group has-global-padding is-layout-constrained wp-container-core-group-is-layout-7bfc0ace wp-block-group-is-layout-constrained\" style=\"font-size:clamp(0.875rem, 0.875rem + ((1vw - 0.2rem) * 0.25), 1rem);\">\n<p style=\"font-size:clamp(0.875rem, 0.875rem + ((1vw - 0.2rem) * 0.85), 1.3rem);line-height:1.5\">W gabinecie stomatologicznym <strong>Medesto<\/strong>&nbsp;oferujemy szeroki wachlarz us\u0142ug, dopasowanych do potrzeb ka\u017cdego pacjenta. Nasz\u0105 prac\u0119 zaczynamy od najwa\u017cniejszego etapu \u2013&nbsp;<strong>rzetelnej diagnostyki<\/strong>, kt\u00f3ra stanowi podstaw\u0119 skutecznego leczenia. Na jej bazie planujemy dalsze dzia\u0142ania, od profilaktyki i stomatologii zachowawczej, po zaawansowane i kompleksowe terapie.<\/p>\n\n\n\n<p style=\"font-size:clamp(0.875rem, 0.875rem + ((1vw - 0.2rem) * 0.85), 1.3rem);\">Poni\u017cej znajduje si\u0119 wykaz us\u0142ug dost\u0119pnych w naszym gabinecie wraz z kr\u00f3tkim opisem ka\u017cdej z nich. Dzi\u0119ki temu \u0142atwo sprawdzisz, w jakim zakresie mo\u017cemy Ci pom\u00f3c. Ka\u017cdy plan leczenia w Medesto jest&nbsp;<strong>indywidualnie dopasowany do pacjenta<\/strong>, jego stanu zdrowia, potrzeb oraz oczekiwa\u0144 \u2013 bo wierzymy, \u017ce skuteczna stomatologia zaczyna si\u0119 od uwa\u017cnego podej\u015bcia do cz\u0142owieka.<\/p>\n\n\n\n<div class=\"wp-block-group is-nowrap is-layout-flex wp-container-core-group-is-layout-6c531013 wp-block-group-is-layout-flex\"><\/div>\n<\/div>\n<\/div>\n\n\n\n<div class=\"wp-block-buttons is-layout-flex wp-block-buttons-is-layout-flex\">\n<div class=\"wp-block-button has-custom-width wp-block-button__width-75\"><a class=\"wp-block-button__link has-custom-font-size wp-element-button\" href=\"tel:+48604294088\" style=\"font-size:clamp(0.875rem, 0.875rem + ((1vw - 0.2rem) * 0.45), 1.1rem);\">Skontaktuj si\u0119 z nami: +48 604 294 088<\/a><\/div>\n<\/div>\n\n\n\n<div class=\"wp-block-group alignwide is-vertical is-layout-flex wp-container-core-group-is-layout-831b81bf wp-block-group-is-layout-flex\" style=\"margin-top:0;margin-bottom:0;padding-top:0;padding-right:0;padding-bottom:0;padding-left:0\">\n<div class=\"wp-block-group has-global-padding is-layout-constrained wp-container-core-group-is-layout-7bfc0ace wp-block-group-is-layout-constrained\" style=\"font-size:clamp(0.875rem, 0.875rem + ((1vw - 0.2rem) * 0.25), 1rem);\"><\/div>\n<\/div>\n<\/div>\n\n\n\n<div class=\"wp-block-column is-vertically-aligned-bottom is-layout-flow wp-block-column-is-layout-flow\" style=\"flex-basis:1000px\">\n<figure class=\"wp-block-image aligncenter size-full is-resized reveal-on-scroll is-style-ext-preset--image--soft-1--image-1--content-any is-style-ext-preset--image--soft-1--image-1--content-any--2\" style=\"margin-top:0;margin-right:0;margin-bottom:0;margin-left:0\"><img fetchpriority=\"high\" decoding=\"async\" width=\"1919\" height=\"2560\" src=\"http:\/\/new.medesto.pl\/wp-content\/uploads\/2026\/01\/0B4A3563-1-edited-scaled.jpg\" alt=\"0b4a3563\" class=\"wp-image-2452\" style=\"aspect-ratio:3\/4;object-fit:cover;width:600px\" title=\"Us\u0142ugi\" srcset=\"https:\/\/new.medesto.pl\/wp-content\/uploads\/2026\/01\/0B4A3563-1-edited-scaled.jpg 1919w, https:\/\/new.medesto.pl\/wp-content\/uploads\/2026\/01\/0B4A3563-1-edited-225x300.jpg 225w, https:\/\/new.medesto.pl\/wp-content\/uploads\/2026\/01\/0B4A3563-1-edited-768x1025.jpg 768w, https:\/\/new.medesto.pl\/wp-content\/uploads\/2026\/01\/0B4A3563-1-edited-1151x1536.jpg 1151w, https:\/\/new.medesto.pl\/wp-content\/uploads\/2026\/01\/0B4A3563-1-edited-1535x2048.jpg 1535w, https:\/\/new.medesto.pl\/wp-content\/uploads\/2026\/01\/0B4A3563-1-edited-9x12.jpg 9w\" sizes=\"(max-width: 1919px) 100vw, 1919px\" \/><\/figure>\n<\/div>\n<\/div>\n<\/div>\n\n\n\n<div class=\"wp-block-group alignfull is-style-ext-preset--group--natural-1--section has-tertiary-background-color has-background has-global-padding is-layout-constrained wp-container-core-group-is-layout-22c0ae63 wp-block-group-is-layout-constrained\" id=\"uslugi\" style=\"margin-top:0;margin-bottom:0;padding-top:var(--wp--preset--spacing--70);padding-bottom:var(--wp--preset--spacing--70)\">\n<div class=\"wp-block-group alignwide is-vertical is-content-justification-center is-layout-flex wp-container-core-group-is-layout-c9ee0c5a wp-block-group-is-layout-flex\">\n<div class=\"wp-block-group has-global-padding is-layout-constrained wp-container-core-group-is-layout-80eb0885 wp-block-group-is-layout-constrained\">\n<h2 class=\"wp-block-heading has-text-align-center\" style=\"font-size:clamp(28.836px, 1.802rem + ((1vw - 3.2px) * 2.646), 50px);\">Kompleksowa opieka stomatologiczna dla ca\u0142ej rodziny<\/h2>\n\n\n\n<p class=\"has-text-align-center\" style=\"font-size:clamp(0.875rem, 0.875rem + ((1vw - 0.2rem) * 0.85), 1.3rem);\">Zapoznaj si\u0119 z ofert\u0105 us\u0142ug dost\u0119pnych w naszym gabinecie:<\/p>\n<\/div>\n<\/div>\n\n\n\n<div class=\"wp-block-columns alignwide is-layout-flex wp-container-core-columns-is-layout-08c01c1c wp-block-columns-is-layout-flex\">\n<div class=\"wp-block-column is-layout-flow wp-block-column-is-layout-flow\">\n<div class=\"wp-block-group is-style-ext-preset--group--natural-1--item-card-1--align-center has-global-padding is-layout-constrained wp-block-group-is-layout-constrained is-style-ext-preset--group--natural-1--item-card-1--align-center--4\">\n<figure class=\"wp-block-image aligncenter size-full hover-img is-style-ext-preset--image--soft-1--image-1--content-any is-style-ext-preset--image--soft-1--image-1--content-any--5\"><a href=\"\/en\/stomatologia-zachowawcza\/\"><img decoding=\"async\" width=\"2000\" height=\"1334\" src=\"https:\/\/new.medesto.pl\/wp-content\/uploads\/2026\/02\/0B4A3542-edited-2.jpg\" alt=\"0b4a3542\" class=\"wp-image-2753\" style=\"aspect-ratio:1;object-fit:cover\" title=\"Us\u0142ugi\" srcset=\"https:\/\/new.medesto.pl\/wp-content\/uploads\/2026\/02\/0B4A3542-edited-2.jpg 2000w, https:\/\/new.medesto.pl\/wp-content\/uploads\/2026\/02\/0B4A3542-edited-2-300x200.jpg 300w, https:\/\/new.medesto.pl\/wp-content\/uploads\/2026\/02\/0B4A3542-edited-2-1024x683.jpg 1024w, https:\/\/new.medesto.pl\/wp-content\/uploads\/2026\/02\/0B4A3542-edited-2-768x512.jpg 768w, https:\/\/new.medesto.pl\/wp-content\/uploads\/2026\/02\/0B4A3542-edited-2-1536x1025.jpg 1536w, https:\/\/new.medesto.pl\/wp-content\/uploads\/2026\/02\/0B4A3542-edited-2-18x12.jpg 18w\" sizes=\"(max-width: 2000px) 100vw, 2000px\" \/><\/a><\/figure>\n\n\n\n<h2 class=\"wp-block-heading has-text-align-center\" style=\"font-size:clamp(0.984rem, 0.984rem + ((1vw - 0.2rem) * 1.032), 1.5rem);\">Stomatologia zachowawcza<\/h2>\n\n\n\n<div class=\"wp-block-group is-style-default has-global-padding is-layout-constrained wp-block-group-is-layout-constrained\">\n<p class=\"has-text-align-center\"><\/p>\n<\/div>\n<\/div>\n<\/div>\n\n\n\n<div class=\"wp-block-column is-layout-flow wp-block-column-is-layout-flow\">\n<div class=\"wp-block-group is-style-ext-preset--group--natural-1--item-card-1--align-center has-global-padding is-layout-constrained wp-block-group-is-layout-constrained is-style-ext-preset--group--natural-1--item-card-1--align-center--6\">\n<figure class=\"wp-block-image aligncenter size-full is-resized hover-img is-style-ext-preset--image--soft-1--image-1--content-any is-style-ext-preset--image--soft-1--image-1--content-any--7\"><a href=\"\/en\/protetyka-stomatologiczna\/\"><img decoding=\"async\" width=\"2560\" height=\"2560\" src=\"https:\/\/new.medesto.pl\/wp-content\/uploads\/2026\/02\/pexels-babydov-7788356-edited-1-scaled.jpg\" alt=\"pexels babydov 7788356\" class=\"wp-image-2779\" style=\"aspect-ratio:1;object-fit:cover;width:430px\" title=\"Us\u0142ugi\" srcset=\"https:\/\/new.medesto.pl\/wp-content\/uploads\/2026\/02\/pexels-babydov-7788356-edited-1-scaled.jpg 2560w, https:\/\/new.medesto.pl\/wp-content\/uploads\/2026\/02\/pexels-babydov-7788356-edited-1-300x300.jpg 300w, https:\/\/new.medesto.pl\/wp-content\/uploads\/2026\/02\/pexels-babydov-7788356-edited-1-1024x1024.jpg 1024w, https:\/\/new.medesto.pl\/wp-content\/uploads\/2026\/02\/pexels-babydov-7788356-edited-1-150x150.jpg 150w, https:\/\/new.medesto.pl\/wp-content\/uploads\/2026\/02\/pexels-babydov-7788356-edited-1-768x768.jpg 768w, https:\/\/new.medesto.pl\/wp-content\/uploads\/2026\/02\/pexels-babydov-7788356-edited-1-1536x1536.jpg 1536w, https:\/\/new.medesto.pl\/wp-content\/uploads\/2026\/02\/pexels-babydov-7788356-edited-1-2048x2048.jpg 2048w, https:\/\/new.medesto.pl\/wp-content\/uploads\/2026\/02\/pexels-babydov-7788356-edited-1-12x12.jpg 12w\" sizes=\"(max-width: 2560px) 100vw, 2560px\" \/><\/a><\/figure>\n\n\n\n<div class=\"wp-block-group is-style-default has-global-padding is-layout-constrained wp-block-group-is-layout-constrained\">\n<h3 class=\"wp-block-heading has-text-align-center\" style=\"font-size:clamp(0.984rem, 0.984rem + ((1vw - 0.2rem) * 1.032), 1.5rem);\">Protetyka stomatologiczna    <\/h3>\n\n\n\n<p class=\"has-text-align-center\"><\/p>\n<\/div>\n<\/div>\n<\/div>\n\n\n\n<div class=\"wp-block-column is-layout-flow wp-block-column-is-layout-flow\">\n<div class=\"wp-block-group is-style-ext-preset--group--natural-1--item-card-1--align-center has-global-padding is-layout-constrained wp-block-group-is-layout-constrained is-style-ext-preset--group--natural-1--item-card-1--align-center--8\">\n<figure class=\"wp-block-image aligncenter size-full is-resized hover-img is-style-ext-preset--image--soft-1--image-1--content-any is-style-ext-preset--image--soft-1--image-1--content-any--9\"><a href=\"\/en\/endodoncja\/\"><img loading=\"lazy\" decoding=\"async\" width=\"1433\" height=\"1433\" src=\"https:\/\/new.medesto.pl\/wp-content\/uploads\/2026\/02\/FEFF9004-edited-3.jpg\" alt=\"feff9004\" class=\"wp-image-2780\" style=\"aspect-ratio:1;object-fit:cover;width:430px\" title=\"Us\u0142ugi\" srcset=\"https:\/\/new.medesto.pl\/wp-content\/uploads\/2026\/02\/FEFF9004-edited-3.jpg 1433w, https:\/\/new.medesto.pl\/wp-content\/uploads\/2026\/02\/FEFF9004-edited-3-300x300.jpg 300w, https:\/\/new.medesto.pl\/wp-content\/uploads\/2026\/02\/FEFF9004-edited-3-1024x1024.jpg 1024w, https:\/\/new.medesto.pl\/wp-content\/uploads\/2026\/02\/FEFF9004-edited-3-150x150.jpg 150w, https:\/\/new.medesto.pl\/wp-content\/uploads\/2026\/02\/FEFF9004-edited-3-768x768.jpg 768w, https:\/\/new.medesto.pl\/wp-content\/uploads\/2026\/02\/FEFF9004-edited-3-12x12.jpg 12w\" sizes=\"(max-width: 1433px) 100vw, 1433px\" \/><\/a><\/figure>\n\n\n\n<h3 class=\"wp-block-heading has-text-align-center\" style=\"margin-right:0px;margin-left:0px;font-size:clamp(0.984rem, 0.984rem + ((1vw - 0.2rem) * 1.032), 1.5rem);\">Endodoncja    <\/h3>\n\n\n\n<div class=\"wp-block-group is-style-default has-global-padding is-layout-constrained wp-block-group-is-layout-constrained\">\n<p class=\"has-text-align-center\"><\/p>\n<\/div>\n<\/div>\n<\/div>\n<\/div>\n\n\n\n<div class=\"wp-block-columns alignwide is-layout-flex wp-container-core-columns-is-layout-08c01c1c wp-block-columns-is-layout-flex\">\n<div class=\"wp-block-column is-layout-flow wp-block-column-is-layout-flow\">\n<div class=\"wp-block-group is-style-ext-preset--group--natural-1--item-card-1--align-center has-global-padding is-layout-constrained wp-block-group-is-layout-constrained is-style-ext-preset--group--natural-1--item-card-1--align-center--10\">\n<figure class=\"wp-block-image aligncenter size-full is-resized hover-img is-style-ext-preset--image--soft-1--image-1--content-any is-style-ext-preset--image--soft-1--image-1--content-any--11\"><a href=\"\/en\/chirurgia-stomatologiczna\/\"><img loading=\"lazy\" decoding=\"async\" width=\"2560\" height=\"2560\" src=\"https:\/\/new.medesto.pl\/wp-content\/uploads\/2026\/02\/pexels-karola-g-6627566-edited-1-scaled.jpg\" alt=\"pexels karola g 6627566\" class=\"wp-image-2761\" style=\"aspect-ratio:1;object-fit:cover;width:430px\" title=\"Us\u0142ugi\" srcset=\"https:\/\/new.medesto.pl\/wp-content\/uploads\/2026\/02\/pexels-karola-g-6627566-edited-1-scaled.jpg 2560w, https:\/\/new.medesto.pl\/wp-content\/uploads\/2026\/02\/pexels-karola-g-6627566-edited-1-300x300.jpg 300w, https:\/\/new.medesto.pl\/wp-content\/uploads\/2026\/02\/pexels-karola-g-6627566-edited-1-1024x1024.jpg 1024w, https:\/\/new.medesto.pl\/wp-content\/uploads\/2026\/02\/pexels-karola-g-6627566-edited-1-150x150.jpg 150w, https:\/\/new.medesto.pl\/wp-content\/uploads\/2026\/02\/pexels-karola-g-6627566-edited-1-768x768.jpg 768w, https:\/\/new.medesto.pl\/wp-content\/uploads\/2026\/02\/pexels-karola-g-6627566-edited-1-1536x1536.jpg 1536w, https:\/\/new.medesto.pl\/wp-content\/uploads\/2026\/02\/pexels-karola-g-6627566-edited-1-2048x2048.jpg 2048w, https:\/\/new.medesto.pl\/wp-content\/uploads\/2026\/02\/pexels-karola-g-6627566-edited-1-12x12.jpg 12w\" sizes=\"(max-width: 2560px) 100vw, 2560px\" \/><\/a><\/figure>\n\n\n\n<div class=\"wp-block-group is-style-default has-global-padding is-layout-constrained wp-block-group-is-layout-constrained\">\n<h3 class=\"wp-block-heading has-text-align-center\" style=\"font-size:clamp(0.984rem, 0.984rem + ((1vw - 0.2rem) * 1.032), 1.5rem);\">Chirurgia stomatologiczna   <\/h3>\n\n\n\n<p class=\"has-text-align-center\"><\/p>\n<\/div>\n<\/div>\n<\/div>\n\n\n\n<div class=\"wp-block-column is-layout-flow wp-block-column-is-layout-flow\">\n<div class=\"wp-block-group is-style-ext-preset--group--natural-1--item-card-1--align-center has-global-padding is-layout-constrained wp-block-group-is-layout-constrained is-style-ext-preset--group--natural-1--item-card-1--align-center--12\">\n<figure class=\"wp-block-image aligncenter size-full is-resized hover-img is-style-ext-preset--image--soft-1--image-1--content-any is-style-ext-preset--image--soft-1--image-1--content-any--13\"><a href=\"\/en\/ortodoncja\/\"><img loading=\"lazy\" decoding=\"async\" width=\"2000\" height=\"2000\" src=\"https:\/\/new.medesto.pl\/wp-content\/uploads\/2026\/02\/FEFF9246-edited-1.jpg\" alt=\"feff9246\" class=\"wp-image-2762\" style=\"aspect-ratio:1;object-fit:cover;width:430px\" title=\"Us\u0142ugi\" srcset=\"https:\/\/new.medesto.pl\/wp-content\/uploads\/2026\/02\/FEFF9246-edited-1.jpg 2000w, https:\/\/new.medesto.pl\/wp-content\/uploads\/2026\/02\/FEFF9246-edited-1-300x300.jpg 300w, https:\/\/new.medesto.pl\/wp-content\/uploads\/2026\/02\/FEFF9246-edited-1-1024x1024.jpg 1024w, https:\/\/new.medesto.pl\/wp-content\/uploads\/2026\/02\/FEFF9246-edited-1-150x150.jpg 150w, https:\/\/new.medesto.pl\/wp-content\/uploads\/2026\/02\/FEFF9246-edited-1-768x768.jpg 768w, https:\/\/new.medesto.pl\/wp-content\/uploads\/2026\/02\/FEFF9246-edited-1-1536x1536.jpg 1536w, https:\/\/new.medesto.pl\/wp-content\/uploads\/2026\/02\/FEFF9246-edited-1-12x12.jpg 12w\" sizes=\"(max-width: 2000px) 100vw, 2000px\" \/><\/a><\/figure>\n\n\n\n<div class=\"wp-block-group is-style-default has-global-padding is-layout-constrained wp-block-group-is-layout-constrained\">\n<h3 class=\"wp-block-heading has-text-align-center\" style=\"font-size:clamp(0.984rem, 0.984rem + ((1vw - 0.2rem) * 1.032), 1.5rem);\">Ortodoncja   <\/h3>\n\n\n\n<p class=\"has-text-align-center\"><\/p>\n<\/div>\n<\/div>\n<\/div>\n\n\n\n<div class=\"wp-block-column is-layout-flow wp-block-column-is-layout-flow\">\n<div class=\"wp-block-group is-style-ext-preset--group--natural-1--item-card-1--align-center has-global-padding is-layout-constrained wp-block-group-is-layout-constrained is-style-ext-preset--group--natural-1--item-card-1--align-center--14\">\n<figure class=\"wp-block-image aligncenter size-full is-resized hover-img is-style-ext-preset--image--soft-1--image-1--content-any is-style-ext-preset--image--soft-1--image-1--content-any--15\"><a href=\"\/en\/implantologia\/\"><img loading=\"lazy\" decoding=\"async\" width=\"1707\" height=\"2560\" src=\"http:\/\/new.medesto.pl\/wp-content\/uploads\/2026\/02\/pexels-cottonbro-6502306-scaled.jpg\" alt=\"pexels cottonbro 6502306\" class=\"wp-image-2763\" style=\"aspect-ratio:1;object-fit:cover;width:430px\" title=\"Us\u0142ugi\" srcset=\"https:\/\/new.medesto.pl\/wp-content\/uploads\/2026\/02\/pexels-cottonbro-6502306-scaled.jpg 1707w, https:\/\/new.medesto.pl\/wp-content\/uploads\/2026\/02\/pexels-cottonbro-6502306-200x300.jpg 200w, https:\/\/new.medesto.pl\/wp-content\/uploads\/2026\/02\/pexels-cottonbro-6502306-683x1024.jpg 683w, https:\/\/new.medesto.pl\/wp-content\/uploads\/2026\/02\/pexels-cottonbro-6502306-768x1152.jpg 768w, https:\/\/new.medesto.pl\/wp-content\/uploads\/2026\/02\/pexels-cottonbro-6502306-1024x1536.jpg 1024w, https:\/\/new.medesto.pl\/wp-content\/uploads\/2026\/02\/pexels-cottonbro-6502306-1365x2048.jpg 1365w, https:\/\/new.medesto.pl\/wp-content\/uploads\/2026\/02\/pexels-cottonbro-6502306-8x12.jpg 8w\" sizes=\"(max-width: 1707px) 100vw, 1707px\" \/><\/a><\/figure>\n\n\n\n<div class=\"wp-block-group is-style-default has-global-padding is-layout-constrained wp-block-group-is-layout-constrained\">\n<h3 class=\"wp-block-heading has-text-align-center\" style=\"font-size:clamp(0.984rem, 0.984rem + ((1vw - 0.2rem) * 1.032), 1.5rem);\">Implantologia<\/h3>\n\n\n\n<p class=\"has-text-align-center\"><\/p>\n<\/div>\n<\/div>\n<\/div>\n<\/div>\n\n\n\n<div class=\"wp-block-group alignfull is-style-ext-preset--group--natural-1--section has-tertiary-background-color has-background has-global-padding is-layout-constrained wp-container-core-group-is-layout-e955bbaf wp-block-group-is-layout-constrained\" id=\"uslugi\" style=\"margin-top:0;margin-bottom:0;padding-top:var(--wp--preset--spacing--70);padding-bottom:var(--wp--preset--spacing--70)\">\n<div class=\"wp-block-columns alignwide is-layout-flex wp-container-core-columns-is-layout-08c01c1c wp-block-columns-is-layout-flex\">\n<div class=\"wp-block-column is-layout-flow wp-block-column-is-layout-flow\">\n<div class=\"wp-block-group is-style-ext-preset--group--natural-1--item-card-1--align-center has-global-padding is-layout-constrained wp-block-group-is-layout-constrained is-style-ext-preset--group--natural-1--item-card-1--align-center--17\">\n<figure class=\"wp-block-image aligncenter size-full is-resized hover-img is-style-ext-preset--image--soft-1--image-1--content-any is-style-ext-preset--image--soft-1--image-1--content-any--18\"><a href=\"\/en\/profilaktyka\/\"><img loading=\"lazy\" decoding=\"async\" width=\"2560\" height=\"2560\" src=\"https:\/\/new.medesto.pl\/wp-content\/uploads\/2026\/02\/pexels-gustavo-fring-5622020-edited-scaled.jpg\" alt=\"pexels gustavo fring 5622020\" class=\"wp-image-2770\" style=\"aspect-ratio:1;object-fit:cover;width:430px\" title=\"Us\u0142ugi\" srcset=\"https:\/\/new.medesto.pl\/wp-content\/uploads\/2026\/02\/pexels-gustavo-fring-5622020-edited-scaled.jpg 2560w, https:\/\/new.medesto.pl\/wp-content\/uploads\/2026\/02\/pexels-gustavo-fring-5622020-edited-300x300.jpg 300w, https:\/\/new.medesto.pl\/wp-content\/uploads\/2026\/02\/pexels-gustavo-fring-5622020-edited-1024x1024.jpg 1024w, https:\/\/new.medesto.pl\/wp-content\/uploads\/2026\/02\/pexels-gustavo-fring-5622020-edited-150x150.jpg 150w, https:\/\/new.medesto.pl\/wp-content\/uploads\/2026\/02\/pexels-gustavo-fring-5622020-edited-768x768.jpg 768w, https:\/\/new.medesto.pl\/wp-content\/uploads\/2026\/02\/pexels-gustavo-fring-5622020-edited-1536x1536.jpg 1536w, https:\/\/new.medesto.pl\/wp-content\/uploads\/2026\/02\/pexels-gustavo-fring-5622020-edited-2048x2048.jpg 2048w, https:\/\/new.medesto.pl\/wp-content\/uploads\/2026\/02\/pexels-gustavo-fring-5622020-edited-12x12.jpg 12w\" sizes=\"(max-width: 2560px) 100vw, 2560px\" \/><\/a><\/figure>\n\n\n\n<div class=\"wp-block-group is-style-default has-global-padding is-layout-constrained wp-block-group-is-layout-constrained\">\n<h3 class=\"wp-block-heading has-text-align-center\" style=\"font-size:clamp(0.984rem, 0.984rem + ((1vw - 0.2rem) * 1.032), 1.5rem);\">Profilaktyka     <\/h3>\n\n\n\n<p class=\"has-text-align-center\"><\/p>\n<\/div>\n<\/div>\n<\/div>\n\n\n\n<div class=\"wp-block-column is-layout-flow wp-block-column-is-layout-flow\">\n<div class=\"wp-block-group is-style-ext-preset--group--natural-1--item-card-1--align-center has-global-padding is-layout-constrained wp-block-group-is-layout-constrained is-style-ext-preset--group--natural-1--item-card-1--align-center--19\">\n<figure class=\"wp-block-image aligncenter size-full is-resized hover-img is-style-ext-preset--image--soft-1--image-1--content-any is-style-ext-preset--image--soft-1--image-1--content-any--20\"><a href=\"\/en\/pracownia-rtg\/\"><img loading=\"lazy\" decoding=\"async\" width=\"2000\" height=\"2000\" src=\"https:\/\/new.medesto.pl\/wp-content\/uploads\/2026\/02\/0B4A3709-edited.jpeg\" alt=\"0b4a3709\" class=\"wp-image-2765\" style=\"aspect-ratio:1;object-fit:cover;width:430px\" title=\"Us\u0142ugi\" srcset=\"https:\/\/new.medesto.pl\/wp-content\/uploads\/2026\/02\/0B4A3709-edited.jpeg 2000w, https:\/\/new.medesto.pl\/wp-content\/uploads\/2026\/02\/0B4A3709-edited-300x300.jpeg 300w, https:\/\/new.medesto.pl\/wp-content\/uploads\/2026\/02\/0B4A3709-edited-1024x1024.jpeg 1024w, https:\/\/new.medesto.pl\/wp-content\/uploads\/2026\/02\/0B4A3709-edited-150x150.jpeg 150w, https:\/\/new.medesto.pl\/wp-content\/uploads\/2026\/02\/0B4A3709-edited-768x768.jpeg 768w, https:\/\/new.medesto.pl\/wp-content\/uploads\/2026\/02\/0B4A3709-edited-1536x1536.jpeg 1536w, https:\/\/new.medesto.pl\/wp-content\/uploads\/2026\/02\/0B4A3709-edited-12x12.jpeg 12w\" sizes=\"(max-width: 2000px) 100vw, 2000px\" \/><\/a><\/figure>\n\n\n\n<div class=\"wp-block-group is-style-default has-global-padding is-layout-constrained wp-block-group-is-layout-constrained\">\n<h3 class=\"wp-block-heading has-text-align-center\" style=\"font-size:clamp(0.984rem, 0.984rem + ((1vw - 0.2rem) * 1.032), 1.5rem);\">Pracownia rtg   <\/h3>\n\n\n\n<p class=\"has-text-align-center\"><\/p>\n<\/div>\n<\/div>\n<\/div>\n\n\n\n<div class=\"wp-block-column is-layout-flow wp-block-column-is-layout-flow\">\n<div class=\"wp-block-group is-style-ext-preset--group--natural-1--item-card-1--align-center has-global-padding is-layout-constrained wp-block-group-is-layout-constrained is-style-ext-preset--group--natural-1--item-card-1--align-center--21\">\n<figure class=\"wp-block-image aligncenter size-full is-resized hover-img is-style-ext-preset--image--soft-1--image-1--content-any is-style-ext-preset--image--soft-1--image-1--content-any--22\"><a href=\"\/en\/wybielanie-zebow\/\"><img loading=\"lazy\" decoding=\"async\" width=\"1707\" height=\"2560\" src=\"http:\/\/new.medesto.pl\/wp-content\/uploads\/2026\/02\/pexels-karola-g-6627599-scaled.jpg\" alt=\"pexels karola g 6627599\" class=\"wp-image-2619\" style=\"aspect-ratio:1;object-fit:cover;width:430px\" title=\"Us\u0142ugi\" srcset=\"https:\/\/new.medesto.pl\/wp-content\/uploads\/2026\/02\/pexels-karola-g-6627599-scaled.jpg 1707w, https:\/\/new.medesto.pl\/wp-content\/uploads\/2026\/02\/pexels-karola-g-6627599-200x300.jpg 200w, https:\/\/new.medesto.pl\/wp-content\/uploads\/2026\/02\/pexels-karola-g-6627599-683x1024.jpg 683w, https:\/\/new.medesto.pl\/wp-content\/uploads\/2026\/02\/pexels-karola-g-6627599-768x1152.jpg 768w, https:\/\/new.medesto.pl\/wp-content\/uploads\/2026\/02\/pexels-karola-g-6627599-1024x1536.jpg 1024w, https:\/\/new.medesto.pl\/wp-content\/uploads\/2026\/02\/pexels-karola-g-6627599-1365x2048.jpg 1365w, https:\/\/new.medesto.pl\/wp-content\/uploads\/2026\/02\/pexels-karola-g-6627599-8x12.jpg 8w\" sizes=\"(max-width: 1707px) 100vw, 1707px\" \/><\/a><\/figure>\n\n\n\n<div class=\"wp-block-group is-style-default has-global-padding is-layout-constrained wp-block-group-is-layout-constrained\">\n<h3 class=\"wp-block-heading has-text-align-center\" style=\"font-size:clamp(0.984rem, 0.984rem + ((1vw - 0.2rem) * 1.032), 1.5rem);\">Wybielanie z\u0119b\u00f3w   <\/h3>\n\n\n\n<p class=\"has-text-align-center\"><\/p>\n<\/div>\n<\/div>\n<\/div>\n<\/div>\n<\/div>\n<\/div>","protected":false},"excerpt":{"rendered":"<p>W gabinecie stomatologicznym Medesto&nbsp;oferujemy szeroki wachlarz us\u0142ug, dopasowanych do potrzeb ka\u017cdego pacjenta. Nasz\u0105 prac\u0119 zaczynamy od najwa\u017cniejszego etapu \u2013&nbsp;rzetelnej diagnostyki, kt\u00f3ra stanowi podstaw\u0119 skutecznego leczenia. Na jej bazie planujemy dalsze dzia\u0142ania, od profilaktyki i stomatologii zachowawczej, po zaawansowane i kompleksowe terapie. Poni\u017cej znajduje si\u0119 wykaz us\u0142ug dost\u0119pnych w naszym gabinecie wraz z kr\u00f3tkim opisem ka\u017cdej [&hellip;]<\/p>","protected":false},"author":1,"featured_media":0,"parent":0,"menu_order":0,"comment_status":"closed","ping_status":"closed","template":"page-with-title","meta":{"_monsterinsights_skip_tracking":false,"_monsterinsights_sitenote_active":false,"_monsterinsights_sitenote_note":"","_monsterinsights_sitenote_category":0,"footnotes":""},"class_list":["post-2133","page","type-page","status-publish","hentry"],"aioseo_notices":[],"_links":{"self":[{"href":"https:\/\/new.medesto.pl\/en\/wp-json\/wp\/v2\/pages\/2133","targetHints":{"allow":["GET"]}}],"collection":[{"href":"https:\/\/new.medesto.pl\/en\/wp-json\/wp\/v2\/pages"}],"about":[{"href":"https:\/\/new.medesto.pl\/en\/wp-json\/wp\/v2\/types\/page"}],"author":[{"embeddable":true,"href":"https:\/\/new.medesto.pl\/en\/wp-json\/wp\/v2\/users\/1"}],"replies":[{"embeddable":true,"href":"https:\/\/new.medesto.pl\/en\/wp-json\/wp\/v2\/comments?post=2133"}],"version-history":[{"count":37,"href":"https:\/\/new.medesto.pl\/en\/wp-json\/wp\/v2\/pages\/2133\/revisions"}],"predecessor-version":[{"id":2820,"href":"https:\/\/new.medesto.pl\/en\/wp-json\/wp\/v2\/pages\/2133\/revisions\/2820"}],"wp:attachment":[{"href":"https:\/\/new.medesto.pl\/en\/wp-json\/wp\/v2\/media?parent=2133"}],"curies":[{"name":"wp","href":"https:\/\/api.w.org\/{rel}","templated":true}]}}