{"id":2131,"date":"2026-01-08T21:52:51","date_gmt":"2026-01-08T20:52:51","guid":{"rendered":"http:\/\/new.medesto.pl\/o-nas\/"},"modified":"2026-01-17T20:22:20","modified_gmt":"2026-01-17T19:22:20","slug":"o-nas","status":"publish","type":"page","link":"https:\/\/new.medesto.pl\/en\/o-nas\/","title":{"rendered":"O nas"},"content":{"rendered":"<div class=\"wp-block-group alignfull is-style-ext-preset--group--natural-1--section has-global-padding is-layout-constrained wp-container-core-group-is-layout-e955bbaf wp-block-group-is-layout-constrained\" style=\"margin-top:0;margin-bottom:0;padding-top:var(--wp--preset--spacing--70);padding-bottom:var(--wp--preset--spacing--70)\">\n<div class=\"wp-block-columns alignwide has-medium-font-size is-layout-flex wp-container-core-columns-is-layout-87beb0d0 wp-block-columns-is-layout-flex\">\n<div class=\"wp-block-column is-vertically-aligned-top is-layout-flow wp-block-column-is-layout-flow\" style=\"font-size:clamp(0.875rem, 0.875rem + ((1vw - 0.2rem) * 0.85), 1.3rem);flex-basis:2000px\">\n<div class=\"wp-block-group alignwide is-vertical is-layout-flex wp-container-core-group-is-layout-831b81bf wp-block-group-is-layout-flex\" style=\"margin-top:0;margin-bottom:0;padding-top:0;padding-right:0;padding-bottom:0;padding-left:0\">\n<div class=\"wp-block-group has-global-padding is-layout-constrained wp-container-core-group-is-layout-7bfc0ace wp-block-group-is-layout-constrained\" style=\"font-size:clamp(0.875rem, 0.875rem + ((1vw - 0.2rem) * 0.25), 1rem);\">\n<p><\/p>\n\n\n\n<p style=\"font-size:clamp(0.875rem, 0.875rem + ((1vw - 0.2rem) * 0.85), 1.3rem);\">Przychodnia stomatologiczna <strong>Medesto<\/strong> zosta\u0142a za\u0142o\u017cona w 2015 roku przez <strong>dr Izabel\u0119 Frejlich<\/strong> jako kontynuacja gabinetu dzia\u0142aj\u0105cego wcze\u015bniej przy ul. G\u00f3rniczej. Z niewielkiego, jednostanowiskowego gabinetu powsta\u0142o nowoczesne centrum stomatologiczne oferuj\u0105ce kompleksow\u0105 opiek\u0119 w kilku gabinetach, z w\u0142asn\u0105 pracowni\u0105 RTG oraz zapleczem lekarskim.<\/p>\n\n\n\n<p style=\"font-size:clamp(0.875rem, 0.875rem + ((1vw - 0.2rem) * 0.85), 1.3rem);\">W Medesto pracuje zesp\u00f3\u0142 do\u015bwiadczonych stomatolog\u00f3w, kt\u00f3rych \u0142\u0105czy wsp\u00f3lny cel: troska o zdrowie, estetyk\u0119 i dobre samopoczucie ka\u017cdego Pacjenta.&nbsp;<\/p>\n\n\n\n<p style=\"font-size:clamp(0.875rem, 0.875rem + ((1vw - 0.2rem) * 0.85), 1.3rem);\">Nasz\u0105 misj\u0105 jest tworzenie miejsca, w kt\u00f3rym <strong>profesjonalnie zatrzymujemy czas, przywracaj\u0105c zdrowy i promienny u\u015bmiech<\/strong>, w przyjaznej atmosferze i z wykorzystaniem nowoczesnych technologii.<\/p>\n\n\n\n<p style=\"font-size:clamp(0.875rem, 0.875rem + ((1vw - 0.2rem) * 0.85), 1.3rem);\">Stawiamy na ci\u0105g\u0142y rozw\u00f3j, uczestnictwo w szkoleniach i kongresach oraz stosowanie innowacyjnych rozwi\u0105za\u0144 w leczeniu.<br><strong>Medesto to nasze \u017cycie i pasja<\/strong> \u2013 \u017ar\u00f3d\u0142o ogromnej satysfakcji, gdy mo\u017cemy pomaga\u0107 spe\u0142nia\u0107 marzenia naszych Pacjent\u00f3w o pi\u0119knym u\u015bmiechu.<\/p>\n<\/div>\n<\/div>\n<\/div>\n\n\n\n<div class=\"wp-block-column is-vertically-aligned-center is-layout-flow wp-block-column-is-layout-flow\" style=\"flex-basis:1000px\">\n<figure class=\"wp-block-image alignleft size-full is-resized reveal-on-scroll is-style-ext-preset--image--soft-1--image-1--content-any is-style-ext-preset--image--soft-1--image-1--content-any--2\" style=\"margin-top:0;margin-right:0;margin-bottom:0;margin-left:0\"><img fetchpriority=\"high\" decoding=\"async\" width=\"1708\" height=\"2560\" src=\"http:\/\/new.medesto.pl\/wp-content\/uploads\/2026\/01\/FEFF8943-scaled.jpg\" alt=\"feff8943\" class=\"wp-image-2364\" style=\"aspect-ratio:3\/4;object-fit:cover;width:600px\" title=\"O nas\" srcset=\"https:\/\/new.medesto.pl\/wp-content\/uploads\/2026\/01\/FEFF8943-scaled.jpg 1708w, https:\/\/new.medesto.pl\/wp-content\/uploads\/2026\/01\/FEFF8943-200x300.jpg 200w, https:\/\/new.medesto.pl\/wp-content\/uploads\/2026\/01\/FEFF8943-683x1024.jpg 683w, https:\/\/new.medesto.pl\/wp-content\/uploads\/2026\/01\/FEFF8943-768x1151.jpg 768w, https:\/\/new.medesto.pl\/wp-content\/uploads\/2026\/01\/FEFF8943-1025x1536.jpg 1025w, https:\/\/new.medesto.pl\/wp-content\/uploads\/2026\/01\/FEFF8943-1366x2048.jpg 1366w, https:\/\/new.medesto.pl\/wp-content\/uploads\/2026\/01\/FEFF8943-8x12.jpg 8w\" sizes=\"(max-width: 1708px) 100vw, 1708px\" \/><\/figure>\n<\/div>\n<\/div>\n<\/div>\n\n\n\n\n\n<p><\/p>","protected":false},"excerpt":{"rendered":"<p>Przychodnia stomatologiczna Medesto zosta\u0142a za\u0142o\u017cona w 2015 roku przez dr Izabel\u0119 Frejlich jako kontynuacja gabinetu dzia\u0142aj\u0105cego wcze\u015bniej przy ul. G\u00f3rniczej. Z niewielkiego, jednostanowiskowego gabinetu powsta\u0142o nowoczesne centrum stomatologiczne oferuj\u0105ce kompleksow\u0105 opiek\u0119 w kilku gabinetach, z w\u0142asn\u0105 pracowni\u0105 RTG oraz zapleczem lekarskim. W Medesto pracuje zesp\u00f3\u0142 do\u015bwiadczonych stomatolog\u00f3w, kt\u00f3rych \u0142\u0105czy wsp\u00f3lny cel: troska o zdrowie, estetyk\u0119 [&hellip;]<\/p>","protected":false},"author":1,"featured_media":0,"parent":0,"menu_order":0,"comment_status":"closed","ping_status":"closed","template":"page-with-title","meta":{"_monsterinsights_skip_tracking":false,"_monsterinsights_sitenote_active":false,"_monsterinsights_sitenote_note":"","_monsterinsights_sitenote_category":0,"footnotes":""},"class_list":["post-2131","page","type-page","status-publish","hentry"],"aioseo_notices":[],"_links":{"self":[{"href":"https:\/\/new.medesto.pl\/en\/wp-json\/wp\/v2\/pages\/2131","targetHints":{"allow":["GET"]}}],"collection":[{"href":"https:\/\/new.medesto.pl\/en\/wp-json\/wp\/v2\/pages"}],"about":[{"href":"https:\/\/new.medesto.pl\/en\/wp-json\/wp\/v2\/types\/page"}],"author":[{"embeddable":true,"href":"https:\/\/new.medesto.pl\/en\/wp-json\/wp\/v2\/users\/1"}],"replies":[{"embeddable":true,"href":"https:\/\/new.medesto.pl\/en\/wp-json\/wp\/v2\/comments?post=2131"}],"version-history":[{"count":29,"href":"https:\/\/new.medesto.pl\/en\/wp-json\/wp\/v2\/pages\/2131\/revisions"}],"predecessor-version":[{"id":2538,"href":"https:\/\/new.medesto.pl\/en\/wp-json\/wp\/v2\/pages\/2131\/revisions\/2538"}],"wp:attachment":[{"href":"https:\/\/new.medesto.pl\/en\/wp-json\/wp\/v2\/media?parent=2131"}],"curies":[{"name":"wp","href":"https:\/\/api.w.org\/{rel}","templated":true}]}}